{"id":244479,"date":"2022-10-21T01:44:27","date_gmt":"2022-10-20T23:44:27","guid":{"rendered":"http:\/\/dev.claret.cat\/producte\/mister-garabato\/"},"modified":"2023-06-14T16:57:36","modified_gmt":"2023-06-14T14:57:36","slug":"mister-garabato-9788416223312","status":"publish","type":"product","link":"https:\/\/www.claret.cat\/es\/libro\/mister-garabato-9788416223312\/","title":{"rendered":"M\u00cdSTER GARABATO"},"content":{"rendered":"<p>Un garabato puede ser un simple trazo descuidado o el inicio de una gran idea, y M\u00edster Garabato no tiene tan claro cu\u00e1l de las dos cosas es. Cuando se topa con la se\u00f1ora Milanata, empieza una aventura donde tendr\u00e1 que sacar todo el valor para poder salirse con la suya. \u00bfLo conseguir\u00e1?<\/p>\n","protected":false},"excerpt":{"rendered":"<p>LYONA \/ MARCUS<\/p>\n","protected":false},"featured_media":244480,"template":"","meta":{"_acf_changed":false,"om_disable_all_campaigns":false,"rs_blank_template":"","rs_page_bg_color":"","slide_template_v7":"","inline_featured_image":false,"_monsterinsights_skip_tracking":false,"_monsterinsights_sitenote_active":false,"_monsterinsights_sitenote_note":"","_monsterinsights_sitenote_category":0},"product_brand":[],"product_cat":[90,540],"product_tag":[],"class_list":{"0":"post-244479","1":"product","2":"type-product","3":"status-publish","4":"has-post-thumbnail","6":"product_cat-altres","7":"product_cat-otros","9":"first","10":"instock","11":"taxable","12":"shipping-taxable","13":"purchasable","14":"product-type-simple"},"acf":{"autor":"LYONA \/ MARCUS","codart":"841622331","libros-coleccion":"","ediciones":"1","encuadernacion":"Carton\u00e9","fecha_de_publicacion":"01\/11\/2015","novedad":"0","paginas":"32","subtitulo":"","orden":"999","portada":"0","idioma":"spa","editorial":[{"ID":148695,"post_author":"3","post_date":"2022-10-14 12:00:16","post_date_gmt":"2022-10-14 10:00:16","post_content":"","post_title":"PRINCIPAL DE LOS LIBROS","post_excerpt":"","post_status":"publish","comment_status":"closed","ping_status":"closed","post_password":"","post_name":"principal-de-los-libros","to_ping":"","pinged":"","post_modified":"2022-10-14 12:00:16","post_modified_gmt":"2022-10-14 10:00:16","post_content_filtered":"","post_parent":0,"guid":"http:\/\/dev.claret.cat\/editorial\/principal-de-los-libros\/","menu_order":0,"post_type":"editorial","post_mime_type":"","comment_count":"0","filter":"raw"}],"autores-libros":[{"ID":162844,"post_author":"3","post_date":"2022-10-14 17:34:15","post_date_gmt":"2022-10-14 15:34:15","post_content":"","post_title":"LYONA","post_excerpt":"","post_status":"publish","comment_status":"closed","ping_status":"closed","post_password":"","post_name":"lyona","to_ping":"","pinged":"","post_modified":"2022-10-14 17:34:15","post_modified_gmt":"2022-10-14 15:34:15","post_content_filtered":"","post_parent":0,"guid":"http:\/\/dev.claret.cat\/autor\/lyona\/","menu_order":0,"post_type":"autor","post_mime_type":"","comment_count":"0","filter":"raw"},{"ID":426010,"post_author":"3","post_date":"2023-05-16 08:34:07","post_date_gmt":"2023-05-16 06:34:07","post_content":"","post_title":"MARCUS","post_excerpt":"","post_status":"publish","comment_status":"closed","ping_status":"closed","post_password":"","post_name":"marcus","to_ping":"","pinged":"","post_modified":"2023-05-16 08:34:07","post_modified_gmt":"2023-05-16 06:34:07","post_content_filtered":"","post_parent":0,"guid":"https:\/\/www.claret.cat\/autor\/marcus\/","menu_order":0,"post_type":"autor","post_mime_type":"","comment_count":"0","filter":"raw"}]},"aioseo_notices":[],"_links":{"self":[{"href":"https:\/\/www.claret.cat\/es\/wp-json\/wp\/v2\/product\/244479","targetHints":{"allow":["GET"]}}],"collection":[{"href":"https:\/\/www.claret.cat\/es\/wp-json\/wp\/v2\/product"}],"about":[{"href":"https:\/\/www.claret.cat\/es\/wp-json\/wp\/v2\/types\/product"}],"wp:featuredmedia":[{"embeddable":true,"href":"https:\/\/www.claret.cat\/es\/wp-json\/wp\/v2\/media\/244480"}],"wp:attachment":[{"href":"https:\/\/www.claret.cat\/es\/wp-json\/wp\/v2\/media?parent=244479"}],"wp:term":[{"taxonomy":"product_brand","embeddable":true,"href":"https:\/\/www.claret.cat\/es\/wp-json\/wp\/v2\/product_brand?post=244479"},{"taxonomy":"product_cat","embeddable":true,"href":"https:\/\/www.claret.cat\/es\/wp-json\/wp\/v2\/product_cat?post=244479"},{"taxonomy":"product_tag","embeddable":true,"href":"https:\/\/www.claret.cat\/es\/wp-json\/wp\/v2\/product_tag?post=244479"}],"curies":[{"name":"wp","href":"https:\/\/api.w.org\/{rel}","templated":true}]}}