{"id":244545,"date":"2022-10-21T01:45:59","date_gmt":"2022-10-20T23:45:59","guid":{"rendered":"http:\/\/dev.claret.cat\/producte\/israel-y-los-territorios-palestinos-3\/"},"modified":"2023-01-28T01:51:52","modified_gmt":"2023-01-28T00:51:52","slug":"israel-y-los-territorios-palestinos-3-9788408140283","status":"publish","type":"product","link":"https:\/\/www.claret.cat\/es\/libro\/israel-y-los-territorios-palestinos-3-9788408140283\/","title":{"rendered":"ISRAEL Y LOS TERRITORIOS PALESTINOS 3"},"content":{"rendered":"<p>En la intersecci\u00f3n de Asia, Europa y \u00c1frica, cuna del juda\u00edsmo y la cristiandad, y sagrada para musulmanes y baha\u00edes, es un\u00a0punto de encuentro de culturas y religiones desde los albores de la historia.\u00a0Tierra Santa invita a descubrir sus tradiciones religiosas, su riqueza arqueol\u00f3gica y una amplia variedad geogr\u00e1fica para realizar actividades al aire libre.<br \/>Incluye:<br \/>.Mapa desplegable de Jerusal\u00e9n.<br \/>.Infograf\u00eda en 3D de la explanada de las mezquitas y circuito en 3D por Petra.<br \/>.P\u00e1ginas a todo color con im\u00e1genes de Jerusal\u00e9n.<\/p>\n","protected":false},"excerpt":{"rendered":"<p>ROBINSON, DANIEL \/ MAXWELL, VIRGINIA \/ WALKER, JENNY<\/p>\n","protected":false},"featured_media":244546,"template":"","meta":{"_acf_changed":false,"om_disable_all_campaigns":false,"rs_blank_template":"","rs_page_bg_color":"","slide_template_v7":"","inline_featured_image":false,"_monsterinsights_skip_tracking":false,"_monsterinsights_sitenote_active":false,"_monsterinsights_sitenote_note":"","_monsterinsights_sitenote_category":0},"product_brand":[],"product_cat":[107],"product_tag":[],"class_list":{"0":"post-244545","1":"product","2":"type-product","3":"status-publish","4":"has-post-thumbnail","6":"product_cat-guies-de-viatge","8":"first","9":"instock","10":"taxable","11":"shipping-taxable","12":"purchasable","13":"product-type-simple"},"acf":{"autor":"ROBINSON, DANIEL \/ MAXWELL, VIRGINIA \/ WALKER, JENNY","codart":"840814028","libros-coleccion":"FORA DE COL.LECCI\u00d3","ediciones":"1","encuadernacion":"R\u00fastica","fecha_de_publicacion":"01\/11\/2015","novedad":"1","paginas":"432","subtitulo":"","orden":"0","portada":"0","idioma":"spa","editorial":[{"ID":6377,"post_author":"3","post_date":"2022-07-28 17:50:53","post_date_gmt":"2022-07-28 15:50:53","post_content":"","post_title":"Timun Mas CAT","post_excerpt":"","post_status":"publish","comment_status":"closed","ping_status":"closed","post_password":"","post_name":"timun-mas-cat","to_ping":"","pinged":"","post_modified":"2022-07-28 17:50:53","post_modified_gmt":"2022-07-28 15:50:53","post_content_filtered":"","post_parent":0,"guid":"http:\/\/dev.claret.cat\/editorial\/timun-mas-cat\/","menu_order":0,"post_type":"editorial","post_mime_type":"","comment_count":"0","filter":"raw"}],"autores-libros":[{"ID":153634,"post_author":"3","post_date":"2022-10-14 14:58:18","post_date_gmt":"2022-10-14 12:58:18","post_content":"","post_title":"DANIEL ROBINSON","post_excerpt":"","post_status":"publish","comment_status":"closed","ping_status":"closed","post_password":"","post_name":"daniel-robinson","to_ping":"","pinged":"","post_modified":"2022-10-14 14:58:18","post_modified_gmt":"2022-10-14 12:58:18","post_content_filtered":"","post_parent":0,"guid":"http:\/\/dev.claret.cat\/autor\/daniel-robinson\/","menu_order":0,"post_type":"autor","post_mime_type":"","comment_count":"0","filter":"raw"},{"ID":171158,"post_author":"3","post_date":"2022-10-14 22:41:08","post_date_gmt":"2022-10-14 20:41:08","post_content":"","post_title":"VIRGINIA MAXWELL","post_excerpt":"","post_status":"publish","comment_status":"closed","ping_status":"closed","post_password":"","post_name":"virginia-maxwell","to_ping":"","pinged":"","post_modified":"2022-10-14 22:41:08","post_modified_gmt":"2022-10-14 20:41:08","post_content_filtered":"","post_parent":0,"guid":"http:\/\/dev.claret.cat\/autor\/virginia-maxwell\/","menu_order":0,"post_type":"autor","post_mime_type":"","comment_count":"0","filter":"raw"},{"ID":159006,"post_author":"3","post_date":"2022-10-14 15:41:20","post_date_gmt":"2022-10-14 13:41:20","post_content":"","post_title":"JENNY WALKER","post_excerpt":"","post_status":"publish","comment_status":"closed","ping_status":"closed","post_password":"","post_name":"jenny-walker","to_ping":"","pinged":"","post_modified":"2022-10-14 15:41:20","post_modified_gmt":"2022-10-14 13:41:20","post_content_filtered":"","post_parent":0,"guid":"http:\/\/dev.claret.cat\/autor\/jenny-walker\/","menu_order":0,"post_type":"autor","post_mime_type":"","comment_count":"0","filter":"raw"}]},"aioseo_notices":[],"_links":{"self":[{"href":"https:\/\/www.claret.cat\/es\/wp-json\/wp\/v2\/product\/244545","targetHints":{"allow":["GET"]}}],"collection":[{"href":"https:\/\/www.claret.cat\/es\/wp-json\/wp\/v2\/product"}],"about":[{"href":"https:\/\/www.claret.cat\/es\/wp-json\/wp\/v2\/types\/product"}],"wp:featuredmedia":[{"embeddable":true,"href":"https:\/\/www.claret.cat\/es\/wp-json\/wp\/v2\/media\/244546"}],"wp:attachment":[{"href":"https:\/\/www.claret.cat\/es\/wp-json\/wp\/v2\/media?parent=244545"}],"wp:term":[{"taxonomy":"product_brand","embeddable":true,"href":"https:\/\/www.claret.cat\/es\/wp-json\/wp\/v2\/product_brand?post=244545"},{"taxonomy":"product_cat","embeddable":true,"href":"https:\/\/www.claret.cat\/es\/wp-json\/wp\/v2\/product_cat?post=244545"},{"taxonomy":"product_tag","embeddable":true,"href":"https:\/\/www.claret.cat\/es\/wp-json\/wp\/v2\/product_tag?post=244545"}],"curies":[{"name":"wp","href":"https:\/\/api.w.org\/{rel}","templated":true}]}}