{"id":244569,"date":"2022-10-21T01:46:31","date_gmt":"2022-10-20T23:46:31","guid":{"rendered":"http:\/\/dev.claret.cat\/producte\/hyperion\/"},"modified":"2023-01-28T04:41:48","modified_gmt":"2023-01-28T03:41:48","slug":"hyperion-9788466658034","status":"publish","type":"product","link":"https:\/\/www.claret.cat\/es\/libro\/hyperion-9788466658034\/","title":{"rendered":"HYPERION"},"content":{"rendered":"<p>Hyperion es la aclamada primera novela de la tetralog\u00eda Los Cantos de Hyperion, una saga fundamental de la ciencia ficci\u00f3n moderna que fue galardonada con tres premios Locus y el Hugo de 1990 por el presente t\u00edtulo.<br \/> La publicaci\u00f3n de la serie a lo largo de la d\u00e9cada de 1990 coron\u00f3 a Dan Simmons como un referente indiscutible del g\u00e9nero, capaz de construir un mundo al estilo de los Cuentos de Canterbury, y al mismo tiempo hacer un claro homenaje a John Keats.<br \/> En el mundo llamado Hyperion, m\u00e1s all\u00e1 de la Red de la Hegemon\u00eda del Hombre, aguarda el Alcaud\u00f3n, una sorprendente y temible criatura a la que los miembros de la Iglesia de la Expiaci\u00f3n Final veneran como Se\u00f1or del Dolor. En v\u00edsperas del Armaged\u00f3n y con el trasfondo de la posible guerra entre la Hegemon\u00eda, los enjambres \u00c9xter y las inteligencias artificiales del TecnoN\u00facleo, siete peregrinos acuden a Hyperion para resucitar un antiguo rito religioso. Todos ellos son portadores de esperanzas imposibles y, tambi\u00e9n, de terribles secretos. Un diplom\u00e1tico, un sacerdote cat\u00f3lico, un militar, un poeta, un profesor, una detective y un navegante entrecruzan sus destinos en su peregrinar en busca del Alcaud\u00f3n mientras rastrean las Tumbas del Tiempo, majestuosas e incomprensibles construcciones que albergan un secreto del futuro.<br \/> \u00abPocas lecturas dejan el poso inevitable que logra esta serie. Cualquier obra de Simmons merece ser le\u00edda, pero esta, adem\u00e1s, no se olvida nunca.\u00bb Miquel Barcel\u00f3<br \/> \u00abLos Cantos de Hyperion establece el est\u00e1ndar de la ciencia ficci\u00f3n para el siglo XXI.\u00bb Peter F. Hamilton<br \/> \u00abEsta saga puede leerse como un libro de aventuras, un ejemplo de ciberpunk, una alegor\u00eda o una novela estructuralista en clave de ciencia ficci\u00f3n; en cualquier caso, debe ser le\u00edda por todo aquel que tenga un m\u00ednimo inter\u00e9s en la ciencia ficci\u00f3n&hellip; aunque muchos otros tambi\u00e9n la encontrar\u00e1n imprescindible.\u00bbTom Whitmore<\/p>\n","protected":false},"excerpt":{"rendered":"<p>SIMMONS, DAN<\/p>\n","protected":false},"featured_media":244570,"template":"","meta":{"_acf_changed":false,"om_disable_all_campaigns":false,"rs_blank_template":"","rs_page_bg_color":"","slide_template_v7":"","inline_featured_image":false,"_monsterinsights_skip_tracking":false,"_monsterinsights_sitenote_active":false,"_monsterinsights_sitenote_note":"","_monsterinsights_sitenote_category":0},"product_brand":[],"product_cat":[16],"product_tag":[],"class_list":{"0":"post-244569","1":"product","2":"type-product","3":"status-publish","4":"has-post-thumbnail","6":"product_cat-sense-categoria","8":"first","9":"instock","10":"taxable","11":"shipping-taxable","12":"purchasable","13":"product-type-simple"},"acf":{"autor":"SIMMONS, DAN","codart":"846665803","libros-coleccion":"","ediciones":"1","encuadernacion":"Carton\u00e9","fecha_de_publicacion":"01\/11\/2015","novedad":"0","paginas":"648","subtitulo":"LOS CANTOS DE HYPERION (VOL. I)","orden":"999","portada":"0","idioma":"spa","editorial":[{"ID":147506,"post_author":"3","post_date":"2022-10-14 11:51:06","post_date_gmt":"2022-10-14 09:51:06","post_content":"","post_title":"B EDICIONES","post_excerpt":"","post_status":"publish","comment_status":"closed","ping_status":"closed","post_password":"","post_name":"b-ediciones","to_ping":"","pinged":"","post_modified":"2022-10-14 11:51:06","post_modified_gmt":"2022-10-14 09:51:06","post_content_filtered":"","post_parent":0,"guid":"http:\/\/dev.claret.cat\/editorial\/b-ediciones\/","menu_order":0,"post_type":"editorial","post_mime_type":"","comment_count":"0","filter":"raw"}],"autores-libros":[{"ID":153517,"post_author":"3","post_date":"2022-10-14 14:57:23","post_date_gmt":"2022-10-14 12:57:23","post_content":"","post_title":"DAN SIMMONS","post_excerpt":"","post_status":"publish","comment_status":"closed","ping_status":"closed","post_password":"","post_name":"dan-simmons","to_ping":"","pinged":"","post_modified":"2022-10-14 14:57:23","post_modified_gmt":"2022-10-14 12:57:23","post_content_filtered":"","post_parent":0,"guid":"http:\/\/dev.claret.cat\/autor\/dan-simmons\/","menu_order":0,"post_type":"autor","post_mime_type":"","comment_count":"0","filter":"raw"}]},"aioseo_notices":[],"_links":{"self":[{"href":"https:\/\/www.claret.cat\/es\/wp-json\/wp\/v2\/product\/244569","targetHints":{"allow":["GET"]}}],"collection":[{"href":"https:\/\/www.claret.cat\/es\/wp-json\/wp\/v2\/product"}],"about":[{"href":"https:\/\/www.claret.cat\/es\/wp-json\/wp\/v2\/types\/product"}],"wp:featuredmedia":[{"embeddable":true,"href":"https:\/\/www.claret.cat\/es\/wp-json\/wp\/v2\/media\/244570"}],"wp:attachment":[{"href":"https:\/\/www.claret.cat\/es\/wp-json\/wp\/v2\/media?parent=244569"}],"wp:term":[{"taxonomy":"product_brand","embeddable":true,"href":"https:\/\/www.claret.cat\/es\/wp-json\/wp\/v2\/product_brand?post=244569"},{"taxonomy":"product_cat","embeddable":true,"href":"https:\/\/www.claret.cat\/es\/wp-json\/wp\/v2\/product_cat?post=244569"},{"taxonomy":"product_tag","embeddable":true,"href":"https:\/\/www.claret.cat\/es\/wp-json\/wp\/v2\/product_tag?post=244569"}],"curies":[{"name":"wp","href":"https:\/\/api.w.org\/{rel}","templated":true}]}}