{"id":24457,"date":"2022-10-02T10:16:35","date_gmt":"2022-10-02T08:16:35","guid":{"rendered":"http:\/\/dev.claret.cat\/producte\/la-pacient-silenciosa\/"},"modified":"2025-01-31T13:48:49","modified_gmt":"2025-01-31T12:48:49","slug":"la-pacient-silenciosa-9788417918033","status":"publish","type":"product","link":"https:\/\/www.claret.cat\/es\/libro\/la-pacient-silenciosa-9788417918033\/","title":{"rendered":"LA PACIENT SILENCIOSA"},"content":{"rendered":"<p>El thriller psicol\u00f2gic m\u00e9s aclamat de l&#8221;any. Impredictible i paralitzant, et pot deixar sense paraules. El suspens elevat a la m\u00e0xima pot\u00e8ncia.<br \/> L&#8221;Alicia Berenson tenia trenta-tres anys quan va matar el seu marit. Era una pintora cotitzada, les galeries de Londres se la disputaven per exposar les seves obres. S&#8221;estimava el seu marit, se&#8221;n preocupava. Fins que un vespre el va lligar a una cadira i va disparar cinc cops contra ell. L&#8221;Alicia no va tornar a parlar mai m\u00e9s.<br \/> Sis anys m\u00e9s tard, Theo Faber aconsegueix una pla\u00e7a a The Grove, una unitat psiqui\u00e0trica protegida del nord de Londres. En Theo \u00e9s un ambici\u00f3s psicoterapeuta conven\u00e7ut que triomfar\u00e0 all\u00e0 on tants altres han fracassat: est\u00e0 obstinat a ajudar l&#8221;Alicia a recuperar la parla, a resoldre el misteri del seu silenci. Aviat descobrir\u00e0 que el mutisme de l&#8221;Alicia est\u00e0 m\u00e9s arrelat del que es podia arribar a imaginar. Per\u00f2 si finalment parl\u00e9s, estaria disposat a acceptar la veritat?<br \/> \u00abEl thriller perfecte. Aquesta novel\u00b7la extraordin\u00e0ria m&#8221;ha disparat les pulsacions des del principi: no me n&#8221;he pogut desenganxar, literalment.\u00bb A. J. Finn, autor de La dona a la finestra.<br \/> \u00abUn debut impressionant&#8230; Intel\u00b7ligent, imaginativa,una lectura excel\u00b7lent.\u00bb The Times<br \/> \u00abAbsolutament brillant.\u00bb Stephen Fry, autor de Mites<\/p>\n","protected":false},"excerpt":{"rendered":"<p>MICHAELIDES, ALEX<\/p>\n","protected":false},"featured_media":67762,"template":"","meta":{"_acf_changed":false,"om_disable_all_campaigns":false,"rs_blank_template":"","rs_page_bg_color":"","slide_template_v7":"","inline_featured_image":false,"_monsterinsights_skip_tracking":false,"_monsterinsights_sitenote_active":false,"_monsterinsights_sitenote_note":"","_monsterinsights_sitenote_category":0},"product_brand":[],"product_cat":[87,353],"product_tag":[],"class_list":{"0":"post-24457","1":"product","2":"type-product","3":"status-publish","4":"has-post-thumbnail","6":"product_cat-literatura","7":"product_cat-literatura-2_humanidades","9":"first","10":"instock","11":"taxable","12":"shipping-taxable","13":"purchasable","14":"product-type-simple"},"acf":{"autor":"MICHAELIDES, ALEX","codart":"841791803","libros-coleccion":"NOVEL-LA","ediciones":"1","encuadernacion":"R\u00fastica","fecha_de_publicacion":"01\/07\/2019","novedad":"1","paginas":"397","subtitulo":"","orden":"0","portada":"0","idioma":"cat","editorial":[{"ID":147425,"post_author":"3","post_date":"2022-10-14 11:50:28","post_date_gmt":"2022-10-14 09:50:28","post_content":"","post_title":"Amsterdam","post_excerpt":"","post_status":"publish","comment_status":"closed","ping_status":"closed","post_password":"","post_name":"amsterdam","to_ping":"","pinged":"","post_modified":"2022-10-14 11:50:28","post_modified_gmt":"2022-10-14 09:50:28","post_content_filtered":"","post_parent":0,"guid":"http:\/\/dev.claret.cat\/editorial\/amsterdam\/","menu_order":0,"post_type":"editorial","post_mime_type":"","comment_count":"0","filter":"raw"}],"autores-libros":[{"ID":149655,"post_author":"3","post_date":"2022-10-14 14:26:39","post_date_gmt":"2022-10-14 12:26:39","post_content":"","post_title":"ALEX MICHAELIDES","post_excerpt":"","post_status":"publish","comment_status":"closed","ping_status":"closed","post_password":"","post_name":"alex-michaelides","to_ping":"","pinged":"","post_modified":"2022-10-14 14:26:39","post_modified_gmt":"2022-10-14 12:26:39","post_content_filtered":"","post_parent":0,"guid":"http:\/\/dev.claret.cat\/autor\/alex-michaelides\/","menu_order":0,"post_type":"autor","post_mime_type":"","comment_count":"0","filter":"raw"}]},"aioseo_notices":[],"_links":{"self":[{"href":"https:\/\/www.claret.cat\/es\/wp-json\/wp\/v2\/product\/24457","targetHints":{"allow":["GET"]}}],"collection":[{"href":"https:\/\/www.claret.cat\/es\/wp-json\/wp\/v2\/product"}],"about":[{"href":"https:\/\/www.claret.cat\/es\/wp-json\/wp\/v2\/types\/product"}],"wp:featuredmedia":[{"embeddable":true,"href":"https:\/\/www.claret.cat\/es\/wp-json\/wp\/v2\/media\/67762"}],"wp:attachment":[{"href":"https:\/\/www.claret.cat\/es\/wp-json\/wp\/v2\/media?parent=24457"}],"wp:term":[{"taxonomy":"product_brand","embeddable":true,"href":"https:\/\/www.claret.cat\/es\/wp-json\/wp\/v2\/product_brand?post=24457"},{"taxonomy":"product_cat","embeddable":true,"href":"https:\/\/www.claret.cat\/es\/wp-json\/wp\/v2\/product_cat?post=24457"},{"taxonomy":"product_tag","embeddable":true,"href":"https:\/\/www.claret.cat\/es\/wp-json\/wp\/v2\/product_tag?post=24457"}],"curies":[{"name":"wp","href":"https:\/\/api.w.org\/{rel}","templated":true}]}}