{"id":244572,"date":"2022-10-21T01:46:35","date_gmt":"2022-10-20T23:46:35","guid":{"rendered":"http:\/\/dev.claret.cat\/producte\/la-caida-de-hyperion\/"},"modified":"2023-01-28T21:32:35","modified_gmt":"2023-01-28T20:32:35","slug":"la-caida-de-hyperion-9788466658041","status":"publish","type":"product","link":"https:\/\/www.claret.cat\/es\/libro\/la-caida-de-hyperion-9788466658041\/","title":{"rendered":"LA CA\u00cdDA DE HYPERION"},"content":{"rendered":"<p>La ca\u00edda de Hyperion es la segunda novela de la tetralog\u00eda Los Cantos de Hyperion, una saga fundamental de la ciencia ficci\u00f3n moderna que fue galardonada con tres premios Locus y el Hugo de 1990. La publicaci\u00f3n de la serie a lo largo de la d\u00e9cada de 1990 coron\u00f3 a Dan Simmons como un referente indiscutible del g\u00e9nero, capaz de construir un mundo al estilo de los Cuentos de Canterbury, y al mismo tiempo hacer un claro homenaje a John Keats.<br \/> La aventura \u00e9pica de Hyperion alcanza su cl\u00edmax cuando los peregrinos se re\u00fanen ante las Tumbas del Tiempo y estas se abren para liberar al Alcaud\u00f3n. Todos, incluidos los humanos de la Hegemon\u00eda, los enjambres \u00c9xter, las inteligencias artificiales del TecnoN\u00facleo, los peregrinos del Alcaud\u00f3n y el c\u00edbrido que reproduce la personalidad de John Keats, se ver\u00e1n irremisiblemente envueltos en la compleja trama del tiempo, el poder, la guerra, la inteligencia, la religi\u00f3n y el amor. Tras Hyperion, Simmons vuelve a demostrar una asombrosa maestr\u00eda a la hora de articular h\u00e1bilmente tan variadas piezas tem\u00e1ticas.<br \/> \u00abPocas lecturas dejan el poso inevitable que logra esta serie. Cualquier obra de Simmons merece ser le\u00edda, pero esta, adem\u00e1s, no se olvida nunca.\u00bb Miquel Barcel\u00f3<br \/> \u00abLos Cantos de Hyperion establece el est\u00e1ndar de la ciencia ficci\u00f3n para el siglo XXI.\u00bb Peter F. Hamilton<br \/> \u00abEsta saga puede leerse como un libro de aventuras, un ejemplo de ciberpunk, una alegor\u00eda o una novela estructuralista en clave de ciencia ficci\u00f3n; en cualquier caso, debe ser le\u00edda por todo aquel que tenga un m\u00ednimo inter\u00e9s en la ciencia ficci\u00f3n&hellip; aunque muchos otros tambi\u00e9n la encontrar\u00e1n imprescindible.\u00bbTom Whitmore<\/p>\n","protected":false},"excerpt":{"rendered":"<p>SIMMONS, DAN<\/p>\n","protected":false},"featured_media":244573,"template":"","meta":{"_acf_changed":false,"om_disable_all_campaigns":false,"rs_blank_template":"","rs_page_bg_color":"","slide_template_v7":"","inline_featured_image":false,"_monsterinsights_skip_tracking":false,"_monsterinsights_sitenote_active":false,"_monsterinsights_sitenote_note":"","_monsterinsights_sitenote_category":0},"product_brand":[],"product_cat":[90,540],"product_tag":[],"class_list":{"0":"post-244572","1":"product","2":"type-product","3":"status-publish","4":"has-post-thumbnail","6":"product_cat-altres","7":"product_cat-otros","9":"first","10":"outofstock","11":"taxable","12":"shipping-taxable","13":"purchasable","14":"product-type-simple"},"acf":{"autor":"SIMMONS, DAN","codart":"846665804","libros-coleccion":"","ediciones":"1","encuadernacion":"Carton\u00e9","fecha_de_publicacion":"01\/11\/2015","novedad":"0","paginas":"744","subtitulo":"LOS CANTOS DE HYPERION (VO. II)","orden":"999","portada":"0","idioma":"spa","editorial":[{"ID":147506,"post_author":"3","post_date":"2022-10-14 11:51:06","post_date_gmt":"2022-10-14 09:51:06","post_content":"","post_title":"B EDICIONES","post_excerpt":"","post_status":"publish","comment_status":"closed","ping_status":"closed","post_password":"","post_name":"b-ediciones","to_ping":"","pinged":"","post_modified":"2022-10-14 11:51:06","post_modified_gmt":"2022-10-14 09:51:06","post_content_filtered":"","post_parent":0,"guid":"http:\/\/dev.claret.cat\/editorial\/b-ediciones\/","menu_order":0,"post_type":"editorial","post_mime_type":"","comment_count":"0","filter":"raw"}],"autores-libros":[{"ID":153517,"post_author":"3","post_date":"2022-10-14 14:57:23","post_date_gmt":"2022-10-14 12:57:23","post_content":"","post_title":"DAN SIMMONS","post_excerpt":"","post_status":"publish","comment_status":"closed","ping_status":"closed","post_password":"","post_name":"dan-simmons","to_ping":"","pinged":"","post_modified":"2022-10-14 14:57:23","post_modified_gmt":"2022-10-14 12:57:23","post_content_filtered":"","post_parent":0,"guid":"http:\/\/dev.claret.cat\/autor\/dan-simmons\/","menu_order":0,"post_type":"autor","post_mime_type":"","comment_count":"0","filter":"raw"}]},"aioseo_notices":[],"_links":{"self":[{"href":"https:\/\/www.claret.cat\/es\/wp-json\/wp\/v2\/product\/244572","targetHints":{"allow":["GET"]}}],"collection":[{"href":"https:\/\/www.claret.cat\/es\/wp-json\/wp\/v2\/product"}],"about":[{"href":"https:\/\/www.claret.cat\/es\/wp-json\/wp\/v2\/types\/product"}],"wp:featuredmedia":[{"embeddable":true,"href":"https:\/\/www.claret.cat\/es\/wp-json\/wp\/v2\/media\/244573"}],"wp:attachment":[{"href":"https:\/\/www.claret.cat\/es\/wp-json\/wp\/v2\/media?parent=244572"}],"wp:term":[{"taxonomy":"product_brand","embeddable":true,"href":"https:\/\/www.claret.cat\/es\/wp-json\/wp\/v2\/product_brand?post=244572"},{"taxonomy":"product_cat","embeddable":true,"href":"https:\/\/www.claret.cat\/es\/wp-json\/wp\/v2\/product_cat?post=244572"},{"taxonomy":"product_tag","embeddable":true,"href":"https:\/\/www.claret.cat\/es\/wp-json\/wp\/v2\/product_tag?post=244572"}],"curies":[{"name":"wp","href":"https:\/\/api.w.org\/{rel}","templated":true}]}}