{"id":244614,"date":"2022-10-21T01:47:33","date_gmt":"2022-10-20T23:47:33","guid":{"rendered":"http:\/\/dev.claret.cat\/producte\/construir-habitar-pensar\/"},"modified":"2026-02-09T15:45:21","modified_gmt":"2026-02-09T14:45:21","slug":"construir-habitar-pensar-9788494440106","status":"publish","type":"product","link":"https:\/\/www.claret.cat\/es\/libro\/construir-habitar-pensar-9788494440106\/","title":{"rendered":"CONSTRUIR  HABITAR  PENSAR"},"content":{"rendered":"<p>Este libro recoge, en edici\u00f3n biling\u00fce, una novedosa traducci\u00f3n de Jes\u00fas Adri\u00e1n del c\u00e9lebre texto de Heidegger, acompa\u00f1ada de los ensayos: &quot;Habitar el desarraigo&quot;, tambi\u00e9n de Jes\u00fas Adri\u00e1n, y &quot;Lo inhabitable&quot; de Arturo Leyte, asimi<\/p>\n","protected":false},"excerpt":{"rendered":"<p>HEIDEGGER, MARTIN<\/p>\n","protected":false},"featured_media":1082205,"template":"","meta":{"_acf_changed":false,"om_disable_all_campaigns":false,"rs_blank_template":"","rs_page_bg_color":"","slide_template_v7":"","inline_featured_image":false,"_monsterinsights_skip_tracking":false,"_monsterinsights_sitenote_active":false,"_monsterinsights_sitenote_note":"","_monsterinsights_sitenote_category":0},"product_brand":[],"product_cat":[90,540],"product_tag":[],"class_list":{"0":"post-244614","1":"product","2":"type-product","3":"status-publish","4":"has-post-thumbnail","6":"product_cat-altres","7":"product_cat-otros","9":"first","10":"outofstock","11":"taxable","12":"shipping-taxable","13":"purchasable","14":"product-type-simple"},"acf":{"autor":"HEIDEGGER, MARTIN","codart":"849444010","libros-coleccion":"","ediciones":"1","encuadernacion":"Carton\u00e9","fecha_de_publicacion":"01\/11\/2015","novedad":"0","paginas":"100","subtitulo":"BAUEN WOHNEN DENKEN","orden":"999","portada":"0","idioma":"spa","editorial":[{"ID":148374,"post_author":"3","post_date":"2022-10-14 11:57:44","post_date_gmt":"2022-10-14 09:57:44","post_content":"","post_title":"LA OFICINA","post_excerpt":"","post_status":"publish","comment_status":"closed","ping_status":"closed","post_password":"","post_name":"la-oficina","to_ping":"","pinged":"","post_modified":"2022-10-14 11:57:44","post_modified_gmt":"2022-10-14 09:57:44","post_content_filtered":"","post_parent":0,"guid":"http:\/\/dev.claret.cat\/editorial\/la-oficina\/","menu_order":0,"post_type":"editorial","post_mime_type":"","comment_count":"0","filter":"raw"}],"autores-libros":[{"ID":164290,"post_author":"3","post_date":"2022-10-14 17:45:54","post_date_gmt":"2022-10-14 15:45:54","post_content":"","post_title":"MARTIN HEIDEGGER","post_excerpt":"","post_status":"publish","comment_status":"closed","ping_status":"closed","post_password":"","post_name":"martin-heidegger","to_ping":"","pinged":"","post_modified":"2022-10-14 17:45:54","post_modified_gmt":"2022-10-14 15:45:54","post_content_filtered":"","post_parent":0,"guid":"http:\/\/dev.claret.cat\/autor\/martin-heidegger\/","menu_order":0,"post_type":"autor","post_mime_type":"","comment_count":"0","filter":"raw"}],"booktrailer":"","resenas":""},"aioseo_notices":[],"_links":{"self":[{"href":"https:\/\/www.claret.cat\/es\/wp-json\/wp\/v2\/product\/244614","targetHints":{"allow":["GET"]}}],"collection":[{"href":"https:\/\/www.claret.cat\/es\/wp-json\/wp\/v2\/product"}],"about":[{"href":"https:\/\/www.claret.cat\/es\/wp-json\/wp\/v2\/types\/product"}],"wp:featuredmedia":[{"embeddable":true,"href":"https:\/\/www.claret.cat\/es\/wp-json\/wp\/v2\/media\/1082205"}],"wp:attachment":[{"href":"https:\/\/www.claret.cat\/es\/wp-json\/wp\/v2\/media?parent=244614"}],"wp:term":[{"taxonomy":"product_brand","embeddable":true,"href":"https:\/\/www.claret.cat\/es\/wp-json\/wp\/v2\/product_brand?post=244614"},{"taxonomy":"product_cat","embeddable":true,"href":"https:\/\/www.claret.cat\/es\/wp-json\/wp\/v2\/product_cat?post=244614"},{"taxonomy":"product_tag","embeddable":true,"href":"https:\/\/www.claret.cat\/es\/wp-json\/wp\/v2\/product_tag?post=244614"}],"curies":[{"name":"wp","href":"https:\/\/api.w.org\/{rel}","templated":true}]}}