{"id":244638,"date":"2022-10-21T01:48:06","date_gmt":"2022-10-20T23:48:06","guid":{"rendered":"http:\/\/dev.claret.cat\/producte\/un-ano-de-sabiduria\/"},"modified":"2023-01-28T22:16:17","modified_gmt":"2023-01-28T21:16:17","slug":"un-ano-de-sabiduria-9788491041634","status":"publish","type":"product","link":"https:\/\/www.claret.cat\/es\/libro\/un-ano-de-sabiduria-9788491041634\/","title":{"rendered":"UN A\u00d1O DE SABIDUR\u00cdA"},"content":{"rendered":"<p>&quot; Un a\u00f1o de sabidur\u00eda &quot;  es un libro con 366 inspiradoras meditaciones. En cada p\u00e1gina podremos encontrar perlas de sabidur\u00eda de pensadores antiguos y modernos, desde Buda hasta Anna Frank. Encarnadas por el deslumbrante pincel de Mike Medaglia, inspiradas por el arte oriental, las ense\u00f1anzas espirituales que componen el libro motivar\u00e1n a los lectores para que la reflexi\u00f3n pase a formar parte de sus costumbres.<br \/> Ilustrado con un estilo accesible y contempor\u00e1neo,  &quot; Un a\u00f1o de sabidur\u00eda &quot;  ofrece una gu\u00eda visual de las ense\u00f1anzas espirituales de pensadores tan diversos como el Dalai Lama y Rainer Maria Rilke.<br \/> Un libro divertido, inspirador, que invita a la reflexi\u00f3n: un libro cautivador que proporciona aliento espiritual de manera divertida, amena y visual.<\/p>\n","protected":false},"excerpt":{"rendered":"<p>MEDAGLIA, MIKE<\/p>\n","protected":false},"featured_media":244639,"template":"","meta":{"_acf_changed":false,"om_disable_all_campaigns":false,"rs_blank_template":"","rs_page_bg_color":"","slide_template_v7":"","inline_featured_image":false,"_monsterinsights_skip_tracking":false,"_monsterinsights_sitenote_active":false,"_monsterinsights_sitenote_note":"","_monsterinsights_sitenote_category":0},"product_brand":[],"product_cat":[16],"product_tag":[],"class_list":{"0":"post-244638","1":"product","2":"type-product","3":"status-publish","4":"has-post-thumbnail","6":"product_cat-sense-categoria","8":"first","9":"instock","10":"taxable","11":"shipping-taxable","12":"purchasable","13":"product-type-simple"},"acf":{"autor":"MEDAGLIA, MIKE","codart":"849104163","libros-coleccion":"","ediciones":"1","encuadernacion":"Carton\u00e9","fecha_de_publicacion":"01\/11\/2015","novedad":"0","paginas":"365","subtitulo":"366 MEDITACIONES ILUSTRADAS","orden":"999","portada":"0","idioma":"spa","editorial":[{"ID":147398,"post_author":"3","post_date":"2022-10-14 11:50:16","post_date_gmt":"2022-10-14 09:50:16","post_content":"","post_title":"ALIANZA EDITORIAL, S. A.","post_excerpt":"","post_status":"publish","comment_status":"closed","ping_status":"closed","post_password":"","post_name":"alianza-editorial-s-a","to_ping":"","pinged":"","post_modified":"2022-10-14 11:50:16","post_modified_gmt":"2022-10-14 09:50:16","post_content_filtered":"","post_parent":0,"guid":"http:\/\/dev.claret.cat\/editorial\/alianza-editorial-s-a\/","menu_order":0,"post_type":"editorial","post_mime_type":"","comment_count":"0","filter":"raw"}]},"aioseo_notices":[],"_links":{"self":[{"href":"https:\/\/www.claret.cat\/es\/wp-json\/wp\/v2\/product\/244638","targetHints":{"allow":["GET"]}}],"collection":[{"href":"https:\/\/www.claret.cat\/es\/wp-json\/wp\/v2\/product"}],"about":[{"href":"https:\/\/www.claret.cat\/es\/wp-json\/wp\/v2\/types\/product"}],"wp:featuredmedia":[{"embeddable":true,"href":"https:\/\/www.claret.cat\/es\/wp-json\/wp\/v2\/media\/244639"}],"wp:attachment":[{"href":"https:\/\/www.claret.cat\/es\/wp-json\/wp\/v2\/media?parent=244638"}],"wp:term":[{"taxonomy":"product_brand","embeddable":true,"href":"https:\/\/www.claret.cat\/es\/wp-json\/wp\/v2\/product_brand?post=244638"},{"taxonomy":"product_cat","embeddable":true,"href":"https:\/\/www.claret.cat\/es\/wp-json\/wp\/v2\/product_cat?post=244638"},{"taxonomy":"product_tag","embeddable":true,"href":"https:\/\/www.claret.cat\/es\/wp-json\/wp\/v2\/product_tag?post=244638"}],"curies":[{"name":"wp","href":"https:\/\/api.w.org\/{rel}","templated":true}]}}