{"id":244653,"date":"2022-10-21T01:48:27","date_gmt":"2022-10-20T23:48:27","guid":{"rendered":"http:\/\/dev.claret.cat\/producte\/manual-de-hierbas-medicinales-imprescindibles\/"},"modified":"2023-01-28T16:06:03","modified_gmt":"2023-01-28T15:06:03","slug":"manual-de-hierbas-medicinales-imprescindibles-9788471485656","status":"publish","type":"product","link":"https:\/\/www.claret.cat\/es\/libro\/manual-de-hierbas-medicinales-imprescindibles-9788471485656\/","title":{"rendered":"MANUAL DE HIERBAS MEDICINALES IMPRESCINDIBLES"},"content":{"rendered":"<p>Manuel de hierbas medicinales imprescindibles re\u00fane en un solo libro las principales plantas maestras que abundan en nuestros campos y huertos, tan apreciadas por sus m\u00faltiples usos. Las plantas maestras sirven para tratar y combatir la multitud de afecciones y su aplicaci\u00f3n es muy amplia, puesto que se pueden tomar en tisanas, jarabes, pomadas, tinturas y aceites. Este manual puede servir, adem\u00e1s, de herramienta de consulta en las salidas al monte o al campo.<\/p>\n","protected":false},"excerpt":{"rendered":"<p>VAZQUEZ MOLINA, GABRIEL<\/p>\n","protected":false},"featured_media":244654,"template":"","meta":{"_acf_changed":false,"om_disable_all_campaigns":false,"rs_blank_template":"","rs_page_bg_color":"","slide_template_v7":"","inline_featured_image":false,"_monsterinsights_skip_tracking":false,"_monsterinsights_sitenote_active":false,"_monsterinsights_sitenote_note":"","_monsterinsights_sitenote_category":0},"product_brand":[],"product_cat":[97],"product_tag":[],"class_list":{"0":"post-244653","1":"product","2":"type-product","3":"status-publish","4":"has-post-thumbnail","6":"product_cat-salut","8":"first","9":"instock","10":"taxable","11":"shipping-taxable","12":"purchasable","13":"product-type-simple"},"acf":{"autor":"VAZQUEZ MOLINA, GABRIEL","codart":"847148565","libros-coleccion":"","ediciones":"1","encuadernacion":"R\u00fastica","fecha_de_publicacion":"01\/11\/2015","novedad":"0","paginas":"112","subtitulo":"","orden":"999","portada":"0","idioma":"spa"},"aioseo_notices":[],"_links":{"self":[{"href":"https:\/\/www.claret.cat\/es\/wp-json\/wp\/v2\/product\/244653","targetHints":{"allow":["GET"]}}],"collection":[{"href":"https:\/\/www.claret.cat\/es\/wp-json\/wp\/v2\/product"}],"about":[{"href":"https:\/\/www.claret.cat\/es\/wp-json\/wp\/v2\/types\/product"}],"wp:featuredmedia":[{"embeddable":true,"href":"https:\/\/www.claret.cat\/es\/wp-json\/wp\/v2\/media\/244654"}],"wp:attachment":[{"href":"https:\/\/www.claret.cat\/es\/wp-json\/wp\/v2\/media?parent=244653"}],"wp:term":[{"taxonomy":"product_brand","embeddable":true,"href":"https:\/\/www.claret.cat\/es\/wp-json\/wp\/v2\/product_brand?post=244653"},{"taxonomy":"product_cat","embeddable":true,"href":"https:\/\/www.claret.cat\/es\/wp-json\/wp\/v2\/product_cat?post=244653"},{"taxonomy":"product_tag","embeddable":true,"href":"https:\/\/www.claret.cat\/es\/wp-json\/wp\/v2\/product_tag?post=244653"}],"curies":[{"name":"wp","href":"https:\/\/api.w.org\/{rel}","templated":true}]}}