{"id":24466,"date":"2022-10-02T10:16:42","date_gmt":"2022-10-02T08:16:42","guid":{"rendered":"http:\/\/dev.claret.cat\/producte\/els-bons-dies\/"},"modified":"2025-01-31T13:49:13","modified_gmt":"2025-01-31T12:49:13","slug":"els-bons-dies-9788417918095","status":"publish","type":"product","link":"https:\/\/www.claret.cat\/es\/libro\/els-bons-dies-9788417918095\/","title":{"rendered":"ELS BONS DIES"},"content":{"rendered":"<p>Un retorn al temps que desapareix, i a l&#8217;idealisme de la joventut que ens fa creure en un m\u00f3n millor. Un cant a la mem\u00f2ria i a la llibertat.<br \/> En Ricard viatja a Par\u00eds amb l&#8217;esperan\u00e7a de retrobar-hi un vell amic que el redimeixi del desconcert i la convulsi\u00f3 que l&#8217;ofega a la Barcelona del 2017. M\u00e9s de trenta anys enrere, hi van anar junts fugint d&#8217;una Transici\u00f3 que suposava la ren\u00fancia als seus ideals, i all\u00e0 van con\u00e8ixer fil\u00f2sofs d&#8217;esquerres, artistes bohemis i revolucionaris de caf\u00e8, que, com ells, lluitaven amb la for\u00e7a de la paraula per transformar el m\u00f3n. Per aix\u00f2, quan el dest\u00ed els va separar i en Ricard va tornar a Barcelona, les inseguretats personals van aflorar en els dos amics. I els anys, el record de la misteriosa Jane i els viaranys per on ha portat la vida a tots els personatges, fan que en Ricard s&#8217;adoni que l&#8217;\u00fanic temps v\u00e0lid \u00e9s el passat, que ens conforma la mem\u00f2ria, enfront d&#8217;un present que mor en ell mateix i d&#8217;un futur que no existeix fins que no s&#8217;esvaeix. Distingida amb el premi Roc Boronat, Els bons dies \u00e9s un homenatge bell i sincer a les revolucions frustrades que tothom t\u00e9, a les preguntes sense resposta, i una reivindicaci\u00f3 de la mem\u00f2ria com a aut\u00e8ntic instrument de transformaci\u00f3 social.<br \/> \u00abCada dia era una vida, i no hi havia dem\u00e0 ni futur fins que no arribava. Era l&#8217;\u00fanica possibilitat d&#8217;ajornar el naufragi, i durant uns mesos vam fer de Par\u00eds la met\u00e0fora d&#8217;una utopia que sab\u00edem irreal. Per\u00f2 hav\u00edem de volar mentre fos possible. La caiguda arribaria igual, creia jo. Ell, potser no.\u00bb<\/p>\n","protected":false},"excerpt":{"rendered":"<p>VALLBONA I SALLENT, RAFAEL<\/p>\n","protected":false},"featured_media":67250,"template":"","meta":{"_acf_changed":false,"om_disable_all_campaigns":false,"rs_blank_template":"","rs_page_bg_color":"","slide_template_v7":"","inline_featured_image":false,"_monsterinsights_skip_tracking":false,"_monsterinsights_sitenote_active":false,"_monsterinsights_sitenote_note":"","_monsterinsights_sitenote_category":0},"product_brand":[],"product_cat":[127,357],"product_tag":[],"class_list":{"0":"post-24466","1":"product","2":"type-product","3":"status-publish","4":"has-post-thumbnail","6":"product_cat-novella-contemporania","7":"product_cat-novela-contemporanea","9":"first","10":"instock","11":"taxable","12":"shipping-taxable","13":"purchasable","14":"product-type-simple"},"acf":{"autor":"VALLBONA I SALLENT, RAFAEL","codart":"841791809","libros-coleccion":"","ediciones":"1","encuadernacion":"R\u00fastica","fecha_de_publicacion":"01\/10\/2019","novedad":"1","paginas":"143","subtitulo":"PREMI ROC BORONAT","orden":"0","portada":"0","idioma":"cat","editorial":[{"ID":147425,"post_author":"3","post_date":"2022-10-14 11:50:28","post_date_gmt":"2022-10-14 09:50:28","post_content":"","post_title":"Amsterdam","post_excerpt":"","post_status":"publish","comment_status":"closed","ping_status":"closed","post_password":"","post_name":"amsterdam","to_ping":"","pinged":"","post_modified":"2022-10-14 11:50:28","post_modified_gmt":"2022-10-14 09:50:28","post_content_filtered":"","post_parent":0,"guid":"http:\/\/dev.claret.cat\/editorial\/amsterdam\/","menu_order":0,"post_type":"editorial","post_mime_type":"","comment_count":"0","filter":"raw"}],"autores-libros":[{"ID":167623,"post_author":"3","post_date":"2022-10-14 18:12:41","post_date_gmt":"2022-10-14 16:12:41","post_content":"","post_title":"RAFAEL VALLBONA I SALLENT","post_excerpt":"","post_status":"publish","comment_status":"closed","ping_status":"closed","post_password":"","post_name":"rafael-vallbona-i-sallent","to_ping":"","pinged":"","post_modified":"2022-10-14 18:12:41","post_modified_gmt":"2022-10-14 16:12:41","post_content_filtered":"","post_parent":0,"guid":"http:\/\/dev.claret.cat\/autor\/rafael-vallbona-i-sallent\/","menu_order":0,"post_type":"autor","post_mime_type":"","comment_count":"0","filter":"raw"}]},"aioseo_notices":[],"_links":{"self":[{"href":"https:\/\/www.claret.cat\/es\/wp-json\/wp\/v2\/product\/24466","targetHints":{"allow":["GET"]}}],"collection":[{"href":"https:\/\/www.claret.cat\/es\/wp-json\/wp\/v2\/product"}],"about":[{"href":"https:\/\/www.claret.cat\/es\/wp-json\/wp\/v2\/types\/product"}],"wp:featuredmedia":[{"embeddable":true,"href":"https:\/\/www.claret.cat\/es\/wp-json\/wp\/v2\/media\/67250"}],"wp:attachment":[{"href":"https:\/\/www.claret.cat\/es\/wp-json\/wp\/v2\/media?parent=24466"}],"wp:term":[{"taxonomy":"product_brand","embeddable":true,"href":"https:\/\/www.claret.cat\/es\/wp-json\/wp\/v2\/product_brand?post=24466"},{"taxonomy":"product_cat","embeddable":true,"href":"https:\/\/www.claret.cat\/es\/wp-json\/wp\/v2\/product_cat?post=24466"},{"taxonomy":"product_tag","embeddable":true,"href":"https:\/\/www.claret.cat\/es\/wp-json\/wp\/v2\/product_tag?post=24466"}],"curies":[{"name":"wp","href":"https:\/\/api.w.org\/{rel}","templated":true}]}}