{"id":244668,"date":"2022-10-21T01:48:47","date_gmt":"2022-10-20T23:48:47","guid":{"rendered":"http:\/\/dev.claret.cat\/producte\/muerte-en-blackheath\/"},"modified":"2023-01-28T23:18:21","modified_gmt":"2023-01-28T22:18:21","slug":"muerte-en-blackheath-9788466656993","status":"publish","type":"product","link":"https:\/\/www.claret.cat\/es\/libro\/muerte-en-blackheath-9788466656993\/","title":{"rendered":"MUERTE EN BLACKHEATH"},"content":{"rendered":"<p>Como comandante de la poderosa Special Branch, el trabajo de Thomas Pitt consiste en mantener a Gran Breta\u00f1a a salvo de esp\u00edas y traidores. Por lo tanto, le resultar\u00e1 extra\u00f1o que de pronto le ordenen investigar dos incidentes menores: el hallazgo de sangre, pelos y cristales rotos ante el domicilio del experto en armamento naval Dudley Kynaston, y la simult\u00e1nea desaparici\u00f3n de la atractiva doncella de la se\u00f1ora Kynaston.<br \/> Pero semanas despu\u00e9s, al descubrirse el cad\u00e1ver mutilado de una joven no identificada cerca de casa de los Kynaston,\u00a0 Pitt tendr\u00e1 claro que no se trata de una simple investigaci\u00f3n policial. \u00bfEs posible que Kynaston, uno de los cient\u00edficos m\u00e1s valiosos de Gran Breta\u00f1a, est\u00e9 llevando una doble vida? \u00bfAcaso han endilgado a Pitt una conspiraci\u00f3n tan diab\u00f3lica porque podr\u00eda acabar con su carrera?<br \/> En su desconcierto, Pitt nunca ha necesitado tanto a sus amigos, incluidos su ind\u00f3mita esposa Charlotte, su astuto ex colega Victor Narraway y su esp\u00eda particular de la alta sociedad, lady Vespasia Cumming-Gould.<br \/> Solo Anne Perry podr\u00eda haber creado el tenso entramado de conspiraciones e intrigas, amores y odios, esc\u00e1ndalos y asesinatos de Muerte en Blackheath. Una novela con aut\u00e9ntico sabor de \u00e9poca, personajes fascinantes, inquietante suspense y un desenlace inolvidable.<br \/> \u00abMediante el misterio y la fantas\u00eda, Perry aspira a cambiar la vida de sus lectores, ense\u00f1\u00e1ndoles, seg\u00fan sus propias palabras, &lsquo;una visi\u00f3n de la vida que permite empatizar con personas cuyos caminos pueden ser muy distintos de los nuestros&rsquo;.\u00bbPublishers Weekly<br \/> \u00abLas novelas de misterio victorianas de Anne Perry jam\u00e1s decepcionan.\u00bbBookreporter<br \/> \u00abAmena y entretenida&hellip; Retrata la \u00e9poca a la perfecci\u00f3n, creando personajes realistas y una tensi\u00f3n sin fisuras.\u00bbHistorical Novels Review<br \/> \u00abLo que distingue el trabajo de Anne Perry es su estilo limpio e incisivo y su mirada contempor\u00e1nea sobre la sociedad de la preguerra.\u00bbSt. Louis Post-Dispatch<br \/> \u00abImpetuosa y turbulenta&hellip; Perry ha perfeccionado su exquisito toque personal.\u00bbThe New York Times Book Review<br \/> \u00abPerry dilucida con maestr\u00eda los males de la \u00e9poca victoriana.\u00bbBooklist<br \/> Anne Perry es la autora de dos aclamadas series ambientadas en la Inglaterra victoriana: las novelas de William Monk, que incluyen Asesino en la oscuridad, Marea incierta, Un mar oscuro, Justicia ciega, y las novelas de Charlotte y Thomas Pitt, que incluyen Los cad\u00e1veres de Callander Square, Un crimen en Buckingham Palace, Los anarquistas de Long Spoon Lane y Medianoche en Marble Arch. Tambi\u00e9n es la autora de las novelas ambientadas en la Primera Guerra Mundial Las tumbas del ma\u00f1ana, El peso del cielo, \u00c1ngeles en las tinieblas, Las trincheras del odio y No dormiremos. Asimismo, ha incursionado con \u00e9xito en la novela hist\u00f3rica con El brillo de la seda. Anne Perry vive en Escocia.<\/p>\n","protected":false},"excerpt":{"rendered":"<p>PERRY, ANNE<\/p>\n","protected":false},"featured_media":244669,"template":"","meta":{"_acf_changed":false,"om_disable_all_campaigns":false,"rs_blank_template":"","rs_page_bg_color":"","slide_template_v7":"","inline_featured_image":false,"_monsterinsights_skip_tracking":false,"_monsterinsights_sitenote_active":false,"_monsterinsights_sitenote_note":"","_monsterinsights_sitenote_category":0},"product_brand":[],"product_cat":[16],"product_tag":[],"class_list":{"0":"post-244668","1":"product","2":"type-product","3":"status-publish","4":"has-post-thumbnail","6":"product_cat-sense-categoria","8":"first","9":"instock","10":"taxable","11":"shipping-taxable","12":"purchasable","13":"product-type-simple"},"acf":{"autor":"PERRY, ANNE","codart":"846665699","libros-coleccion":"","ediciones":"1","encuadernacion":"R\u00fastica","fecha_de_publicacion":"01\/11\/2015","novedad":"0","paginas":"368","subtitulo":"UN CASO DE THOMAS Y CHARLOTTE PITT","orden":"999","portada":"0","idioma":"spa","editorial":[{"ID":147506,"post_author":"3","post_date":"2022-10-14 11:51:06","post_date_gmt":"2022-10-14 09:51:06","post_content":"","post_title":"B EDICIONES","post_excerpt":"","post_status":"publish","comment_status":"closed","ping_status":"closed","post_password":"","post_name":"b-ediciones","to_ping":"","pinged":"","post_modified":"2022-10-14 11:51:06","post_modified_gmt":"2022-10-14 09:51:06","post_content_filtered":"","post_parent":0,"guid":"http:\/\/dev.claret.cat\/editorial\/b-ediciones\/","menu_order":0,"post_type":"editorial","post_mime_type":"","comment_count":"0","filter":"raw"}],"autores-libros":[{"ID":150707,"post_author":"3","post_date":"2022-10-14 14:35:06","post_date_gmt":"2022-10-14 12:35:06","post_content":"","post_title":"ANNE PERRY","post_excerpt":"","post_status":"publish","comment_status":"closed","ping_status":"closed","post_password":"","post_name":"anne-perry","to_ping":"","pinged":"","post_modified":"2022-10-14 14:35:06","post_modified_gmt":"2022-10-14 12:35:06","post_content_filtered":"","post_parent":0,"guid":"http:\/\/dev.claret.cat\/autor\/anne-perry\/","menu_order":0,"post_type":"autor","post_mime_type":"","comment_count":"0","filter":"raw"}]},"aioseo_notices":[],"_links":{"self":[{"href":"https:\/\/www.claret.cat\/es\/wp-json\/wp\/v2\/product\/244668","targetHints":{"allow":["GET"]}}],"collection":[{"href":"https:\/\/www.claret.cat\/es\/wp-json\/wp\/v2\/product"}],"about":[{"href":"https:\/\/www.claret.cat\/es\/wp-json\/wp\/v2\/types\/product"}],"wp:featuredmedia":[{"embeddable":true,"href":"https:\/\/www.claret.cat\/es\/wp-json\/wp\/v2\/media\/244669"}],"wp:attachment":[{"href":"https:\/\/www.claret.cat\/es\/wp-json\/wp\/v2\/media?parent=244668"}],"wp:term":[{"taxonomy":"product_brand","embeddable":true,"href":"https:\/\/www.claret.cat\/es\/wp-json\/wp\/v2\/product_brand?post=244668"},{"taxonomy":"product_cat","embeddable":true,"href":"https:\/\/www.claret.cat\/es\/wp-json\/wp\/v2\/product_cat?post=244668"},{"taxonomy":"product_tag","embeddable":true,"href":"https:\/\/www.claret.cat\/es\/wp-json\/wp\/v2\/product_tag?post=244668"}],"curies":[{"name":"wp","href":"https:\/\/api.w.org\/{rel}","templated":true}]}}