{"id":244719,"date":"2022-10-21T01:49:57","date_gmt":"2022-10-20T23:49:57","guid":{"rendered":"http:\/\/dev.claret.cat\/producte\/emma-y-la-navidad\/"},"modified":"2023-01-28T09:26:05","modified_gmt":"2023-01-28T08:26:05","slug":"emma-y-la-navidad-9788494429521","status":"publish","type":"product","link":"https:\/\/www.claret.cat\/es\/libro\/emma-y-la-navidad-9788494429521\/","title":{"rendered":"EMMA Y LA NAVIDAD"},"content":{"rendered":"<p>Navidad, \u00bfqu\u00e9 es eso? Ser\u00e1 la primera vez que los peque\u00f1os que, como Emma, rondan los dos a\u00f1os, vivan una Navidad de forma consciente. \u00a1Qu\u00e9 emocionante! Todo est\u00e1 decorado, hay cosas ricas cocin\u00e1ndose en el horno y en todas partes se escucha m\u00fasica. \u00bfQu\u00e9 se esconde tras las puertas del calendario de adviento? \u00bfC\u00f3mo de grande es el \u00e1rbol de Navidad? \u00bfQui\u00e9n es ese que lleva un traje rojo y barba blanca? \u00bfCu\u00e1ndo podr\u00e1 abrir Emma sus regalos?<\/p>\n<p> Tenemos ante nosotros un nuevo ejemplar en la preciosa colecci\u00f3n de experiencias de Emma, la peque\u00f1a osa salida de la genial pluma de Jutta Bauer.<\/p>\n","protected":false},"excerpt":{"rendered":"<p>BAUER, JUTTA<\/p>\n","protected":false},"featured_media":244720,"template":"","meta":{"_acf_changed":false,"om_disable_all_campaigns":false,"rs_blank_template":"","rs_page_bg_color":"","slide_template_v7":"","inline_featured_image":false,"_monsterinsights_skip_tracking":false,"_monsterinsights_sitenote_active":false,"_monsterinsights_sitenote_note":"","_monsterinsights_sitenote_category":0},"product_brand":[],"product_cat":[86],"product_tag":[],"class_list":{"0":"post-244719","1":"product","2":"type-product","3":"status-publish","4":"has-post-thumbnail","6":"product_cat-infantil","8":"first","9":"instock","10":"taxable","11":"shipping-taxable","12":"purchasable","13":"product-type-simple"},"acf":{"autor":"BAUER, JUTTA","codart":"849442952","libros-coleccion":"Peque\u00f1ol\u00f3guez","ediciones":"1","encuadernacion":"Carpeta","fecha_de_publicacion":"01\/11\/2015","novedad":"1","paginas":"12","subtitulo":"","orden":"0","portada":"0","idioma":"spa","editorial":[{"ID":148459,"post_author":"3","post_date":"2022-10-14 11:58:24","post_date_gmt":"2022-10-14 09:58:24","post_content":"","post_title":"LOGUEZ EDICIONES","post_excerpt":"","post_status":"publish","comment_status":"closed","ping_status":"closed","post_password":"","post_name":"loguez-ediciones","to_ping":"","pinged":"","post_modified":"2022-10-14 11:58:24","post_modified_gmt":"2022-10-14 09:58:24","post_content_filtered":"","post_parent":0,"guid":"http:\/\/dev.claret.cat\/editorial\/loguez-ediciones\/","menu_order":0,"post_type":"editorial","post_mime_type":"","comment_count":"0","filter":"raw"}],"autores-libros":[{"ID":161380,"post_author":"3","post_date":"2022-10-14 17:17:45","post_date_gmt":"2022-10-14 15:17:45","post_content":"","post_title":"JUTTA BAUER","post_excerpt":"","post_status":"publish","comment_status":"closed","ping_status":"closed","post_password":"","post_name":"jutta-bauer","to_ping":"","pinged":"","post_modified":"2022-10-14 17:17:45","post_modified_gmt":"2022-10-14 15:17:45","post_content_filtered":"","post_parent":0,"guid":"http:\/\/dev.claret.cat\/autor\/jutta-bauer\/","menu_order":0,"post_type":"autor","post_mime_type":"","comment_count":"0","filter":"raw"}]},"aioseo_notices":[],"_links":{"self":[{"href":"https:\/\/www.claret.cat\/es\/wp-json\/wp\/v2\/product\/244719","targetHints":{"allow":["GET"]}}],"collection":[{"href":"https:\/\/www.claret.cat\/es\/wp-json\/wp\/v2\/product"}],"about":[{"href":"https:\/\/www.claret.cat\/es\/wp-json\/wp\/v2\/types\/product"}],"wp:featuredmedia":[{"embeddable":true,"href":"https:\/\/www.claret.cat\/es\/wp-json\/wp\/v2\/media\/244720"}],"wp:attachment":[{"href":"https:\/\/www.claret.cat\/es\/wp-json\/wp\/v2\/media?parent=244719"}],"wp:term":[{"taxonomy":"product_brand","embeddable":true,"href":"https:\/\/www.claret.cat\/es\/wp-json\/wp\/v2\/product_brand?post=244719"},{"taxonomy":"product_cat","embeddable":true,"href":"https:\/\/www.claret.cat\/es\/wp-json\/wp\/v2\/product_cat?post=244719"},{"taxonomy":"product_tag","embeddable":true,"href":"https:\/\/www.claret.cat\/es\/wp-json\/wp\/v2\/product_tag?post=244719"}],"curies":[{"name":"wp","href":"https:\/\/api.w.org\/{rel}","templated":true}]}}