{"id":244743,"date":"2022-10-21T01:50:31","date_gmt":"2022-10-20T23:50:31","guid":{"rendered":"http:\/\/dev.claret.cat\/producte\/dracula-9\/"},"modified":"2023-01-28T02:39:42","modified_gmt":"2023-01-28T01:39:42","slug":"dracula-9788439731078","status":"publish","type":"product","link":"https:\/\/www.claret.cat\/es\/libro\/dracula-9788439731078\/","title":{"rendered":"DR\u00c1CULA"},"content":{"rendered":"<p>Mucho m\u00e1s que una novela g\u00f3tica, Dr\u00e1cula es un ejercicio literario excepcional.Jonathan Harker viaja a Transilvania para cerrar un negocio inmobiliario  con un misterioso conde que acaba de comprar varias propiedades en  Londres. Despu\u00e9s de un viaje plagado de ominosas se\u00f1ales, Harker es  recogido en el Paso de Borgo por un siniestro carruaje que lo llevar\u00e1,  acunado por el canto de los lobos, a un castillo en ruinas. Tal es el  inquietante principio de una novela magistral que alumbr\u00f3 uno de los mitos m\u00e1s populares y poderosos de todos los tiempos: Dr\u00e1cula.<\/p>\n","protected":false},"excerpt":{"rendered":"<p>STOKER,BRAM<\/p>\n","protected":false},"featured_media":244744,"template":"","meta":{"_acf_changed":false,"om_disable_all_campaigns":false,"rs_blank_template":"","rs_page_bg_color":"","slide_template_v7":"","inline_featured_image":false,"_monsterinsights_skip_tracking":false,"_monsterinsights_sitenote_active":false,"_monsterinsights_sitenote_note":"","_monsterinsights_sitenote_category":0},"product_brand":[],"product_cat":[16],"product_tag":[],"class_list":{"0":"post-244743","1":"product","2":"type-product","3":"status-publish","4":"has-post-thumbnail","6":"product_cat-sense-categoria","8":"first","9":"instock","10":"taxable","11":"shipping-taxable","12":"purchasable","13":"product-type-simple"},"acf":{"autor":"STOKER,BRAM","codart":"843973107","libros-coleccion":"","ediciones":"1","encuadernacion":"Carton\u00e9","fecha_de_publicacion":"01\/11\/2015","novedad":"0","paginas":"510","subtitulo":"","orden":"999","portada":"0","idioma":"spa","editorial":[{"ID":148730,"post_author":"3","post_date":"2022-10-14 12:00:32","post_date_gmt":"2022-10-14 10:00:32","post_content":"","post_title":"RANDOM HOUSE MONDADORI","post_excerpt":"","post_status":"publish","comment_status":"closed","ping_status":"closed","post_password":"","post_name":"random-house-mondadori","to_ping":"","pinged":"","post_modified":"2022-10-14 12:00:32","post_modified_gmt":"2022-10-14 10:00:32","post_content_filtered":"","post_parent":0,"guid":"http:\/\/dev.claret.cat\/editorial\/random-house-mondadori\/","menu_order":0,"post_type":"editorial","post_mime_type":"","comment_count":"0","filter":"raw"}],"autores-libros":[{"ID":151858,"post_author":"3","post_date":"2022-10-14 14:44:11","post_date_gmt":"2022-10-14 12:44:11","post_content":"","post_title":"BRAM STOKER","post_excerpt":"","post_status":"publish","comment_status":"closed","ping_status":"closed","post_password":"","post_name":"bram-stoker","to_ping":"","pinged":"","post_modified":"2022-10-14 14:44:11","post_modified_gmt":"2022-10-14 12:44:11","post_content_filtered":"","post_parent":0,"guid":"http:\/\/dev.claret.cat\/autor\/bram-stoker\/","menu_order":0,"post_type":"autor","post_mime_type":"","comment_count":"0","filter":"raw"}]},"aioseo_notices":[],"_links":{"self":[{"href":"https:\/\/www.claret.cat\/es\/wp-json\/wp\/v2\/product\/244743","targetHints":{"allow":["GET"]}}],"collection":[{"href":"https:\/\/www.claret.cat\/es\/wp-json\/wp\/v2\/product"}],"about":[{"href":"https:\/\/www.claret.cat\/es\/wp-json\/wp\/v2\/types\/product"}],"wp:featuredmedia":[{"embeddable":true,"href":"https:\/\/www.claret.cat\/es\/wp-json\/wp\/v2\/media\/244744"}],"wp:attachment":[{"href":"https:\/\/www.claret.cat\/es\/wp-json\/wp\/v2\/media?parent=244743"}],"wp:term":[{"taxonomy":"product_brand","embeddable":true,"href":"https:\/\/www.claret.cat\/es\/wp-json\/wp\/v2\/product_brand?post=244743"},{"taxonomy":"product_cat","embeddable":true,"href":"https:\/\/www.claret.cat\/es\/wp-json\/wp\/v2\/product_cat?post=244743"},{"taxonomy":"product_tag","embeddable":true,"href":"https:\/\/www.claret.cat\/es\/wp-json\/wp\/v2\/product_tag?post=244743"}],"curies":[{"name":"wp","href":"https:\/\/api.w.org\/{rel}","templated":true}]}}