{"id":244797,"date":"2022-10-21T01:51:45","date_gmt":"2022-10-20T23:51:45","guid":{"rendered":"http:\/\/dev.claret.cat\/producte\/asi-es-tu-cerebro-cuando-haces-deporte\/"},"modified":"2025-07-22T09:15:27","modified_gmt":"2025-07-22T07:15:27","slug":"asi-es-tu-cerebro-cuando-haces-deporte-9788494408434","status":"publish","type":"product","link":"https:\/\/www.claret.cat\/es\/libro\/asi-es-tu-cerebro-cuando-haces-deporte-9788494408434\/","title":{"rendered":"AS\u00cd ES TU CEREBRO CUANDO HACES DEPORTE"},"content":{"rendered":"<p>As\u00ed es tu cerebro cuando haces deporte. C\u00f3mo vencer para siempre los bloqueos, el des\u00e1nimo y la ansiedad es un libro imprescindible para la psicolog\u00eda deportiva y la mejora del rendimiento. El enfoque del trabajo con brainspotting deportivo es eficaz y potente en el tratamiento de atletas de todos los deportes y niveles, desde los profesionales y ol\u00edmpicos hasta los amateurs. La t\u00e9cnica de Grand y Goldberg va m\u00e1s all\u00e1 del deporte, y puede aplicarse a un amplio abanico de disciplinas, como la empresa, las artes esc\u00e9nicas, la oratoria y el mundo acad\u00e9mico. El trabajo con brainspotting deportivo ayuda a los individuos, en todos los contextos, a sentirse mejor en su piel y a encontrarse serenos, equilibrados y mejor coordinados.<\/p>\n","protected":false},"excerpt":{"rendered":"<p>GRAND, DAVID \/ GOLDBERG, ALAN<\/p>\n","protected":false},"featured_media":1047696,"template":"","meta":{"_acf_changed":false,"om_disable_all_campaigns":false,"rs_blank_template":"","rs_page_bg_color":"","slide_template_v7":"","inline_featured_image":false,"_monsterinsights_skip_tracking":false,"_monsterinsights_sitenote_active":false,"_monsterinsights_sitenote_note":"","_monsterinsights_sitenote_category":0},"product_brand":[],"product_cat":[81,347],"product_tag":[],"class_list":{"0":"post-244797","1":"product","2":"type-product","3":"status-publish","4":"has-post-thumbnail","6":"product_cat-psicologia","7":"product_cat-psicologia-2_humanidades","9":"first","10":"outofstock","11":"taxable","12":"shipping-taxable","13":"purchasable","14":"product-type-simple"},"acf":{"autor":"GRAND, DAVID \/ GOLDBERG, ALAN","codart":"849440843","libros-coleccion":"","ediciones":"1","encuadernacion":"R\u00fastica","fecha_de_publicacion":"01\/11\/2015","novedad":"0","paginas":"0","subtitulo":"C\u00d3MO VENCER PARA SIEMPRE LOS BLOQUEOS, EL DES\u00c1NIMO Y LA ANSIEDAD","orden":"999","portada":"0","idioma":"spa","editorial":[{"ID":147973,"post_author":"3","post_date":"2022-10-14 11:54:39","post_date_gmt":"2022-10-14 09:54:39","post_content":"","post_title":"EDITORIAL ELEFTHERIA SL","post_excerpt":"","post_status":"publish","comment_status":"closed","ping_status":"closed","post_password":"","post_name":"editorial-eleftheria-sl","to_ping":"","pinged":"","post_modified":"2022-10-14 11:54:39","post_modified_gmt":"2022-10-14 09:54:39","post_content_filtered":"","post_parent":0,"guid":"http:\/\/dev.claret.cat\/editorial\/editorial-eleftheria-sl\/","menu_order":0,"post_type":"editorial","post_mime_type":"","comment_count":"0","filter":"raw"}],"booktrailer":"","resenas":"","autores-libros":[{"ID":421726,"post_author":"3","post_date":"2023-05-16 07:04:18","post_date_gmt":"2023-05-16 05:04:18","post_content":"","post_title":"DAVID GRAND","post_excerpt":"","post_status":"publish","comment_status":"closed","ping_status":"closed","post_password":"","post_name":"david-grand","to_ping":"","pinged":"","post_modified":"2023-05-16 07:04:18","post_modified_gmt":"2023-05-16 05:04:18","post_content_filtered":"","post_parent":0,"guid":"https:\/\/www.claret.cat\/autor\/david-grand\/","menu_order":0,"post_type":"autor","post_mime_type":"","comment_count":"0","filter":"raw"},{"ID":420027,"post_author":"3","post_date":"2023-05-16 00:33:35","post_date_gmt":"2023-05-15 22:33:35","post_content":"","post_title":"ALAN GOLDBERG","post_excerpt":"","post_status":"publish","comment_status":"closed","ping_status":"closed","post_password":"","post_name":"alan-goldberg","to_ping":"","pinged":"","post_modified":"2023-05-16 00:33:35","post_modified_gmt":"2023-05-15 22:33:35","post_content_filtered":"","post_parent":0,"guid":"https:\/\/www.claret.cat\/autor\/alan-goldberg\/","menu_order":0,"post_type":"autor","post_mime_type":"","comment_count":"0","filter":"raw"}]},"aioseo_notices":[],"_links":{"self":[{"href":"https:\/\/www.claret.cat\/es\/wp-json\/wp\/v2\/product\/244797","targetHints":{"allow":["GET"]}}],"collection":[{"href":"https:\/\/www.claret.cat\/es\/wp-json\/wp\/v2\/product"}],"about":[{"href":"https:\/\/www.claret.cat\/es\/wp-json\/wp\/v2\/types\/product"}],"wp:featuredmedia":[{"embeddable":true,"href":"https:\/\/www.claret.cat\/es\/wp-json\/wp\/v2\/media\/1047696"}],"wp:attachment":[{"href":"https:\/\/www.claret.cat\/es\/wp-json\/wp\/v2\/media?parent=244797"}],"wp:term":[{"taxonomy":"product_brand","embeddable":true,"href":"https:\/\/www.claret.cat\/es\/wp-json\/wp\/v2\/product_brand?post=244797"},{"taxonomy":"product_cat","embeddable":true,"href":"https:\/\/www.claret.cat\/es\/wp-json\/wp\/v2\/product_cat?post=244797"},{"taxonomy":"product_tag","embeddable":true,"href":"https:\/\/www.claret.cat\/es\/wp-json\/wp\/v2\/product_tag?post=244797"}],"curies":[{"name":"wp","href":"https:\/\/api.w.org\/{rel}","templated":true}]}}