{"id":24481,"date":"2022-10-02T10:17:01","date_gmt":"2022-10-02T08:17:01","guid":{"rendered":"http:\/\/dev.claret.cat\/producte\/guillem\/"},"modified":"2025-01-31T13:48:04","modified_gmt":"2025-01-31T12:48:04","slug":"guillem-9788417918194","status":"publish","type":"product","link":"https:\/\/www.claret.cat\/es\/libro\/guillem-9788417918194\/","title":{"rendered":"GUILLEM"},"content":{"rendered":"<p>Guillem Agull\u00f3 i Salvador va ser assassinat a Montanejos (Alt Millars) la matinada de l&#8217;11 d&#8217;abril del 1993. Era nedador. Antifeixista. Antiracista. Independentista.<br \/> Tenia divuit anys.<br \/> El cas va sotragar i marcar una generaci\u00f3 sencera de joves. Guillem Agull\u00f3 ha esdevingut un s\u00edmbol de llibertat. L&#8217;assassinat de Guillem Agull\u00f3 \u00e9s un esgarrif\u00f3s exemple de la impunitat amb qu\u00e8 actua el feixisme, sota la protecci\u00f3 de les forces polic\u00edaques i del sistema judicial, i amb la vergonyosa complicitat d&#8217;una premsa capa\u00e7 de manipular la realitat fins a l&#8217;extrem de presentar la v\u00edctima com a botx\u00ed. <br \/> Aquesta novel\u00b7la documental ens submergeix en una Val\u00e8ncia amb urpes, on les h\u00f2sties volen com si fossin part del decorat, i denuncia l&#8217;intent de soterrar viva una fam\u00edlia. Assetjant-los. Calumniant-los. Posant-los a la diana del seu odi amb pintades als carrers i pancartes de \u00abGuillem, j\u00f3dete\u00bb als estadis de futbol. No ho van aconseguir.<br \/> N\u00faria Cadenes, amb un estil depurat i contingut, s&#8217;ha immers en el sumari del cas, en els diaris de l&#8217;\u00e8poca, en els records de la fam\u00edlia i amics del Guillem i fins i tot en el seu propi passat per mesurar la dist\u00e0ncia que hi ha entre la paraula injust\u00edcia i la paraula dignitat. Ni oblit ni perd\u00f3.<\/p>\n","protected":false},"excerpt":{"rendered":"<p>CADENES, N\u00daRIA<\/p>\n","protected":false},"featured_media":66834,"template":"","meta":{"_acf_changed":false,"om_disable_all_campaigns":false,"rs_blank_template":"","rs_page_bg_color":"","slide_template_v7":"","inline_featured_image":false,"_monsterinsights_skip_tracking":false,"_monsterinsights_sitenote_active":false,"_monsterinsights_sitenote_note":"","_monsterinsights_sitenote_category":0},"product_brand":[],"product_cat":[430,153],"product_tag":[],"class_list":{"0":"post-24481","1":"product","2":"type-product","3":"status-publish","4":"has-post-thumbnail","6":"product_cat-cataluna","7":"product_cat-catalunya","9":"first","10":"instock","11":"taxable","12":"shipping-taxable","13":"purchasable","14":"product-type-simple"},"acf":{"autor":"CADENES, N\u00daRIA","codart":"841791819","libros-coleccion":"NOVEL-LA","ediciones":"1","encuadernacion":"R\u00fastica","fecha_de_publicacion":"01\/01\/2020","novedad":"1","paginas":"177","subtitulo":"","orden":"0","portada":"0","idioma":"cat","editorial":[{"ID":147425,"post_author":"3","post_date":"2022-10-14 11:50:28","post_date_gmt":"2022-10-14 09:50:28","post_content":"","post_title":"Amsterdam","post_excerpt":"","post_status":"publish","comment_status":"closed","ping_status":"closed","post_password":"","post_name":"amsterdam","to_ping":"","pinged":"","post_modified":"2022-10-14 11:50:28","post_modified_gmt":"2022-10-14 09:50:28","post_content_filtered":"","post_parent":0,"guid":"http:\/\/dev.claret.cat\/editorial\/amsterdam\/","menu_order":0,"post_type":"editorial","post_mime_type":"","comment_count":"0","filter":"raw"}],"autores-libros":[{"ID":166014,"post_author":"3","post_date":"2022-10-14 17:59:44","post_date_gmt":"2022-10-14 15:59:44","post_content":"","post_title":"N\u00daRIA CADENES","post_excerpt":"","post_status":"publish","comment_status":"closed","ping_status":"closed","post_password":"","post_name":"nuria-cadenes-2","to_ping":"","pinged":"","post_modified":"2022-10-14 17:59:44","post_modified_gmt":"2022-10-14 15:59:44","post_content_filtered":"","post_parent":0,"guid":"http:\/\/dev.claret.cat\/autor\/nuria-cadenes-2\/","menu_order":0,"post_type":"autor","post_mime_type":"","comment_count":"0","filter":"raw"}]},"aioseo_notices":[],"_links":{"self":[{"href":"https:\/\/www.claret.cat\/es\/wp-json\/wp\/v2\/product\/24481","targetHints":{"allow":["GET"]}}],"collection":[{"href":"https:\/\/www.claret.cat\/es\/wp-json\/wp\/v2\/product"}],"about":[{"href":"https:\/\/www.claret.cat\/es\/wp-json\/wp\/v2\/types\/product"}],"wp:featuredmedia":[{"embeddable":true,"href":"https:\/\/www.claret.cat\/es\/wp-json\/wp\/v2\/media\/66834"}],"wp:attachment":[{"href":"https:\/\/www.claret.cat\/es\/wp-json\/wp\/v2\/media?parent=24481"}],"wp:term":[{"taxonomy":"product_brand","embeddable":true,"href":"https:\/\/www.claret.cat\/es\/wp-json\/wp\/v2\/product_brand?post=24481"},{"taxonomy":"product_cat","embeddable":true,"href":"https:\/\/www.claret.cat\/es\/wp-json\/wp\/v2\/product_cat?post=24481"},{"taxonomy":"product_tag","embeddable":true,"href":"https:\/\/www.claret.cat\/es\/wp-json\/wp\/v2\/product_tag?post=24481"}],"curies":[{"name":"wp","href":"https:\/\/api.w.org\/{rel}","templated":true}]}}