{"id":245168,"date":"2022-10-21T02:00:40","date_gmt":"2022-10-21T00:00:40","guid":{"rendered":"http:\/\/dev.claret.cat\/producte\/encantadoramente-rebelde-ever-after-high\/"},"modified":"2025-12-16T13:08:56","modified_gmt":"2025-12-16T12:08:56","slug":"encantadoramente-rebelde-ever-after-high-9788420488097","status":"publish","type":"product","link":"https:\/\/www.claret.cat\/es\/libro\/encantadoramente-rebelde-ever-after-high-9788420488097\/","title":{"rendered":"ENCANTADORAMENTE REBELDE (EVER AFTER HIGH)"},"content":{"rendered":"<p>Cierra los cuentos que siempre has le\u00eddo y abre un nuevo cap\u00edtulo en Ever After High&#8230;Una Real deseosa de seguir su destino&#8230; y una Rebelde dispuesta a escribir el suyo.Darling Charming se aburre en clase de Damisela en Apuros. Preferir\u00eda  mil veces estar en Entrenamiento Heroico con sus hermanos. El problema  es que lleva un tiempo ayudando a su hermano Dexter a aprobar la  asignatura. Si alguien se entera, en Ever After High estallar\u00e1 un  esc\u00e1ndalo. Al ser una de las familias m\u00e1s prestigiosas del reino, los  Charming tienen una reputaci\u00f3n que mantener. Darling est\u00e1 destinada a  ser una damisela en apuros pero&#8230; quiz\u00e1 su coraz\u00f3n Rebelde quiera  decidir su propio destino. \u00bfPor qu\u00e9 solo van a poder divertirse los pr\u00edncipes?<\/p>\n","protected":false},"excerpt":{"rendered":"<p>SELFORS,SUZANNE<\/p>\n","protected":false},"featured_media":1070802,"template":"","meta":{"_acf_changed":false,"om_disable_all_campaigns":false,"rs_blank_template":"","rs_page_bg_color":"","slide_template_v7":"","inline_featured_image":false,"_monsterinsights_skip_tracking":false,"_monsterinsights_sitenote_active":false,"_monsterinsights_sitenote_note":"","_monsterinsights_sitenote_category":0},"product_brand":[],"product_cat":[90,540],"product_tag":[],"class_list":{"0":"post-245168","1":"product","2":"type-product","3":"status-publish","4":"has-post-thumbnail","6":"product_cat-altres","7":"product_cat-otros","9":"first","10":"outofstock","11":"taxable","12":"shipping-taxable","13":"purchasable","14":"product-type-simple"},"acf":{"autor":"SELFORS,SUZANNE","codart":"842048809","libros-coleccion":"","ediciones":"1","encuadernacion":"Carton\u00e9","fecha_de_publicacion":"01\/11\/2015","novedad":"0","paginas":"238","subtitulo":"","orden":"999","portada":"0","idioma":"spa","editorial":[{"ID":147392,"post_author":"3","post_date":"2022-10-14 11:50:13","post_date_gmt":"2022-10-14 09:50:13","post_content":"","post_title":"ALFAGUARA, EDITORIAL","post_excerpt":"","post_status":"publish","comment_status":"closed","ping_status":"closed","post_password":"","post_name":"alfaguara-editorial","to_ping":"","pinged":"","post_modified":"2022-10-14 11:50:13","post_modified_gmt":"2022-10-14 09:50:13","post_content_filtered":"","post_parent":0,"guid":"http:\/\/dev.claret.cat\/editorial\/alfaguara-editorial\/","menu_order":0,"post_type":"editorial","post_mime_type":"","comment_count":"0","filter":"raw"}],"autores-libros":[{"ID":170013,"post_author":"3","post_date":"2022-10-14 22:31:51","post_date_gmt":"2022-10-14 20:31:51","post_content":"","post_title":"SUZANNE SELFORS","post_excerpt":"","post_status":"publish","comment_status":"closed","ping_status":"closed","post_password":"","post_name":"suzanne-selfors","to_ping":"","pinged":"","post_modified":"2022-10-14 22:31:51","post_modified_gmt":"2022-10-14 20:31:51","post_content_filtered":"","post_parent":0,"guid":"http:\/\/dev.claret.cat\/autor\/suzanne-selfors\/","menu_order":0,"post_type":"autor","post_mime_type":"","comment_count":"0","filter":"raw"}],"booktrailer":"","resenas":""},"aioseo_notices":[],"_links":{"self":[{"href":"https:\/\/www.claret.cat\/es\/wp-json\/wp\/v2\/product\/245168","targetHints":{"allow":["GET"]}}],"collection":[{"href":"https:\/\/www.claret.cat\/es\/wp-json\/wp\/v2\/product"}],"about":[{"href":"https:\/\/www.claret.cat\/es\/wp-json\/wp\/v2\/types\/product"}],"wp:featuredmedia":[{"embeddable":true,"href":"https:\/\/www.claret.cat\/es\/wp-json\/wp\/v2\/media\/1070802"}],"wp:attachment":[{"href":"https:\/\/www.claret.cat\/es\/wp-json\/wp\/v2\/media?parent=245168"}],"wp:term":[{"taxonomy":"product_brand","embeddable":true,"href":"https:\/\/www.claret.cat\/es\/wp-json\/wp\/v2\/product_brand?post=245168"},{"taxonomy":"product_cat","embeddable":true,"href":"https:\/\/www.claret.cat\/es\/wp-json\/wp\/v2\/product_cat?post=245168"},{"taxonomy":"product_tag","embeddable":true,"href":"https:\/\/www.claret.cat\/es\/wp-json\/wp\/v2\/product_tag?post=245168"}],"curies":[{"name":"wp","href":"https:\/\/api.w.org\/{rel}","templated":true}]}}