{"id":24523,"date":"2022-10-02T10:17:34","date_gmt":"2022-10-02T08:17:34","guid":{"rendered":"http:\/\/dev.claret.cat\/producte\/les-donzelles\/"},"modified":"2025-01-31T13:46:55","modified_gmt":"2025-01-31T12:46:55","slug":"les-donzelles-9788417918460","status":"publish","type":"product","link":"https:\/\/www.claret.cat\/es\/libro\/les-donzelles-9788417918460\/","title":{"rendered":"LES DONZELLES"},"content":{"rendered":"<p>L\u2019Edward Fosca \u00e9s un assass\u00ed. La Mariana no en t\u00e9 cap dubte. Per\u00f2 Fosca \u00e9s intocable. Professor de trag\u00e8dia grega a Cambridge, atractiu i carism\u00e0tic, i reverenciat per mestres i alumnes i, molt especialment, per l\u2019enigm\u00e0tica societat de belles estudiants privilegiades que tothom coneix amb el nom de Les Donzelles.<\/p>\n<p>La Mariana \u00e9s psicoterapeuta i est\u00e0 conven\u00e7uda que, rere la fascinaci\u00f3 pels sacrificis de l\u2019Antiga Gr\u00e8cia de Fosca, s\u2019amaga una ment depravada. Per\u00f2 ni tan sols qui ha conegut de prop els racons m\u00e9s foscos de l\u2019\u00e0nima humana pot fugir dels seus propis fantasmes.<\/p>\n<p>Amb una combinaci\u00f3 magistral de suspens, erudici\u00f3 i crim, la segona novel\u00b7la de Michaelides \u00e9s una lectura addictiva que consagra el seu autor com una de les veus imprescindibles del thriller contemporani.<\/p>\n","protected":false},"excerpt":{"rendered":"<p>MICHAELIDES, ALEX \/ BOIXAD\u00d3S I BISBAL, JORDI<\/p>\n","protected":false},"featured_media":64680,"template":"","meta":{"_acf_changed":false,"om_disable_all_campaigns":false,"rs_blank_template":"","rs_page_bg_color":"","slide_template_v7":"","inline_featured_image":false,"_monsterinsights_skip_tracking":false,"_monsterinsights_sitenote_active":false,"_monsterinsights_sitenote_note":"","_monsterinsights_sitenote_category":0},"product_brand":[],"product_cat":[127,357],"product_tag":[],"class_list":{"0":"post-24523","1":"product","2":"type-product","3":"status-publish","4":"has-post-thumbnail","6":"product_cat-novella-contemporania","7":"product_cat-novela-contemporanea","9":"first","10":"instock","11":"taxable","12":"shipping-taxable","13":"purchasable","14":"product-type-simple"},"acf":{"autor":"MICHAELIDES, ALEX \/ BOIXAD\u00d3S I BISBAL, JORDI","codart":"841791846","libros-coleccion":"FORA DE COL.LECCI\u00d3","ediciones":"1","encuadernacion":"R\u00fastica","fecha_de_publicacion":"01\/05\/2021","novedad":"1","paginas":"392","subtitulo":"","orden":"0","portada":"0","idioma":"cat","editorial":[{"ID":147425,"post_author":"3","post_date":"2022-10-14 11:50:28","post_date_gmt":"2022-10-14 09:50:28","post_content":"","post_title":"Amsterdam","post_excerpt":"","post_status":"publish","comment_status":"closed","ping_status":"closed","post_password":"","post_name":"amsterdam","to_ping":"","pinged":"","post_modified":"2022-10-14 11:50:28","post_modified_gmt":"2022-10-14 09:50:28","post_content_filtered":"","post_parent":0,"guid":"http:\/\/dev.claret.cat\/editorial\/amsterdam\/","menu_order":0,"post_type":"editorial","post_mime_type":"","comment_count":"0","filter":"raw"}],"autores-libros":[{"ID":149655,"post_author":"3","post_date":"2022-10-14 14:26:39","post_date_gmt":"2022-10-14 12:26:39","post_content":"","post_title":"ALEX MICHAELIDES","post_excerpt":"","post_status":"publish","comment_status":"closed","ping_status":"closed","post_password":"","post_name":"alex-michaelides","to_ping":"","pinged":"","post_modified":"2022-10-14 14:26:39","post_modified_gmt":"2022-10-14 12:26:39","post_content_filtered":"","post_parent":0,"guid":"http:\/\/dev.claret.cat\/autor\/alex-michaelides\/","menu_order":0,"post_type":"autor","post_mime_type":"","comment_count":"0","filter":"raw"},{"ID":159838,"post_author":"3","post_date":"2022-10-14 15:48:08","post_date_gmt":"2022-10-14 13:48:08","post_content":"","post_title":"JORDI BOIXAD\u00d3S I BISBAL","post_excerpt":"","post_status":"publish","comment_status":"closed","ping_status":"closed","post_password":"","post_name":"jordi-boixados-i-bisbal","to_ping":"","pinged":"","post_modified":"2022-10-14 15:48:08","post_modified_gmt":"2022-10-14 13:48:08","post_content_filtered":"","post_parent":0,"guid":"http:\/\/dev.claret.cat\/autor\/jordi-boixados-i-bisbal\/","menu_order":0,"post_type":"autor","post_mime_type":"","comment_count":"0","filter":"raw"}]},"aioseo_notices":[],"_links":{"self":[{"href":"https:\/\/www.claret.cat\/es\/wp-json\/wp\/v2\/product\/24523","targetHints":{"allow":["GET"]}}],"collection":[{"href":"https:\/\/www.claret.cat\/es\/wp-json\/wp\/v2\/product"}],"about":[{"href":"https:\/\/www.claret.cat\/es\/wp-json\/wp\/v2\/types\/product"}],"wp:featuredmedia":[{"embeddable":true,"href":"https:\/\/www.claret.cat\/es\/wp-json\/wp\/v2\/media\/64680"}],"wp:attachment":[{"href":"https:\/\/www.claret.cat\/es\/wp-json\/wp\/v2\/media?parent=24523"}],"wp:term":[{"taxonomy":"product_brand","embeddable":true,"href":"https:\/\/www.claret.cat\/es\/wp-json\/wp\/v2\/product_brand?post=24523"},{"taxonomy":"product_cat","embeddable":true,"href":"https:\/\/www.claret.cat\/es\/wp-json\/wp\/v2\/product_cat?post=24523"},{"taxonomy":"product_tag","embeddable":true,"href":"https:\/\/www.claret.cat\/es\/wp-json\/wp\/v2\/product_tag?post=24523"}],"curies":[{"name":"wp","href":"https:\/\/api.w.org\/{rel}","templated":true}]}}