{"id":24526,"date":"2022-10-02T10:17:37","date_gmt":"2022-10-02T08:17:37","guid":{"rendered":"http:\/\/dev.claret.cat\/producte\/piranesi\/"},"modified":"2025-01-31T13:45:40","modified_gmt":"2025-01-31T12:45:40","slug":"piranesi-9788417918484","status":"publish","type":"product","link":"https:\/\/www.claret.cat\/es\/libro\/piranesi-9788417918484\/","title":{"rendered":"PIRANESI"},"content":{"rendered":"<p>Comparada amb Borges i Murakami, Susanna Clarke retorna amb una novel\u00b7la hipn\u00f2tica, despr\u00e9s de l&#8217;\u00e8xit mundial de Jonathan Strange i el senyor Norrell.<\/p>\n<p> En Piranesi viu a la Casa, tal vegada hi ha viscut sempre. Dia rere dia pren un registre minuci\u00f3s de les Meravelles que cont\u00e9 en els seus diaris: el laberint de Vest\u00edbuls i Corredors, els milers d&#8217;Est\u00e0tues blanques, el brogit de les Marees a les Sales Baixes, la disposici\u00f3 canviant dels Estels a les Sales Altes.<\/p>\n<p> Els dimarts i els divendres, en Piranesi es troba amb el seu amic, l&#8217;Altre. Sovint tamb\u00e9 visita els Morts i els porta menjar, hi parla i els descriu les Bondats de la Casa. Bona part del temps, per\u00f2, en Piranesi est\u00e0 sol.<\/p>\n<p> Un dia apareixen missatges escrits amb guix a les Parets. Individus estranys han arribat a la Casa. S\u00f3n amics o venen a portar destrucci\u00f3 i bogeria? El M\u00f3n que en Piranesi creia que coneixia est\u00e0 canviant: esdev\u00e9 estrany i perill\u00f3s.<\/p>\n<p> Despr\u00e9s de setze anys de par\u00e8ntesi narratiu, la segona novel\u00b7la de Susanna Clarke ens endinsa en un univers on\u00edric i enigm\u00e0tic, i s&#8217;interroga sobre la ci\u00e8ncia i el progr\u00e9s, les virtuts i els mals del coneixement, la realitat i la imaginaci\u00f3, la mem\u00f2ria, l&#8217;arrog\u00e0ncia i la solitud.<\/p>\n","protected":false},"excerpt":{"rendered":"<p>CLARKE, SUSANNA<\/p>\n","protected":false},"featured_media":64384,"template":"","meta":{"_acf_changed":false,"om_disable_all_campaigns":false,"rs_blank_template":"","rs_page_bg_color":"","slide_template_v7":"","inline_featured_image":false,"_monsterinsights_skip_tracking":false,"_monsterinsights_sitenote_active":false,"_monsterinsights_sitenote_note":"","_monsterinsights_sitenote_category":0},"product_brand":[],"product_cat":[127,357],"product_tag":[],"class_list":{"0":"post-24526","1":"product","2":"type-product","3":"status-publish","4":"has-post-thumbnail","6":"product_cat-novella-contemporania","7":"product_cat-novela-contemporanea","9":"first","10":"instock","11":"taxable","12":"shipping-taxable","13":"purchasable","14":"product-type-simple"},"acf":{"autor":"CLARKE, SUSANNA","codart":"841791848","libros-coleccion":"NOVEL-LA","ediciones":"1","encuadernacion":"R\u00fastica","fecha_de_publicacion":"01\/09\/2021","novedad":"1","paginas":"276","subtitulo":"","orden":"0","portada":"0","idioma":"cat","editorial":[{"ID":147425,"post_author":"3","post_date":"2022-10-14 11:50:28","post_date_gmt":"2022-10-14 09:50:28","post_content":"","post_title":"Amsterdam","post_excerpt":"","post_status":"publish","comment_status":"closed","ping_status":"closed","post_password":"","post_name":"amsterdam","to_ping":"","pinged":"","post_modified":"2022-10-14 11:50:28","post_modified_gmt":"2022-10-14 09:50:28","post_content_filtered":"","post_parent":0,"guid":"http:\/\/dev.claret.cat\/editorial\/amsterdam\/","menu_order":0,"post_type":"editorial","post_mime_type":"","comment_count":"0","filter":"raw"}],"autores-libros":[{"ID":169972,"post_author":"3","post_date":"2022-10-14 22:31:30","post_date_gmt":"2022-10-14 20:31:30","post_content":"","post_title":"SUSANNA CLARKE","post_excerpt":"","post_status":"publish","comment_status":"closed","ping_status":"closed","post_password":"","post_name":"susanna-clarke","to_ping":"","pinged":"","post_modified":"2022-10-14 22:31:30","post_modified_gmt":"2022-10-14 20:31:30","post_content_filtered":"","post_parent":0,"guid":"http:\/\/dev.claret.cat\/autor\/susanna-clarke\/","menu_order":0,"post_type":"autor","post_mime_type":"","comment_count":"0","filter":"raw"}]},"aioseo_notices":[],"_links":{"self":[{"href":"https:\/\/www.claret.cat\/es\/wp-json\/wp\/v2\/product\/24526","targetHints":{"allow":["GET"]}}],"collection":[{"href":"https:\/\/www.claret.cat\/es\/wp-json\/wp\/v2\/product"}],"about":[{"href":"https:\/\/www.claret.cat\/es\/wp-json\/wp\/v2\/types\/product"}],"wp:featuredmedia":[{"embeddable":true,"href":"https:\/\/www.claret.cat\/es\/wp-json\/wp\/v2\/media\/64384"}],"wp:attachment":[{"href":"https:\/\/www.claret.cat\/es\/wp-json\/wp\/v2\/media?parent=24526"}],"wp:term":[{"taxonomy":"product_brand","embeddable":true,"href":"https:\/\/www.claret.cat\/es\/wp-json\/wp\/v2\/product_brand?post=24526"},{"taxonomy":"product_cat","embeddable":true,"href":"https:\/\/www.claret.cat\/es\/wp-json\/wp\/v2\/product_cat?post=24526"},{"taxonomy":"product_tag","embeddable":true,"href":"https:\/\/www.claret.cat\/es\/wp-json\/wp\/v2\/product_tag?post=24526"}],"curies":[{"name":"wp","href":"https:\/\/api.w.org\/{rel}","templated":true}]}}