{"id":245493,"date":"2022-10-21T02:08:37","date_gmt":"2022-10-21T00:08:37","guid":{"rendered":"http:\/\/dev.claret.cat\/producte\/flores-cortadas-2\/"},"modified":"2023-01-28T13:43:11","modified_gmt":"2023-01-28T12:43:11","slug":"flores-cortadas-9788416502035","status":"publish","type":"product","link":"https:\/\/www.claret.cat\/es\/libro\/flores-cortadas-9788416502035\/","title":{"rendered":"FLORES CORTADAS"},"content":{"rendered":"<p>Karin Slaughter, autora aclamada internacionalmente, regresa con un thriller psicol\u00f3gico sofisticado y escalofriante en el que, mezclando turbios secretos, fr\u00eda venganza y una inesperada posibilidad de absoluci\u00f3n, nos presenta a dos hermanas que, tras haber perdido el contacto, han de unir fuerzas para desvelar la verdad acerca de las espantosas tragedias que, separadas por veinte a\u00f1os, destrozaron sus vidas.Hermanas. Desconocidas. Supervivientes. Han pasado m\u00e1s de dos d\u00e9cadas desde que Julia, la hermana mayor de Claire y Lydia, desapareci\u00f3 sin dejar rastro a los 19 a\u00f1os. Alg\u00fan tiempo despu\u00e9s, ellas dejaron de hablarse y tomaron caminos opuestos. Claire se hab\u00eda convertido en la decorativa y ociosa esposa de un millonario de Atlanta. Lydia, madre soltera, sal\u00eda con un expresidiario y se esforzaba por llegar a fin de mes. Ninguna de las dos, sin embargo, se hab\u00eda recuperado del horror y la tristeza de su tragedia compartida: una herida atroz que se reabri\u00f3 cruelmente al morir asesinado el marido de Claire.La desaparici\u00f3n de una joven y el asesinato de un hombre de mediana edad, separados casi por un cuarto de siglo. \u00bfQu\u00e9 relaci\u00f3n pod\u00eda haber entre ambos hechos? Tras alcanzar una tregua precaria, las hermanas supervivientes miraron al pasado en busca de la verdad y comenzaron a desenterrar los secretos que destruyeron a su familia y a descubrir una posibilidad de redenci\u00f3n y venganza all\u00ed donde menos lo esperaban. Potente, turbador y absorbente, provisto de personajes inolvidables y de giros asombrosos, Flores cortadas es un thriller magistral de una de las mejores escritoras de suspense del panorama literario actual.<br \/>Tengo que reconocer que hay tres cualidades de Karin Slaughter que me encantan: sus personajes, la manera de detallar la historia y la capacidad de crear ambientes \u00f3ptimos y originales. Flores Cortadas es un thriller muy intenso. Lleno de acci\u00f3n, de valent\u00eda y con muchos giros. Estos, dise\u00f1ados para engatusar a los lectores y sumergirles en la lectura completamente. Es potente, conmovedora: brillante y desgarradora a la vez. Esto hizo que me sintiera at\u00f3nita al acabar la lectura. A\u00fan estoy anonadada. La v\u00edvida prosa de Slaughter mantendr\u00e1 a la mayor\u00eda de lectores despiertos y ansiosos. Todo aqu\u00e9l que busque un thriller psicol\u00f3gico, ha venido al lugar correcto. Os lo recomiendo cien por cien.Papel de tinta<\/p>\n","protected":false},"excerpt":{"rendered":"<p>SLAUGHTER, KARIN<\/p>\n","protected":false},"featured_media":245494,"template":"","meta":{"_acf_changed":false,"om_disable_all_campaigns":false,"rs_blank_template":"","rs_page_bg_color":"","slide_template_v7":"","inline_featured_image":false,"_monsterinsights_skip_tracking":false,"_monsterinsights_sitenote_active":false,"_monsterinsights_sitenote_note":"","_monsterinsights_sitenote_category":0},"product_brand":[],"product_cat":[87],"product_tag":[],"class_list":{"0":"post-245493","1":"product","2":"type-product","3":"status-publish","4":"has-post-thumbnail","6":"product_cat-literatura","8":"first","9":"instock","10":"taxable","11":"shipping-taxable","12":"purchasable","13":"product-type-simple"},"acf":{"autor":"SLAUGHTER, KARIN","codart":"841650203","libros-coleccion":"","ediciones":"1","encuadernacion":"R\u00fastica","fecha_de_publicacion":"01\/11\/2015","novedad":"0","paginas":"557","subtitulo":"PRETTY GIRLS","orden":"999","portada":"0","idioma":"spa","editorial":[{"ID":148246,"post_author":"3","post_date":"2022-10-14 11:56:45","post_date_gmt":"2022-10-14 09:56:45","post_content":"","post_title":"HARPER COLLINS PUBLISHERS","post_excerpt":"","post_status":"publish","comment_status":"closed","ping_status":"closed","post_password":"","post_name":"harper-collins-publishers","to_ping":"","pinged":"","post_modified":"2022-10-14 11:56:45","post_modified_gmt":"2022-10-14 09:56:45","post_content_filtered":"","post_parent":0,"guid":"http:\/\/dev.claret.cat\/editorial\/harper-collins-publishers\/","menu_order":0,"post_type":"editorial","post_mime_type":"","comment_count":"0","filter":"raw"}],"autores-libros":[{"ID":161430,"post_author":"3","post_date":"2022-10-14 17:18:09","post_date_gmt":"2022-10-14 15:18:09","post_content":"","post_title":"KARIN SLAUGHTER","post_excerpt":"","post_status":"publish","comment_status":"closed","ping_status":"closed","post_password":"","post_name":"karin-slaughter","to_ping":"","pinged":"","post_modified":"2022-10-14 17:18:09","post_modified_gmt":"2022-10-14 15:18:09","post_content_filtered":"","post_parent":0,"guid":"http:\/\/dev.claret.cat\/autor\/karin-slaughter\/","menu_order":0,"post_type":"autor","post_mime_type":"","comment_count":"0","filter":"raw"}]},"aioseo_notices":[],"_links":{"self":[{"href":"https:\/\/www.claret.cat\/es\/wp-json\/wp\/v2\/product\/245493","targetHints":{"allow":["GET"]}}],"collection":[{"href":"https:\/\/www.claret.cat\/es\/wp-json\/wp\/v2\/product"}],"about":[{"href":"https:\/\/www.claret.cat\/es\/wp-json\/wp\/v2\/types\/product"}],"wp:featuredmedia":[{"embeddable":true,"href":"https:\/\/www.claret.cat\/es\/wp-json\/wp\/v2\/media\/245494"}],"wp:attachment":[{"href":"https:\/\/www.claret.cat\/es\/wp-json\/wp\/v2\/media?parent=245493"}],"wp:term":[{"taxonomy":"product_brand","embeddable":true,"href":"https:\/\/www.claret.cat\/es\/wp-json\/wp\/v2\/product_brand?post=245493"},{"taxonomy":"product_cat","embeddable":true,"href":"https:\/\/www.claret.cat\/es\/wp-json\/wp\/v2\/product_cat?post=245493"},{"taxonomy":"product_tag","embeddable":true,"href":"https:\/\/www.claret.cat\/es\/wp-json\/wp\/v2\/product_tag?post=245493"}],"curies":[{"name":"wp","href":"https:\/\/api.w.org\/{rel}","templated":true}]}}