{"id":245554,"date":"2022-10-21T02:10:04","date_gmt":"2022-10-21T00:10:04","guid":{"rendered":"http:\/\/dev.claret.cat\/producte\/la-guia-de-vins-de-catalunya\/"},"modified":"2024-01-31T17:22:45","modified_gmt":"2024-01-31T16:22:45","slug":"la-guia-de-vins-de-catalunya-9788466420150","status":"publish","type":"product","link":"https:\/\/www.claret.cat\/es\/libro\/la-guia-de-vins-de-catalunya-9788466420150\/","title":{"rendered":"LA GUIA DE VINS DE CATALUNYA"},"content":{"rendered":"<p>Jordi Alcover i Silvia Naranjo defensen un model de tast a cegues transparent, rigor\u00f3s i equitatiu, que puntua\u00a0tots els factors que intervenen en la qualitat d?un vi. D?aquesta premissa neix la guia de vins de Catalunya, un\u00a0llibre de renovaci\u00f3 anual amb tots els elements que l?ha convertit en la guia de refer\u00e8ncia des de la seva primera\u00a0edici\u00f3 de 2010, adre\u00e7ada a tota mena de p\u00fablic. Gr\u00e0cies al seu disseny clar, did\u00e0ctic i elegant, \u00e9s un llibre de f\u00e0cil\u00a0interpretaci\u00f3 dels vins ?ordenats segons puntuaci\u00f3?, i inclou una llista del ?Top 110?, una secci\u00f3 de troballes i\u00a0estad\u00edstiques sobre l?evoluci\u00f3 de cada DO.<\/p>\n","protected":false},"excerpt":{"rendered":"<p>ALCOVER MESTRES, JORDII \/ NARANJO ROSALES, SILVIA<\/p>\n","protected":false},"featured_media":245555,"template":"","meta":{"_acf_changed":false,"om_disable_all_campaigns":false,"rs_blank_template":"","rs_page_bg_color":"","slide_template_v7":"","inline_featured_image":false,"_monsterinsights_skip_tracking":false,"_monsterinsights_sitenote_active":false,"_monsterinsights_sitenote_note":"","_monsterinsights_sitenote_category":0},"product_brand":[],"product_cat":[90,540],"product_tag":[],"class_list":{"0":"post-245554","1":"product","2":"type-product","3":"status-publish","4":"has-post-thumbnail","6":"product_cat-altres","7":"product_cat-otros","9":"first","10":"instock","11":"taxable","12":"shipping-taxable","13":"purchasable","14":"product-type-simple"},"acf":{"autor":"ALCOVER MESTRES, JORDII \/ NARANJO ROSALES, SILVIA","codart":"846642015","libros-coleccion":"","ediciones":"1","encuadernacion":"R\u00fastica","fecha_de_publicacion":"01\/11\/2015","novedad":"0","paginas":"544","subtitulo":"TAST A CEGUES 2016","orden":"999","portada":"0","idioma":"cat","editorial":[{"ID":147644,"post_author":"3","post_date":"2022-10-14 11:52:09","post_date_gmt":"2022-10-14 09:52:09","post_content":"","post_title":"COLUMNA EDICIONS","post_excerpt":"","post_status":"publish","comment_status":"closed","ping_status":"closed","post_password":"","post_name":"columna-edicions","to_ping":"","pinged":"","post_modified":"2022-10-14 11:52:09","post_modified_gmt":"2022-10-14 09:52:09","post_content_filtered":"","post_parent":0,"guid":"http:\/\/dev.claret.cat\/editorial\/columna-edicions\/","menu_order":0,"post_type":"editorial","post_mime_type":"","comment_count":"0","filter":"raw"}],"autores-libros":[{"ID":424422,"post_author":"3","post_date":"2023-05-16 08:00:10","post_date_gmt":"2023-05-16 06:00:10","post_content":"","post_title":"JORDII ALCOVER MESTRES","post_excerpt":"","post_status":"publish","comment_status":"closed","ping_status":"closed","post_password":"","post_name":"jordii-alcover-mestres","to_ping":"","pinged":"","post_modified":"2023-05-16 08:00:10","post_modified_gmt":"2023-05-16 06:00:10","post_content_filtered":"","post_parent":0,"guid":"https:\/\/www.claret.cat\/autor\/jordii-alcover-mestres\/","menu_order":0,"post_type":"autor","post_mime_type":"","comment_count":"0","filter":"raw"},{"ID":320234,"post_author":"3","post_date":"2023-01-03 00:07:56","post_date_gmt":"2023-01-02 23:07:56","post_content":"","post_title":"S\u00cdLVIA NARANJO ROSALES","post_excerpt":"","post_status":"publish","comment_status":"closed","ping_status":"closed","post_password":"","post_name":"silvia-naranjo-rosales","to_ping":"","pinged":"","post_modified":"2023-01-03 00:07:56","post_modified_gmt":"2023-01-02 23:07:56","post_content_filtered":"","post_parent":0,"guid":"https:\/\/www.claret.cat\/autor\/silvia-naranjo-rosales\/","menu_order":0,"post_type":"autor","post_mime_type":"","comment_count":"0","filter":"raw"}]},"aioseo_notices":[],"_links":{"self":[{"href":"https:\/\/www.claret.cat\/es\/wp-json\/wp\/v2\/product\/245554","targetHints":{"allow":["GET"]}}],"collection":[{"href":"https:\/\/www.claret.cat\/es\/wp-json\/wp\/v2\/product"}],"about":[{"href":"https:\/\/www.claret.cat\/es\/wp-json\/wp\/v2\/types\/product"}],"wp:featuredmedia":[{"embeddable":true,"href":"https:\/\/www.claret.cat\/es\/wp-json\/wp\/v2\/media\/245555"}],"wp:attachment":[{"href":"https:\/\/www.claret.cat\/es\/wp-json\/wp\/v2\/media?parent=245554"}],"wp:term":[{"taxonomy":"product_brand","embeddable":true,"href":"https:\/\/www.claret.cat\/es\/wp-json\/wp\/v2\/product_brand?post=245554"},{"taxonomy":"product_cat","embeddable":true,"href":"https:\/\/www.claret.cat\/es\/wp-json\/wp\/v2\/product_cat?post=245554"},{"taxonomy":"product_tag","embeddable":true,"href":"https:\/\/www.claret.cat\/es\/wp-json\/wp\/v2\/product_tag?post=245554"}],"curies":[{"name":"wp","href":"https:\/\/api.w.org\/{rel}","templated":true}]}}