{"id":245645,"date":"2022-10-21T02:12:19","date_gmt":"2022-10-21T00:12:19","guid":{"rendered":"http:\/\/dev.claret.cat\/producte\/construeix-el-teu-dinosaure\/"},"modified":"2025-10-20T18:42:44","modified_gmt":"2025-10-20T16:42:44","slug":"construeix-el-teu-dinosaure-9788490579725","status":"publish","type":"product","link":"https:\/\/www.claret.cat\/es\/libro\/construeix-el-teu-dinosaure-9788490579725\/","title":{"rendered":"CONSTRUEIX EL TEU DINOSAURE"},"content":{"rendered":"<p>Amb aquesta capsa podreu con\u00e8ixer de prop els dinosaures m\u00e9s espectaculars\u00a0que van poblar el nostre planeta, des dels enormes herb\u00edvors fi ns als carn\u00edvors\u00a0m\u00e9s temibles, i podr\u00e0s muntar i pintar el teu propi tiranosaure de fusta.\u00a0Tot el que pots fer:Llegeix: En aquest llibre trobar\u00e0s tota la informaci\u00f3 sobre els diferents tipus\u00a0de dinosaures, les \u00e8poques en qu\u00e8 van viure, per qu\u00e8 es van extingir i un munt\u00a0de curiositats m\u00e9s.Construeix: Extreu les peces i segueix les senzilles instruccions pas a pas per\u00a0obtenir un temible tiranosaure de fusta.Pinta: Amb les pintures i el pinzell\u00a0inclosos en aquesta capsa, podr\u00e0s\u00a0pintar el teu dinosaure i personalitzar-lo al teu gust.<\/p>\n","protected":false},"excerpt":{"rendered":"<p>A.A.V.V<\/p>\n","protected":false},"featured_media":245646,"template":"","meta":{"_acf_changed":false,"om_disable_all_campaigns":false,"rs_blank_template":"","rs_page_bg_color":"","slide_template_v7":"","inline_featured_image":false,"_monsterinsights_skip_tracking":false,"_monsterinsights_sitenote_active":false,"_monsterinsights_sitenote_note":"","_monsterinsights_sitenote_category":0},"product_brand":[],"product_cat":[90,540],"product_tag":[],"class_list":{"0":"post-245645","1":"product","2":"type-product","3":"status-publish","4":"has-post-thumbnail","6":"product_cat-altres","7":"product_cat-otros","9":"first","10":"instock","11":"taxable","12":"shipping-taxable","13":"purchasable","14":"product-type-simple"},"acf":{"autor":"A.A.V.V","codart":"849057972","libros-coleccion":"","ediciones":"1","encuadernacion":"R\u00fastica","fecha_de_publicacion":"01\/11\/2015","novedad":"0","paginas":"28","subtitulo":"","orden":"999","portada":"0","idioma":"cat","editorial":[{"ID":6249,"post_author":"3","post_date":"2022-07-28 17:48:09","post_date_gmt":"2022-07-28 15:48:09","post_content":"","post_title":"Estrella Polar","post_excerpt":"","post_status":"publish","comment_status":"closed","ping_status":"closed","post_password":"","post_name":"estrella-polar","to_ping":"","pinged":"","post_modified":"2022-07-28 17:48:09","post_modified_gmt":"2022-07-28 15:48:09","post_content_filtered":"","post_parent":0,"guid":"http:\/\/dev.claret.cat\/editorial\/estrella-polar\/","menu_order":0,"post_type":"editorial","post_mime_type":"","comment_count":"0","filter":"raw"}],"autores-libros":[{"ID":149040,"post_author":"3","post_date":"2022-10-14 14:21:40","post_date_gmt":"2022-10-14 12:21:40","post_content":"","post_title":"A.A.V.V","post_excerpt":"","post_status":"publish","comment_status":"closed","ping_status":"closed","post_password":"","post_name":"a-a-v-v-2","to_ping":"","pinged":"","post_modified":"2022-10-14 14:21:40","post_modified_gmt":"2022-10-14 12:21:40","post_content_filtered":"","post_parent":0,"guid":"http:\/\/dev.claret.cat\/autor\/a-a-v-v-2\/","menu_order":0,"post_type":"autor","post_mime_type":"","comment_count":"0","filter":"raw"}],"booktrailer":"","resenas":""},"aioseo_notices":[],"_links":{"self":[{"href":"https:\/\/www.claret.cat\/es\/wp-json\/wp\/v2\/product\/245645","targetHints":{"allow":["GET"]}}],"collection":[{"href":"https:\/\/www.claret.cat\/es\/wp-json\/wp\/v2\/product"}],"about":[{"href":"https:\/\/www.claret.cat\/es\/wp-json\/wp\/v2\/types\/product"}],"wp:featuredmedia":[{"embeddable":true,"href":"https:\/\/www.claret.cat\/es\/wp-json\/wp\/v2\/media\/245646"}],"wp:attachment":[{"href":"https:\/\/www.claret.cat\/es\/wp-json\/wp\/v2\/media?parent=245645"}],"wp:term":[{"taxonomy":"product_brand","embeddable":true,"href":"https:\/\/www.claret.cat\/es\/wp-json\/wp\/v2\/product_brand?post=245645"},{"taxonomy":"product_cat","embeddable":true,"href":"https:\/\/www.claret.cat\/es\/wp-json\/wp\/v2\/product_cat?post=245645"},{"taxonomy":"product_tag","embeddable":true,"href":"https:\/\/www.claret.cat\/es\/wp-json\/wp\/v2\/product_tag?post=245645"}],"curies":[{"name":"wp","href":"https:\/\/api.w.org\/{rel}","templated":true}]}}