{"id":245743,"date":"2022-10-21T02:15:04","date_gmt":"2022-10-21T00:15:04","guid":{"rendered":"http:\/\/dev.claret.cat\/producte\/la-entranable-misericordia-de-nuestro-dios\/"},"modified":"2024-05-02T09:32:29","modified_gmt":"2024-05-02T07:32:29","slug":"la-entranable-misericordia-de-nuestro-dios-9788428548489","status":"publish","type":"product","link":"https:\/\/www.claret.cat\/es\/libro\/la-entranable-misericordia-de-nuestro-dios-9788428548489\/","title":{"rendered":"LA ENTRA\u00d1ABLE MISERICORDIA DE NUESTRO DIOS"},"content":{"rendered":"<p>La entra\u00f1able misericordia de nuestro Dios es una meditaci\u00f3n sobre la misericordia divina. El libro invita al lector a beber en la fuente de la misericordia: el misterio de la Sant\u00edsima Trinidad que se acerca a nosotros en Jesucristo, &#8216;rostro de la misericordia del Padre&#8217;, contempla con gozo el misterio de la Iglesia, la casa que habitamos y que nos abre la &#8216;puerta de la misericordia&#8217; en este A\u00f1o Jubilar, hace patente la oferta del gesto supremo de la misericordia: la reconciliaci\u00f3n de los pecadores y la &#8216;celebraci\u00f3n jubilar del perd\u00f3n&#8217;. En este A\u00f1o de la Misericordia, es un libro pensado para la meditaci\u00f3n personal y para orar, reflexionar y trabajar en grupo, apoy\u00e1ndonos en doce cuestionarios.<\/p>\n","protected":false},"excerpt":{"rendered":"<p>CRESPO HIDALGO, ALFONSO<\/p>\n","protected":false},"featured_media":335047,"template":"","meta":{"_acf_changed":false,"om_disable_all_campaigns":false,"rs_blank_template":"","rs_page_bg_color":"","slide_template_v7":"","inline_featured_image":false,"_monsterinsights_skip_tracking":false,"_monsterinsights_sitenote_active":false,"_monsterinsights_sitenote_note":"","_monsterinsights_sitenote_category":0},"product_brand":[],"product_cat":[90,540],"product_tag":[],"class_list":{"0":"post-245743","1":"product","2":"type-product","3":"status-publish","4":"has-post-thumbnail","6":"product_cat-altres","7":"product_cat-otros","9":"first","10":"outofstock","11":"taxable","12":"shipping-taxable","13":"purchasable","14":"product-type-simple"},"acf":{"autor":"CRESPO HIDALGO, ALFONSO","codart":"842854848","libros-coleccion":"","ediciones":"1","encuadernacion":"R\u00fastica","fecha_de_publicacion":"26\/10\/2015","novedad":"0","paginas":"256","subtitulo":"PARA VIVIR EL A\u00d1O DE LA MISERICORDIA","orden":"999","portada":"0","idioma":"spa","editorial":[{"ID":6356,"post_author":"3","post_date":"2022-07-28 17:50:26","post_date_gmt":"2022-07-28 15:50:26","post_content":"","post_title":"SAN PABLO COMUNICACI\u00d3N","post_excerpt":"","post_status":"publish","comment_status":"closed","ping_status":"closed","post_password":"","post_name":"san-pablo-comunicacion","to_ping":"","pinged":"","post_modified":"2022-07-28 17:50:26","post_modified_gmt":"2022-07-28 15:50:26","post_content_filtered":"","post_parent":0,"guid":"http:\/\/dev.claret.cat\/editorial\/san-pablo-comunicacion\/","menu_order":0,"post_type":"editorial","post_mime_type":"","comment_count":"0","filter":"raw"}],"autores-libros":[{"ID":149753,"post_author":"3","post_date":"2022-10-14 14:27:25","post_date_gmt":"2022-10-14 12:27:25","post_content":"","post_title":"ALFONSO CRESPO HIDALGO","post_excerpt":"","post_status":"publish","comment_status":"closed","ping_status":"closed","post_password":"","post_name":"alfonso-crespo-hidalgo","to_ping":"","pinged":"","post_modified":"2022-10-14 14:27:25","post_modified_gmt":"2022-10-14 12:27:25","post_content_filtered":"","post_parent":0,"guid":"http:\/\/dev.claret.cat\/autor\/alfonso-crespo-hidalgo\/","menu_order":0,"post_type":"autor","post_mime_type":"","comment_count":"0","filter":"raw"}]},"aioseo_notices":[],"_links":{"self":[{"href":"https:\/\/www.claret.cat\/es\/wp-json\/wp\/v2\/product\/245743","targetHints":{"allow":["GET"]}}],"collection":[{"href":"https:\/\/www.claret.cat\/es\/wp-json\/wp\/v2\/product"}],"about":[{"href":"https:\/\/www.claret.cat\/es\/wp-json\/wp\/v2\/types\/product"}],"wp:featuredmedia":[{"embeddable":true,"href":"https:\/\/www.claret.cat\/es\/wp-json\/wp\/v2\/media\/335047"}],"wp:attachment":[{"href":"https:\/\/www.claret.cat\/es\/wp-json\/wp\/v2\/media?parent=245743"}],"wp:term":[{"taxonomy":"product_brand","embeddable":true,"href":"https:\/\/www.claret.cat\/es\/wp-json\/wp\/v2\/product_brand?post=245743"},{"taxonomy":"product_cat","embeddable":true,"href":"https:\/\/www.claret.cat\/es\/wp-json\/wp\/v2\/product_cat?post=245743"},{"taxonomy":"product_tag","embeddable":true,"href":"https:\/\/www.claret.cat\/es\/wp-json\/wp\/v2\/product_tag?post=245743"}],"curies":[{"name":"wp","href":"https:\/\/api.w.org\/{rel}","templated":true}]}}