{"id":245751,"date":"2022-10-21T02:15:17","date_gmt":"2022-10-21T00:15:17","guid":{"rendered":"http:\/\/dev.claret.cat\/producte\/fer-catequesi-ser-catequista\/"},"modified":"2025-10-09T17:05:42","modified_gmt":"2025-10-09T15:05:42","slug":"fer-catequesi-ser-catequista-9788494444807","status":"publish","type":"product","link":"https:\/\/www.claret.cat\/es\/libro\/fer-catequesi-ser-catequista-9788494444807\/","title":{"rendered":"FER CATEQUESI, SER CATEQUISTA"},"content":{"rendered":"<p>A la meva parr\u00f2quia es necessiten catequistes.<br \/>Per\u00f2 pregunto: mentre espero l&#8217;ocasi\u00f3 per a seguir un curs de formaci\u00f3 b\u00e0sica per a catequistes, alg\u00fa no em podria ajudar a donar els primers passos?<\/p>\n","protected":false},"excerpt":{"rendered":"<p>SECRETARIAT INTERDIOCESA<\/p>\n","protected":false},"featured_media":1058409,"template":"","meta":{"_acf_changed":false,"om_disable_all_campaigns":false,"rs_blank_template":"","rs_page_bg_color":"","slide_template_v7":"","inline_featured_image":false,"_monsterinsights_skip_tracking":false,"_monsterinsights_sitenote_active":false,"_monsterinsights_sitenote_note":"","_monsterinsights_sitenote_category":0},"product_brand":[],"product_cat":[90,540],"product_tag":[],"class_list":{"0":"post-245751","1":"product","2":"type-product","3":"status-publish","4":"has-post-thumbnail","6":"product_cat-altres","7":"product_cat-otros","9":"first","10":"outofstock","11":"taxable","12":"shipping-taxable","13":"purchasable","14":"product-type-simple"},"acf":{"autor":"SECRETARIAT INTERDIOCESA","codart":"849444480","libros-coleccion":"","ediciones":"1","encuadernacion":"R\u00fastica","fecha_de_publicacion":"23\/10\/2015","novedad":"0","paginas":"32","subtitulo":"","orden":"999","portada":"0","idioma":"spa","editorial":[{"ID":148797,"post_author":"3","post_date":"2022-10-14 12:01:04","post_date_gmt":"2022-10-14 10:01:04","post_content":"","post_title":"SECRETARIAT INTERDIOCES\u00c0 DE CATEQUESI","post_excerpt":"","post_status":"publish","comment_status":"closed","ping_status":"closed","post_password":"","post_name":"secretariat-interdiocesa-de-catequesi","to_ping":"","pinged":"","post_modified":"2022-10-14 12:01:04","post_modified_gmt":"2022-10-14 10:01:04","post_content_filtered":"","post_parent":0,"guid":"http:\/\/dev.claret.cat\/editorial\/secretariat-interdiocesa-de-catequesi\/","menu_order":0,"post_type":"editorial","post_mime_type":"","comment_count":"0","filter":"raw"}],"autores-libros":[{"ID":6026,"post_author":"3","post_date":"2022-07-28 17:36:35","post_date_gmt":"2022-07-28 15:36:35","post_content":"","post_title":"SECRETARIAT INTERDIOCESA","post_excerpt":"","post_status":"publish","comment_status":"closed","ping_status":"closed","post_password":"","post_name":"secretariat-interdiocesa","to_ping":"","pinged":"","post_modified":"2022-07-28 17:36:35","post_modified_gmt":"2022-07-28 15:36:35","post_content_filtered":"","post_parent":0,"guid":"http:\/\/dev.claret.cat\/autor\/secretariat-interdiocesa\/","menu_order":0,"post_type":"autor","post_mime_type":"","comment_count":"0","filter":"raw"}],"booktrailer":"","resenas":""},"aioseo_notices":[],"_links":{"self":[{"href":"https:\/\/www.claret.cat\/es\/wp-json\/wp\/v2\/product\/245751","targetHints":{"allow":["GET"]}}],"collection":[{"href":"https:\/\/www.claret.cat\/es\/wp-json\/wp\/v2\/product"}],"about":[{"href":"https:\/\/www.claret.cat\/es\/wp-json\/wp\/v2\/types\/product"}],"wp:featuredmedia":[{"embeddable":true,"href":"https:\/\/www.claret.cat\/es\/wp-json\/wp\/v2\/media\/1058409"}],"wp:attachment":[{"href":"https:\/\/www.claret.cat\/es\/wp-json\/wp\/v2\/media?parent=245751"}],"wp:term":[{"taxonomy":"product_brand","embeddable":true,"href":"https:\/\/www.claret.cat\/es\/wp-json\/wp\/v2\/product_brand?post=245751"},{"taxonomy":"product_cat","embeddable":true,"href":"https:\/\/www.claret.cat\/es\/wp-json\/wp\/v2\/product_cat?post=245751"},{"taxonomy":"product_tag","embeddable":true,"href":"https:\/\/www.claret.cat\/es\/wp-json\/wp\/v2\/product_tag?post=245751"}],"curies":[{"name":"wp","href":"https:\/\/api.w.org\/{rel}","templated":true}]}}