{"id":245773,"date":"2022-10-21T02:15:49","date_gmt":"2022-10-21T00:15:49","guid":{"rendered":"http:\/\/dev.claret.cat\/producte\/30-manaments-per-tractar-amb-adolescents\/"},"modified":"2026-03-20T18:40:56","modified_gmt":"2026-03-20T17:40:56","slug":"30-manaments-per-tractar-amb-adolescents-9788498469462","status":"publish","type":"product","link":"https:\/\/www.claret.cat\/es\/libro\/30-manaments-per-tractar-amb-adolescents-9788498469462\/","title":{"rendered":"30 MANAMENTS PER TRACTAR AMB ADOLESCENTS"},"content":{"rendered":"<p>\u00abManaments\u00bb per tractar amb adolescents? \u00abManaments\u00bb? Ai, que us heu equivocat amb aquest t\u00edtol&#8230;! Doncs no \u00e9s un error, perqu\u00e8 una part d\u2019aquest llibre s\u00f3n, efectivament, manaments. Manaments que en realitat no obliguen, sin\u00f3 que configuren una proposta que vol contribuir a una vida m\u00e9s feli\u00e7, que inclogui una millor comunicaci\u00f3 pares-fills en l\u2019adolesc\u00e8ncia.<br \/>30 manaments per tractar amb adolescents \u00e9s un llibre divertit, agradable i ple de sentit com\u00fa, que us ajudar\u00e0 a entendre les dificultats de comunicaci\u00f3 que poden sorgir quan els pares dieu: \u00ab\u00c9s que no ens explica res!\u00bb i en canvi l\u2019adolescent pensa: \u00abNo paren de preguntar&#8230; No callen mai!\u00bb.<br \/>Aques llibre recull, esclar, manaments tan significatius com Comptar\u00e0s fins a 10&#8230; o fins al n\u00famero que calgui. Evitar\u00e0s dir-li el que tu feies a la seva edat, si no \u00e9s que t\u2019ho pregunta, Recordar\u00e0s que l\u2019adolescent fonamentalment menja, dorm i s\u2019arrossega o el b\u00e0sic Recordar\u00e0s com et senties tu quan eres adolescent.<br \/>A m\u00e9s inclou un munt d\u2019il\u00b7lustracions, exemples, an\u00e8cdotes i recursos que el converteixen en un llibre din\u00e0mic i proper, perqu\u00e8 pugueu aplicar-ho tot, encara que sigueu papes-caixa-d\u2019eines i mames-sism\u00f2graf! De l\u2019autor que us va ensenyar a ajudar els fills a estudiar, arriba ara un llibre pr\u00e0ctic i am\u00e8 per tractar amb els vostres estimats \u00abadolescents pollosos\u00bb!<\/p>\n","protected":false},"excerpt":{"rendered":"<p>\u00abManaments\u00bb per tractar amb adolescents? \u00abManaments\u00bb? Ai, que us heu equivocat amb aquest t\u00edtol&#8230;! Doncs no \u00e9s un error, perqu\u00e8 una part d\u2019aquest llibre s\u00f3n, efectivament, manaments. Manaments que en realitat no obliguen, sin\u00f3 que configuren una proposta que vol contribuir a una vida m\u00e9s feli\u00e7, que inclogui una millor comunicaci\u00f3 pares-fills en l\u2019adolesc\u00e8ncia.30 manaments [&hellip;]<\/p>\n","protected":false},"featured_media":983029,"template":"","meta":{"_acf_changed":false,"om_disable_all_campaigns":false,"rs_blank_template":"","rs_page_bg_color":"","slide_template_v7":"","inline_featured_image":false,"_monsterinsights_skip_tracking":false,"_monsterinsights_sitenote_active":false,"_monsterinsights_sitenote_note":"","_monsterinsights_sitenote_category":0},"product_brand":[],"product_cat":[549,99,581],"product_tag":[],"class_list":{"0":"post-245773","1":"product","2":"type-product","3":"status-publish","4":"has-post-thumbnail","6":"product_cat-biografias","7":"product_cat-biografies","8":"product_cat-editorial-claret","10":"first","11":"instock","12":"taxable","13":"shipping-taxable","14":"purchasable","15":"product-type-simple"},"acf":{"autor":"","codart":"849846946","libros-coleccion":"","ediciones":"1","encuadernacion":"R\u00fastica","fecha_de_publicacion":"21\/10\/2015","novedad":"0","paginas":"150","subtitulo":"","orden":"0","portada":"0","idioma":"cat","editorial":[{"ID":6158,"post_author":"3","post_date":"2022-07-28 17:46:08","post_date_gmt":"2022-07-28 15:46:08","post_content":"","post_title":"CLARET","post_excerpt":"","post_status":"publish","comment_status":"closed","ping_status":"closed","post_password":"","post_name":"claret","to_ping":"","pinged":"","post_modified":"2022-07-28 17:46:08","post_modified_gmt":"2022-07-28 15:46:08","post_content_filtered":"","post_parent":0,"guid":"http:\/\/dev.claret.cat\/editorial\/claret\/","menu_order":0,"post_type":"editorial","post_mime_type":"","comment_count":"0","filter":"raw"}],"autores-libros":[{"ID":5683,"post_author":"3","post_date":"2022-07-28 17:29:15","post_date_gmt":"2022-07-28 15:29:15","post_content":"<strong>Juanjo Fern\u00e1ndez Sola<\/strong> \u00e9s professor, escriptor i conferenciant i creador de DIBUPA (Divulgaci\u00f3 educativa amb dibuixos i paraules que ajuden). Ha fet milers de xerrades per a fam\u00edlies, escoles i empreses sobre temes educatius i motivacionals ben diversos, combinant rigor i amenitat amb l\u2019\u00fas de visual thinking.\r\n\r\nHa publicat diversos llibres amb Editorial Claret: <em><strong><a href=\"https:\/\/www.claret.cat\/llibre\/contes-del-mestre-azenyat-per-a-educadors-9788491364283\/?c=\">Contes del mestre azenyat per a educadors<\/a><\/strong>, <strong><a href=\"https:\/\/www.claret.cat\/llibre\/els-7-superpoders-de-la-felicitat-9788491364092\/?c=\">Els 7 superpoders de la felicitat<\/a>, <a href=\"https:\/\/www.editorialclaret.cat\/producte\/la-vida-en-parella-pot-ser-una-meravella-9788491365365\/?c\">La vida en parella pot ser una meravella<\/a>, <\/strong><\/em>entre d'altres.","post_title":"JUANJO FERN\u00c1NDEZ SOLA","post_excerpt":"","post_status":"publish","comment_status":"closed","ping_status":"closed","post_password":"","post_name":"juanjo-fernandez-sola","to_ping":"","pinged":"","post_modified":"2024-10-31 10:52:53","post_modified_gmt":"2024-10-31 09:52:53","post_content_filtered":"","post_parent":0,"guid":"http:\/\/dev.claret.cat\/autor\/juanjo-fernandez-sola\/","menu_order":0,"post_type":"autor","post_mime_type":"","comment_count":"0","filter":"raw"}],"booktrailer":"","resenas":""},"aioseo_notices":[],"_links":{"self":[{"href":"https:\/\/www.claret.cat\/es\/wp-json\/wp\/v2\/product\/245773","targetHints":{"allow":["GET"]}}],"collection":[{"href":"https:\/\/www.claret.cat\/es\/wp-json\/wp\/v2\/product"}],"about":[{"href":"https:\/\/www.claret.cat\/es\/wp-json\/wp\/v2\/types\/product"}],"wp:featuredmedia":[{"embeddable":true,"href":"https:\/\/www.claret.cat\/es\/wp-json\/wp\/v2\/media\/983029"}],"wp:attachment":[{"href":"https:\/\/www.claret.cat\/es\/wp-json\/wp\/v2\/media?parent=245773"}],"wp:term":[{"taxonomy":"product_brand","embeddable":true,"href":"https:\/\/www.claret.cat\/es\/wp-json\/wp\/v2\/product_brand?post=245773"},{"taxonomy":"product_cat","embeddable":true,"href":"https:\/\/www.claret.cat\/es\/wp-json\/wp\/v2\/product_cat?post=245773"},{"taxonomy":"product_tag","embeddable":true,"href":"https:\/\/www.claret.cat\/es\/wp-json\/wp\/v2\/product_tag?post=245773"}],"curies":[{"name":"wp","href":"https:\/\/api.w.org\/{rel}","templated":true}]}}