{"id":245812,"date":"2022-10-21T02:16:46","date_gmt":"2022-10-21T00:16:46","guid":{"rendered":"http:\/\/dev.claret.cat\/producte\/ambitos-de-revelacion-arquitectura-y-nueva-evangelizacion\/"},"modified":"2024-05-22T20:31:53","modified_gmt":"2024-05-22T18:31:53","slug":"ambitos-de-revelacion-arquitectura-y-nueva-evangelizacion-9788498058482","status":"publish","type":"product","link":"https:\/\/www.claret.cat\/es\/libro\/ambitos-de-revelacion-arquitectura-y-nueva-evangelizacion-9788498058482\/","title":{"rendered":"\u00c1MBITOS DE REVELACI\u00d3N : ARQUITECTURA Y NUEVA EVANGELIZACI\u00d3N"},"content":{"rendered":"<p>El arquitecto, te\u00f3logo y padre de familia Eloi Aran Sala ofrece una propuesta original en el debate actual sobre la arquitectura religiosa contempor\u00e1nea. El t\u00edtulo mismo indica la honda convicci\u00f3n del autor: los espacios sagrados son \u00e1mbitos de revelaci\u00f3n y lugares de nueva evangelizaci\u00f3n. As\u00ed, el autor alaba tanto la capacidad sacramental de creaciones humanas para revelar lo divino, lo profundo y lo distinto, como la magnificencia divina de revelarse en lugares creados por seres humanos. Es una afirmaci\u00f3n antropol\u00f3gica y teol\u00f3gica a la vez. Las dos partes del libro compaginan teor\u00eda y la pr\u00e1ctica del despacho T113-Taller de Arquitectura. Uno de los grandes valores del autor es que su teor\u00eda se comprueba en la pr\u00e1ctica, y la pr\u00e1ctica afina la teor\u00eda a los tiempos que siempre cambian. El autor ha sabido discernir que nuestro tiempo necesita una nueva evangelizaci\u00f3n que pasa por \u00e1mbitos, espacios, lugares y encuentros. (Del pr\u00f3logo de Bert Daelemans sj).  Eloi Aran Sala (Barcelona, 1977). Arquitecto y te\u00f3logo. Profesor de los institutos superiores de ciencias religiosas de Barcelona y Lleida. Docente de las Jornadas de Formacion de Catalonia Sacra, ponente en el III Congreso Internacional de Arquitecrura Religiosa Contempor\u00e1nea (Sevilla 2013), miembro del Comit\u00e9 Cient\u00edfico de las Jornadas Internacionales sobre Patrimonio Sacro (AADIPA. Barcelona 2014), y coordinador, junto con Ricardo G\u00f3mez Val, del Seminario Interno sobre Patrimonio Sacro de la Fundaci\u00f3n Joan Maragall.<\/p>\n","protected":false},"excerpt":{"rendered":"<p>ARAN SALA, ELOI<\/p>\n","protected":false},"featured_media":366116,"template":"","meta":{"_acf_changed":false,"om_disable_all_campaigns":false,"rs_blank_template":"","rs_page_bg_color":"","slide_template_v7":"","inline_featured_image":false,"_monsterinsights_skip_tracking":false,"_monsterinsights_sitenote_active":false,"_monsterinsights_sitenote_note":"","_monsterinsights_sitenote_category":0},"product_brand":[],"product_cat":[90,540],"product_tag":[],"class_list":{"0":"post-245812","1":"product","2":"type-product","3":"status-publish","4":"has-post-thumbnail","6":"product_cat-altres","7":"product_cat-otros","9":"first","10":"instock","11":"taxable","12":"shipping-taxable","13":"purchasable","14":"product-type-simple"},"acf":{"autor":"ARAN SALA, ELOI","codart":"849805848","libros-coleccion":"","ediciones":"1","encuadernacion":"R\u00fastica","fecha_de_publicacion":"16\/10\/2015","novedad":"0","paginas":"252","subtitulo":"","orden":"999","portada":"0","idioma":"spa","editorial":[{"ID":6172,"post_author":"3","post_date":"2022-07-28 17:46:27","post_date_gmt":"2022-07-28 15:46:27","post_content":"","post_title":"CPL","post_excerpt":"","post_status":"publish","comment_status":"closed","ping_status":"closed","post_password":"","post_name":"cpl","to_ping":"","pinged":"","post_modified":"2022-07-28 17:46:27","post_modified_gmt":"2022-07-28 15:46:27","post_content_filtered":"","post_parent":0,"guid":"http:\/\/dev.claret.cat\/editorial\/cpl\/","menu_order":0,"post_type":"editorial","post_mime_type":"","comment_count":"0","filter":"raw"}],"autores-libros":[{"ID":5441,"post_author":"3","post_date":"2022-07-28 17:24:01","post_date_gmt":"2022-07-28 15:24:01","post_content":"","post_title":"ELOI ARAN SALA","post_excerpt":"","post_status":"publish","comment_status":"closed","ping_status":"closed","post_password":"","post_name":"eloi-aran-sala","to_ping":"","pinged":"","post_modified":"2022-07-28 17:24:01","post_modified_gmt":"2022-07-28 15:24:01","post_content_filtered":"","post_parent":0,"guid":"http:\/\/dev.claret.cat\/autor\/eloi-aran-sala\/","menu_order":0,"post_type":"autor","post_mime_type":"","comment_count":"0","filter":"raw"}]},"aioseo_notices":[],"_links":{"self":[{"href":"https:\/\/www.claret.cat\/es\/wp-json\/wp\/v2\/product\/245812","targetHints":{"allow":["GET"]}}],"collection":[{"href":"https:\/\/www.claret.cat\/es\/wp-json\/wp\/v2\/product"}],"about":[{"href":"https:\/\/www.claret.cat\/es\/wp-json\/wp\/v2\/types\/product"}],"wp:featuredmedia":[{"embeddable":true,"href":"https:\/\/www.claret.cat\/es\/wp-json\/wp\/v2\/media\/366116"}],"wp:attachment":[{"href":"https:\/\/www.claret.cat\/es\/wp-json\/wp\/v2\/media?parent=245812"}],"wp:term":[{"taxonomy":"product_brand","embeddable":true,"href":"https:\/\/www.claret.cat\/es\/wp-json\/wp\/v2\/product_brand?post=245812"},{"taxonomy":"product_cat","embeddable":true,"href":"https:\/\/www.claret.cat\/es\/wp-json\/wp\/v2\/product_cat?post=245812"},{"taxonomy":"product_tag","embeddable":true,"href":"https:\/\/www.claret.cat\/es\/wp-json\/wp\/v2\/product_tag?post=245812"}],"curies":[{"name":"wp","href":"https:\/\/api.w.org\/{rel}","templated":true}]}}