{"id":245908,"date":"2022-10-21T02:19:02","date_gmt":"2022-10-21T00:19:02","guid":{"rendered":"http:\/\/dev.claret.cat\/producte\/emilio-el-manga\/"},"modified":"2026-01-28T12:21:00","modified_gmt":"2026-01-28T11:21:00","slug":"emilio-el-manga-9788416540099","status":"publish","type":"product","link":"https:\/\/www.claret.cat\/es\/libro\/emilio-el-manga-9788416540099\/","title":{"rendered":"EMILIO &#8211; EL MANGA"},"content":{"rendered":"<p>Rousseau fue un pensador provocador y contradictorio y uno de los hitos m\u00e1s importantes de la Ilustraci\u00f3n.<br \/>Reclamado y repudiado al mismo tiempo por la ideolog\u00eda pol\u00edtica de su obra El contrato social (1762) con Emilio asienta su filosof\u00eda sobre la educaci\u00f3n y el desarrollo humano, basada en las ideas de la bondad intr\u00ednseca del hombre y de que su corrupci\u00f3n deriva del alejamiento de la naturaleza y de la esclavitud a la que la sociedad lo somete.<\/p>\n","protected":false},"excerpt":{"rendered":"<p>ROUSSEAU, JEAN-JACQUES<\/p>\n","protected":false},"featured_media":330021,"template":"","meta":{"_acf_changed":false,"om_disable_all_campaigns":false,"rs_blank_template":"","rs_page_bg_color":"","slide_template_v7":"","inline_featured_image":false,"_monsterinsights_skip_tracking":false,"_monsterinsights_sitenote_active":false,"_monsterinsights_sitenote_note":"","_monsterinsights_sitenote_category":0},"product_brand":[],"product_cat":[108,558,349,83],"product_tag":[],"class_list":{"0":"post-245908","1":"product","2":"type-product","3":"status-publish","4":"has-post-thumbnail","6":"product_cat-comic","7":"product_cat-comic-3_infantil-juvenil-spa-spa","8":"product_cat-filosofia-2_humanidades","9":"product_cat-filosofia","11":"first","12":"instock","13":"taxable","14":"shipping-taxable","15":"purchasable","16":"product-type-simple"},"acf":{"autor":"ROUSSEAU, JEAN-JACQUES","codart":"841654009","libros-coleccion":"","ediciones":"1","encuadernacion":"R\u00fastica","fecha_de_publicacion":"05\/10\/2015","novedad":"0","paginas":"200","subtitulo":"","orden":"999","portada":"0","idioma":"spa","editorial":[{"ID":6266,"post_author":"3","post_date":"2022-07-28 17:48:31","post_date_gmt":"2022-07-28 15:48:31","post_content":"","post_title":"HERDER","post_excerpt":"","post_status":"publish","comment_status":"closed","ping_status":"closed","post_password":"","post_name":"herder","to_ping":"","pinged":"","post_modified":"2022-07-28 17:48:31","post_modified_gmt":"2022-07-28 15:48:31","post_content_filtered":"","post_parent":0,"guid":"http:\/\/dev.claret.cat\/editorial\/herder\/","menu_order":0,"post_type":"editorial","post_mime_type":"","comment_count":"0","filter":"raw"}],"autores-libros":[{"ID":158890,"post_author":"3","post_date":"2022-10-14 15:40:25","post_date_gmt":"2022-10-14 13:40:25","post_content":"","post_title":"JEAN-JACQUES ROUSSEAU","post_excerpt":"","post_status":"publish","comment_status":"closed","ping_status":"closed","post_password":"","post_name":"jean-jacques-rousseau","to_ping":"","pinged":"","post_modified":"2022-10-14 15:40:25","post_modified_gmt":"2022-10-14 13:40:25","post_content_filtered":"","post_parent":0,"guid":"http:\/\/dev.claret.cat\/autor\/jean-jacques-rousseau\/","menu_order":0,"post_type":"autor","post_mime_type":"","comment_count":"0","filter":"raw"}],"booktrailer":"","resenas":""},"aioseo_notices":[],"_links":{"self":[{"href":"https:\/\/www.claret.cat\/es\/wp-json\/wp\/v2\/product\/245908","targetHints":{"allow":["GET"]}}],"collection":[{"href":"https:\/\/www.claret.cat\/es\/wp-json\/wp\/v2\/product"}],"about":[{"href":"https:\/\/www.claret.cat\/es\/wp-json\/wp\/v2\/types\/product"}],"wp:featuredmedia":[{"embeddable":true,"href":"https:\/\/www.claret.cat\/es\/wp-json\/wp\/v2\/media\/330021"}],"wp:attachment":[{"href":"https:\/\/www.claret.cat\/es\/wp-json\/wp\/v2\/media?parent=245908"}],"wp:term":[{"taxonomy":"product_brand","embeddable":true,"href":"https:\/\/www.claret.cat\/es\/wp-json\/wp\/v2\/product_brand?post=245908"},{"taxonomy":"product_cat","embeddable":true,"href":"https:\/\/www.claret.cat\/es\/wp-json\/wp\/v2\/product_cat?post=245908"},{"taxonomy":"product_tag","embeddable":true,"href":"https:\/\/www.claret.cat\/es\/wp-json\/wp\/v2\/product_tag?post=245908"}],"curies":[{"name":"wp","href":"https:\/\/api.w.org\/{rel}","templated":true}]}}