{"id":24597,"date":"2022-10-02T10:18:45","date_gmt":"2022-10-02T08:18:45","guid":{"rendered":"http:\/\/dev.claret.cat\/producte\/la-vida-il%c2%b7lustrada\/"},"modified":"2023-01-28T10:23:37","modified_gmt":"2023-01-28T09:23:37","slug":"la-vida-illustrada-9788417921286","status":"publish","type":"product","link":"https:\/\/www.claret.cat\/es\/libro\/la-vida-illustrada-9788417921286\/","title":{"rendered":"LA VIDA IL\u00b7LUSTRADA"},"content":{"rendered":"<p>La vida il\u00b7lustrada, de Lisa Aisato, \u00e9s una obra d&#8217;art  per gaudir, per aprendre a assaborir els millors moments de la vida. Al principi est\u00e0s creixent, i el m\u00f3n \u00e9s un regal per obrir. A l&#8217;adolesc\u00e8ncia descobreixes els altres, i tamb\u00e9 et descobreixes a tu. La primera joventut es presenta com un llibre en blanc, farcit de primeres vegades. Pots trobar llavors a la persona que t&#8217;acompanyar\u00e0 sempre. O potser no, potser nom\u00e9s un temps. Formes una fam\u00edlia de fills, amics o animals. O de tots alhora. Despr\u00e9s la c\u00e0lida maduresa s&#8217;obre davant teu. I, si tens sort, la  vellesa. I pot ser que no reconeguis la teva imatge al mirall, per\u00f2 com t&#8217;alegra ser aqu\u00ed. De vegades, com en aquest llibre de Lisa Aisato, el temps s&#8217;atura i ens  recorda que la vida est\u00e0 feta d&#8217;etapes que compartim tots i que mereixen celebrar-se cada dia.   Un llibre m\u00e0gic, ple d&#8217;humor i de bellesa, per estimar, recordar i compartir. De la il\u00b7lustradora del conte La nena que va salvar els llibres.  Millor llibre de 2019 segons els llibreters noruegs.<\/p>\n","protected":false},"excerpt":{"rendered":"<p>AISATO, LISA<\/p>\n","protected":false},"featured_media":324767,"template":"","meta":{"_acf_changed":false,"om_disable_all_campaigns":false,"rs_blank_template":"","rs_page_bg_color":"","slide_template_v7":"","inline_featured_image":false,"_monsterinsights_skip_tracking":false,"_monsterinsights_sitenote_active":false,"_monsterinsights_sitenote_note":"","_monsterinsights_sitenote_category":0},"product_brand":[],"product_cat":[105,555],"product_tag":[],"class_list":{"0":"post-24597","1":"product","2":"type-product","3":"status-publish","4":"has-post-thumbnail","6":"product_cat-regal","7":"product_cat-regalo","9":"first","10":"instock","11":"taxable","12":"shipping-taxable","13":"purchasable","14":"product-type-simple"},"acf":{"autor":"AISATO, LISA","codart":"841792128","libros-coleccion":"","ediciones":"1","encuadernacion":"Carton\u00e9","fecha_de_publicacion":"01\/10\/2020","novedad":"1","paginas":"192","subtitulo":"","orden":"0","portada":"0","idioma":"cat","editorial":[{"ID":6136,"post_author":"3","post_date":"2022-07-28 17:45:39","post_date_gmt":"2022-07-28 15:45:39","post_content":"","post_title":"B de Blok (Ediciones B)","post_excerpt":"","post_status":"publish","comment_status":"closed","ping_status":"closed","post_password":"","post_name":"b-de-blok-ediciones-b","to_ping":"","pinged":"","post_modified":"2022-07-28 17:45:39","post_modified_gmt":"2022-07-28 15:45:39","post_content_filtered":"","post_parent":0,"guid":"http:\/\/dev.claret.cat\/editorial\/b-de-blok-ediciones-b\/","menu_order":0,"post_type":"editorial","post_mime_type":"","comment_count":"0","filter":"raw"}],"autores-libros":[{"ID":162253,"post_author":"3","post_date":"2022-10-14 17:29:33","post_date_gmt":"2022-10-14 15:29:33","post_content":"","post_title":"LISA AISATO","post_excerpt":"","post_status":"publish","comment_status":"closed","ping_status":"closed","post_password":"","post_name":"lisa-aisato","to_ping":"","pinged":"","post_modified":"2022-10-14 17:29:33","post_modified_gmt":"2022-10-14 15:29:33","post_content_filtered":"","post_parent":0,"guid":"http:\/\/dev.claret.cat\/autor\/lisa-aisato\/","menu_order":0,"post_type":"autor","post_mime_type":"","comment_count":"0","filter":"raw"}]},"aioseo_notices":[],"_links":{"self":[{"href":"https:\/\/www.claret.cat\/es\/wp-json\/wp\/v2\/product\/24597","targetHints":{"allow":["GET"]}}],"collection":[{"href":"https:\/\/www.claret.cat\/es\/wp-json\/wp\/v2\/product"}],"about":[{"href":"https:\/\/www.claret.cat\/es\/wp-json\/wp\/v2\/types\/product"}],"wp:featuredmedia":[{"embeddable":true,"href":"https:\/\/www.claret.cat\/es\/wp-json\/wp\/v2\/media\/324767"}],"wp:attachment":[{"href":"https:\/\/www.claret.cat\/es\/wp-json\/wp\/v2\/media?parent=24597"}],"wp:term":[{"taxonomy":"product_brand","embeddable":true,"href":"https:\/\/www.claret.cat\/es\/wp-json\/wp\/v2\/product_brand?post=24597"},{"taxonomy":"product_cat","embeddable":true,"href":"https:\/\/www.claret.cat\/es\/wp-json\/wp\/v2\/product_cat?post=24597"},{"taxonomy":"product_tag","embeddable":true,"href":"https:\/\/www.claret.cat\/es\/wp-json\/wp\/v2\/product_tag?post=24597"}],"curies":[{"name":"wp","href":"https:\/\/api.w.org\/{rel}","templated":true}]}}