{"id":245976,"date":"2022-10-21T02:20:39","date_gmt":"2022-10-21T00:20:39","guid":{"rendered":"http:\/\/dev.claret.cat\/producte\/daringham-hall-la-decisio\/"},"modified":"2023-01-28T20:00:56","modified_gmt":"2023-01-28T19:00:56","slug":"daringham-hall-la-decisio-9788466657785","status":"publish","type":"product","link":"https:\/\/www.claret.cat\/es\/libro\/daringham-hall-la-decisio-9788466657785\/","title":{"rendered":"DARINGHAM HALL. LA DECISI\u00d3"},"content":{"rendered":"<p>Un secret llargament ocult, una gran decisi\u00f3 pendent.<br \/> Ben Sterling no acaba d&rsquo;entendre&rsquo;s a ell mateix: des de la seva arribada a Daringham Hall la seva vida ha fet un tomb, no nom\u00e9s perqu\u00e8 la seva fam\u00edlia, durant tant de temps perduda, el rep amb una gran amabilitat i, contra tot pron\u00f2stic, a la seva finca anglesa, sin\u00f3 tamb\u00e9 perqu\u00e8 els seus sentiments per la veterin\u00e0ria Kate l&rsquo;han agafat per sorpresa. Per\u00f2 ara fins i tot es planteja un futur a Anglaterra? En realitat no sap que les intrigues d&rsquo;una tercera persona el faran reconsiderar la seva decisi\u00f3 de quedar-se a Daringham Hall.<br \/> D&rsquo;aquesta manera continua el segon volum de la trilogia Daringham Hall, l&rsquo;obra amb la qual es presenta davant els lectors en catal\u00e0 l&rsquo;alemanya Kathryn Taylor, autora de diversos best sellers que han assolit la prestigiosa llista dels llibres m\u00e9s venuts de Der Spiegel.<br \/> Aix\u00ed comen\u00e7\u00e0 tot&hellip; Camp angl\u00e8s, en l&rsquo;actualitat. La Kate, una jove veterin\u00e0ria, fa una vida tranquil\u00b7la al buc\u00f2lic poble de Salter&rsquo;s End. All\u00e0 se sent especialment unida a la fam\u00edlia de terratinents per a la qual treballa, els Camden de Daringham Hall, que la tracten com si fos una filla.<br \/> De sobte, un dia arriba al poble un estrany que perd la mem\u00f2ria, despr\u00e9s de rebre un cop donat per la Kate, que acaba enamorant-se perdudament d&rsquo;ell.Tanmateix, quan ja s&rsquo;atreveix a pensar que el seu amor \u00e9s correspost, descobreix que l&rsquo;estrany \u00e9s Ben Sterling, un empresari novaiorqu\u00e8s que diu que \u00e9s l&rsquo;hereu de Daringham Hall, i que ha vingut al poble amb \u00e0nim de venjan\u00e7a&#8230;<\/p>\n","protected":false},"excerpt":{"rendered":"<p>TAYLOR, KATHRYN<\/p>\n","protected":false},"featured_media":245977,"template":"","meta":{"_acf_changed":false,"om_disable_all_campaigns":false,"rs_blank_template":"","rs_page_bg_color":"","slide_template_v7":"","inline_featured_image":false,"_monsterinsights_skip_tracking":false,"_monsterinsights_sitenote_active":false,"_monsterinsights_sitenote_note":"","_monsterinsights_sitenote_category":0},"product_brand":[],"product_cat":[127],"product_tag":[],"class_list":{"0":"post-245976","1":"product","2":"type-product","3":"status-publish","4":"has-post-thumbnail","6":"product_cat-novella-contemporania","8":"first","9":"instock","10":"taxable","11":"shipping-taxable","12":"purchasable","13":"product-type-simple"},"acf":{"autor":"TAYLOR, KATHRYN","codart":"846665778","libros-coleccion":"","ediciones":"1","encuadernacion":"R\u00fastica","fecha_de_publicacion":"01\/10\/2015","novedad":"0","paginas":"412","subtitulo":"","orden":"999","portada":"0","idioma":"cat"},"aioseo_notices":[],"_links":{"self":[{"href":"https:\/\/www.claret.cat\/es\/wp-json\/wp\/v2\/product\/245976","targetHints":{"allow":["GET"]}}],"collection":[{"href":"https:\/\/www.claret.cat\/es\/wp-json\/wp\/v2\/product"}],"about":[{"href":"https:\/\/www.claret.cat\/es\/wp-json\/wp\/v2\/types\/product"}],"wp:featuredmedia":[{"embeddable":true,"href":"https:\/\/www.claret.cat\/es\/wp-json\/wp\/v2\/media\/245977"}],"wp:attachment":[{"href":"https:\/\/www.claret.cat\/es\/wp-json\/wp\/v2\/media?parent=245976"}],"wp:term":[{"taxonomy":"product_brand","embeddable":true,"href":"https:\/\/www.claret.cat\/es\/wp-json\/wp\/v2\/product_brand?post=245976"},{"taxonomy":"product_cat","embeddable":true,"href":"https:\/\/www.claret.cat\/es\/wp-json\/wp\/v2\/product_cat?post=245976"},{"taxonomy":"product_tag","embeddable":true,"href":"https:\/\/www.claret.cat\/es\/wp-json\/wp\/v2\/product_tag?post=245976"}],"curies":[{"name":"wp","href":"https:\/\/api.w.org\/{rel}","templated":true}]}}