{"id":246052,"date":"2022-10-21T02:22:25","date_gmt":"2022-10-21T00:22:25","guid":{"rendered":"http:\/\/dev.claret.cat\/producte\/victor-ros-y-el-gran-robo-del-oro-espanol\/"},"modified":"2025-04-22T12:50:16","modified_gmt":"2025-04-22T10:50:16","slug":"victor-ros-y-el-gran-robo-del-oro-espanol-9788401015854","status":"publish","type":"product","link":"https:\/\/www.claret.cat\/es\/libro\/victor-ros-y-el-gran-robo-del-oro-espanol-9788401015854\/","title":{"rendered":"V\u00cdCTOR ROS Y EL GRAN ROBO DEL ORO ESPA\u00d1OL"},"content":{"rendered":"<p>Un robo espectacular. Una maniobra de distracci\u00f3n impecable. Un  tesoro nacional en peligro. Un pa\u00eds al borde de la quiebra. Un reto inesperado.<br \/>Un caso para el mejor detective espa\u00f1ol de todos los tiempos.V\u00edctor Ros se ha tomado unas vacaciones despu\u00e9s de un caso que casi le  cuesta la vida. Pero el crimen nunca cesa y, de nuevo, la Brigada  Metropolitana de Madrid requiere sus servicios. El Banco de Espa\u00f1a ha  sufrido un intento de robo, pero solo era una maniobra de distracci\u00f3n  mientras se comet\u00eda el aut\u00e9ntico delito: la sustracci\u00f3n de las dos  terceras partes del tesoro nacional en lingotes de oro que se encontraba  en otro bando de la capital. La \u00fanica pista con la que cuentan es el  nombre que pronuncia uno de los asaltantes del Banco de Espa\u00f1a antes de  morir: Aldanza. Ros es el \u00fanico que da cr\u00e9dito a este testimonio, ya que  ve en esta gran puesta en escena la impronta del criminal Aldanza, al que todos consideran muerto.Una serie de pistas se\u00f1alan Londres como el lugar d\u00f3nde encontrar\u00e1 al  sospechoso y, en consecuencia, el oro. Pero las cosas no son f\u00e1ciles  para nuestro protagonista; una sombra del pasado intentar\u00e1 acabar con su  vida aprovechando las distracciones del caso. Lo que no esperaba Ros es  contar con la ayuda de todo un mito de la historia del siglo XIX: su admirado y c\u00e9lebre Sherlock Holmes.<\/p>\n","protected":false},"excerpt":{"rendered":"<p>TRISTANTE,JER\u00d3NIMO<\/p>\n","protected":false},"featured_media":1018848,"template":"","meta":{"_acf_changed":false,"om_disable_all_campaigns":false,"rs_blank_template":"","rs_page_bg_color":"","slide_template_v7":"","inline_featured_image":false,"_monsterinsights_skip_tracking":false,"_monsterinsights_sitenote_active":false,"_monsterinsights_sitenote_note":"","_monsterinsights_sitenote_category":0},"product_brand":[],"product_cat":[127,357],"product_tag":[],"class_list":{"0":"post-246052","1":"product","2":"type-product","3":"status-publish","4":"has-post-thumbnail","6":"product_cat-novella-contemporania","7":"product_cat-novela-contemporanea","9":"first","10":"outofstock","11":"taxable","12":"shipping-taxable","13":"purchasable","14":"product-type-simple"},"acf":{"autor":"TRISTANTE,JER\u00d3NIMO","codart":"840101585","libros-coleccion":"","ediciones":"1","encuadernacion":"R\u00fastica","fecha_de_publicacion":"01\/10\/2015","novedad":"0","paginas":"379","subtitulo":"","orden":"999","portada":"0","idioma":"spa","editorial":[{"ID":6332,"post_author":"3","post_date":"2022-07-28 17:49:55","post_date_gmt":"2022-07-28 15:49:55","post_content":"","post_title":"PLAZA JANES, S.A.","post_excerpt":"","post_status":"publish","comment_status":"closed","ping_status":"closed","post_password":"","post_name":"plaza-janes-s-a","to_ping":"","pinged":"","post_modified":"2022-07-28 17:49:55","post_modified_gmt":"2022-07-28 15:49:55","post_content_filtered":"","post_parent":0,"guid":"http:\/\/dev.claret.cat\/editorial\/plaza-janes-s-a\/","menu_order":0,"post_type":"editorial","post_mime_type":"","comment_count":"0","filter":"raw"}],"autores-libros":[{"ID":159044,"post_author":"3","post_date":"2022-10-14 15:41:39","post_date_gmt":"2022-10-14 13:41:39","post_content":"","post_title":"JERONIMO TRISTANTE","post_excerpt":"","post_status":"publish","comment_status":"closed","ping_status":"closed","post_password":"","post_name":"jeronimo-tristante","to_ping":"","pinged":"","post_modified":"2022-10-14 15:41:39","post_modified_gmt":"2022-10-14 13:41:39","post_content_filtered":"","post_parent":0,"guid":"http:\/\/dev.claret.cat\/autor\/jeronimo-tristante\/","menu_order":0,"post_type":"autor","post_mime_type":"","comment_count":"0","filter":"raw"}],"booktrailer":"","resenas":""},"aioseo_notices":[],"_links":{"self":[{"href":"https:\/\/www.claret.cat\/es\/wp-json\/wp\/v2\/product\/246052","targetHints":{"allow":["GET"]}}],"collection":[{"href":"https:\/\/www.claret.cat\/es\/wp-json\/wp\/v2\/product"}],"about":[{"href":"https:\/\/www.claret.cat\/es\/wp-json\/wp\/v2\/types\/product"}],"wp:featuredmedia":[{"embeddable":true,"href":"https:\/\/www.claret.cat\/es\/wp-json\/wp\/v2\/media\/1018848"}],"wp:attachment":[{"href":"https:\/\/www.claret.cat\/es\/wp-json\/wp\/v2\/media?parent=246052"}],"wp:term":[{"taxonomy":"product_brand","embeddable":true,"href":"https:\/\/www.claret.cat\/es\/wp-json\/wp\/v2\/product_brand?post=246052"},{"taxonomy":"product_cat","embeddable":true,"href":"https:\/\/www.claret.cat\/es\/wp-json\/wp\/v2\/product_cat?post=246052"},{"taxonomy":"product_tag","embeddable":true,"href":"https:\/\/www.claret.cat\/es\/wp-json\/wp\/v2\/product_tag?post=246052"}],"curies":[{"name":"wp","href":"https:\/\/api.w.org\/{rel}","templated":true}]}}