{"id":246070,"date":"2022-10-21T02:22:51","date_gmt":"2022-10-21T00:22:51","guid":{"rendered":"http:\/\/dev.claret.cat\/producte\/en-el-ultimo-minuto\/"},"modified":"2023-01-28T10:44:47","modified_gmt":"2023-01-28T09:44:47","slug":"en-el-ultimo-minuto-9788466654876","status":"publish","type":"product","link":"https:\/\/www.claret.cat\/es\/libro\/en-el-ultimo-minuto-9788466654876\/","title":{"rendered":"EN EL \u00daLTIMO MINUTO"},"content":{"rendered":"<p>Sean King y Michelle Maxwell, ex agentes del Servicio Secreto que ahora se dedican a la investigaci\u00f3n privada, regresan en el caso m\u00e1s sorprendente, personal y peligroso de su carrera.<br \/> Al comienzo parece una historia meramente tr\u00e1gica. El adolescente Tyler Wingo recibe la dolorosa noticia de que su padre, militar, ha muerto en acci\u00f3n en Afganist\u00e1n. Pero entonces ocurre algo extraordinario: Tyler recibe un mensaje de su padre&#8230; posterior a su supuesta muerte. Tyler contrata a Sean y Michelle para que desentra\u00f1en el misterio, y las pesquisas de estos plantean r\u00e1pidamente interrogantes m\u00e1s profundos e inquietantes.<br \/> \u00bfAcaso es posible que el padre de Tyler siga con vida? \u00bfCu\u00e1l era su verdadera misi\u00f3n? \u00bfPodr\u00eda ser Tyler el pr\u00f3ximo objetivo de una conspiraci\u00f3n? Los investigadores se dan cuenta de que han topado con algo m\u00e1s trascendente y peligroso de lo que cabr\u00eda imaginar.<br \/> Y mientras su b\u00fasqueda de la verdad los conduce de forma implacable a las altas esferas del poder y a la revelaci\u00f3n de un secreto muy bien guardado, Sean y Michelle se comprometen a ayudar y proteger a Tyler, aunque con ello pongan en riesgo su propia vida.<br \/> \u00a0<br \/> Se ha dicho de la novela:\u00a0<br \/> \u00abExtraordinaria&#8230; Espeluznante&#8230; El mejor libro de la serie.\u00bb Associated Press <br \/> \u00abBaldacci se pone en la piel de sus personajes, y nos descoloca con una empat\u00eda inesperada y una identificaci\u00f3n sutil.\u00bb Sunday Express <br \/> \u00abComo es habitual en \u00e9l, Baldacci nos presenta una obra con su mejor estilo, repleta de emoci\u00f3n y aventura.\u00bb Independent on Sunday <br \/> \u00abBaldacci se coloca a la altura de los grandes &#8211;Grisham, Ludlum e incluso Patricia Cornwell&#8211;, y sale m\u00e1s que airoso.\u00bb People <br \/> \u00abAbsorbente. En el \u00faltimo minuto es Baldacci en la cima de su talento.\u00bb BookReporter \u00abCon esta novela, el autor sube la apuesta tanto en el aspecto argumental como emocional&hellip; Una historia admirablemente construida y h\u00e1bilmente narrada.\u00bb Providence Sunday Journal <br \/> \u00abTrama brillante, acci\u00f3n trepidante y personajes inolvidables.\u00bb Daily Mail &emsp;<\/p>\n","protected":false},"excerpt":{"rendered":"<p>BALDACCI, DAVID<\/p>\n","protected":false},"featured_media":246071,"template":"","meta":{"_acf_changed":false,"om_disable_all_campaigns":false,"rs_blank_template":"","rs_page_bg_color":"","slide_template_v7":"","inline_featured_image":false,"_monsterinsights_skip_tracking":false,"_monsterinsights_sitenote_active":false,"_monsterinsights_sitenote_note":"","_monsterinsights_sitenote_category":0},"product_brand":[],"product_cat":[16],"product_tag":[],"class_list":{"0":"post-246070","1":"product","2":"type-product","3":"status-publish","4":"has-post-thumbnail","6":"product_cat-sense-categoria","8":"first","9":"instock","10":"taxable","11":"shipping-taxable","12":"purchasable","13":"product-type-simple"},"acf":{"autor":"BALDACCI, DAVID","codart":"846665487","libros-coleccion":"","ediciones":"1","encuadernacion":"R\u00fastica","fecha_de_publicacion":"01\/10\/2015","novedad":"0","paginas":"478","subtitulo":"SERIE KING & MAXWELL VOL. 6","orden":"999","portada":"0","idioma":"spa","editorial":[{"ID":147506,"post_author":"3","post_date":"2022-10-14 11:51:06","post_date_gmt":"2022-10-14 09:51:06","post_content":"","post_title":"B EDICIONES","post_excerpt":"","post_status":"publish","comment_status":"closed","ping_status":"closed","post_password":"","post_name":"b-ediciones","to_ping":"","pinged":"","post_modified":"2022-10-14 11:51:06","post_modified_gmt":"2022-10-14 09:51:06","post_content_filtered":"","post_parent":0,"guid":"http:\/\/dev.claret.cat\/editorial\/b-ediciones\/","menu_order":0,"post_type":"editorial","post_mime_type":"","comment_count":"0","filter":"raw"}],"autores-libros":[{"ID":153747,"post_author":"3","post_date":"2022-10-14 14:59:12","post_date_gmt":"2022-10-14 12:59:12","post_content":"","post_title":"DAVID BALDACCI","post_excerpt":"","post_status":"publish","comment_status":"closed","ping_status":"closed","post_password":"","post_name":"david-baldacci","to_ping":"","pinged":"","post_modified":"2022-10-14 14:59:12","post_modified_gmt":"2022-10-14 12:59:12","post_content_filtered":"","post_parent":0,"guid":"http:\/\/dev.claret.cat\/autor\/david-baldacci\/","menu_order":0,"post_type":"autor","post_mime_type":"","comment_count":"0","filter":"raw"}]},"aioseo_notices":[],"_links":{"self":[{"href":"https:\/\/www.claret.cat\/es\/wp-json\/wp\/v2\/product\/246070","targetHints":{"allow":["GET"]}}],"collection":[{"href":"https:\/\/www.claret.cat\/es\/wp-json\/wp\/v2\/product"}],"about":[{"href":"https:\/\/www.claret.cat\/es\/wp-json\/wp\/v2\/types\/product"}],"wp:featuredmedia":[{"embeddable":true,"href":"https:\/\/www.claret.cat\/es\/wp-json\/wp\/v2\/media\/246071"}],"wp:attachment":[{"href":"https:\/\/www.claret.cat\/es\/wp-json\/wp\/v2\/media?parent=246070"}],"wp:term":[{"taxonomy":"product_brand","embeddable":true,"href":"https:\/\/www.claret.cat\/es\/wp-json\/wp\/v2\/product_brand?post=246070"},{"taxonomy":"product_cat","embeddable":true,"href":"https:\/\/www.claret.cat\/es\/wp-json\/wp\/v2\/product_cat?post=246070"},{"taxonomy":"product_tag","embeddable":true,"href":"https:\/\/www.claret.cat\/es\/wp-json\/wp\/v2\/product_tag?post=246070"}],"curies":[{"name":"wp","href":"https:\/\/api.w.org\/{rel}","templated":true}]}}