{"id":246103,"date":"2022-10-21T02:23:37","date_gmt":"2022-10-21T00:23:37","guid":{"rendered":"http:\/\/dev.claret.cat\/producte\/finlandia-3\/"},"modified":"2023-01-28T03:38:07","modified_gmt":"2023-01-28T02:38:07","slug":"finlandia-9788408140269","status":"publish","type":"product","link":"https:\/\/www.claret.cat\/es\/libro\/finlandia-9788408140269\/","title":{"rendered":"FINLANDIA"},"content":{"rendered":"<p>Finlandia es el profundo norte: vastos horizontes de bosques y lagos envueltos en un aire n\u00edtido y revitalizante de vanguardismo. Bien sea entre la luz infinita de su verano o en la misteriosa magia congelada de su invierno, este pa\u00eds siempre merece la pena.<br \/> Esta gu\u00eda de viajes a Finlandia aporta toda la informaci\u00f3n necesaria e imprescindible para emprender tu viaje por todas las zonas del pa\u00eds que deseas visitar. En ella encontrar\u00e1s recomendaciones de viaje a Finlandia, y advertencias y consejos, para hacer que tu viaje sea inolvidable.\u00a0<br \/> Recorre rutas y caminos que tantas veces has visto fotografiados, y recuerda que esto es s\u00f3lo una gu\u00eda, \u00a1la aventura la vives t\u00fa!\u00a0<br \/> Incluye:.Cap\u00edtulos especiales sobre actividades al aire libre, dise\u00f1o finland\u00e9s, cultura sami y comida y bebida.Y adem\u00e1s: fotos sugerentes, mapas claros, herramientas para planificar el viaje e informaci\u00f3n en profundidad sobre: Helsinki, Turky y la costa sur, Archipi\u00e9lago de Aland, Tampere y H\u00e4me, la regi\u00f3n de los lagos, Carelia, costa oeste, Oulu, Kainuu, Koillismaa y Laponia.<\/p>\n","protected":false},"excerpt":{"rendered":"<p>SYMINGTON, ANDY \/ LE NEVEZ, CATHERINE<\/p>\n","protected":false},"featured_media":246104,"template":"","meta":{"_acf_changed":false,"om_disable_all_campaigns":false,"rs_blank_template":"","rs_page_bg_color":"","slide_template_v7":"","inline_featured_image":false,"_monsterinsights_skip_tracking":false,"_monsterinsights_sitenote_active":false,"_monsterinsights_sitenote_note":"","_monsterinsights_sitenote_category":0},"product_brand":[],"product_cat":[107],"product_tag":[],"class_list":{"0":"post-246103","1":"product","2":"type-product","3":"status-publish","4":"has-post-thumbnail","6":"product_cat-guies-de-viatge","8":"first","9":"instock","10":"taxable","11":"shipping-taxable","12":"purchasable","13":"product-type-simple"},"acf":{"autor":"SYMINGTON, ANDY \/ LE NEVEZ, CATHERINE","codart":"840814026","libros-coleccion":"","ediciones":"1","encuadernacion":"R\u00fastica","fecha_de_publicacion":"01\/10\/2015","novedad":"0","paginas":"320","subtitulo":"","orden":"999","portada":"0","idioma":"spa","editorial":[{"ID":8244,"post_author":"3","post_date":"2022-09-30 09:21:26","post_date_gmt":"2022-09-30 07:21:26","post_content":"","post_title":"GEOPLANETA EDITORIAL","post_excerpt":"","post_status":"publish","comment_status":"closed","ping_status":"closed","post_password":"","post_name":"geoplaneta-editorial","to_ping":"","pinged":"","post_modified":"2022-09-30 09:21:26","post_modified_gmt":"2022-09-30 07:21:26","post_content_filtered":"","post_parent":0,"guid":"http:\/\/dev.claret.cat\/editorial\/geoplaneta-editorial\/","menu_order":0,"post_type":"editorial","post_mime_type":"","comment_count":"0","filter":"raw"}],"autores-libros":[{"ID":152593,"post_author":"3","post_date":"2022-10-14 14:50:01","post_date_gmt":"2022-10-14 12:50:01","post_content":"","post_title":"CATHERINE LE NEVEZ","post_excerpt":"","post_status":"publish","comment_status":"closed","ping_status":"closed","post_password":"","post_name":"catherine-le-nevez","to_ping":"","pinged":"","post_modified":"2022-10-14 14:50:01","post_modified_gmt":"2022-10-14 12:50:01","post_content_filtered":"","post_parent":0,"guid":"http:\/\/dev.claret.cat\/autor\/catherine-le-nevez\/","menu_order":0,"post_type":"autor","post_mime_type":"","comment_count":"0","filter":"raw"},{"ID":150352,"post_author":"3","post_date":"2022-10-14 14:32:15","post_date_gmt":"2022-10-14 12:32:15","post_content":"","post_title":"ANDY SYMINGTON","post_excerpt":"","post_status":"publish","comment_status":"closed","ping_status":"closed","post_password":"","post_name":"andy-symington","to_ping":"","pinged":"","post_modified":"2022-10-14 14:32:15","post_modified_gmt":"2022-10-14 12:32:15","post_content_filtered":"","post_parent":0,"guid":"http:\/\/dev.claret.cat\/autor\/andy-symington\/","menu_order":0,"post_type":"autor","post_mime_type":"","comment_count":"0","filter":"raw"}]},"aioseo_notices":[],"_links":{"self":[{"href":"https:\/\/www.claret.cat\/es\/wp-json\/wp\/v2\/product\/246103","targetHints":{"allow":["GET"]}}],"collection":[{"href":"https:\/\/www.claret.cat\/es\/wp-json\/wp\/v2\/product"}],"about":[{"href":"https:\/\/www.claret.cat\/es\/wp-json\/wp\/v2\/types\/product"}],"wp:featuredmedia":[{"embeddable":true,"href":"https:\/\/www.claret.cat\/es\/wp-json\/wp\/v2\/media\/246104"}],"wp:attachment":[{"href":"https:\/\/www.claret.cat\/es\/wp-json\/wp\/v2\/media?parent=246103"}],"wp:term":[{"taxonomy":"product_brand","embeddable":true,"href":"https:\/\/www.claret.cat\/es\/wp-json\/wp\/v2\/product_brand?post=246103"},{"taxonomy":"product_cat","embeddable":true,"href":"https:\/\/www.claret.cat\/es\/wp-json\/wp\/v2\/product_cat?post=246103"},{"taxonomy":"product_tag","embeddable":true,"href":"https:\/\/www.claret.cat\/es\/wp-json\/wp\/v2\/product_tag?post=246103"}],"curies":[{"name":"wp","href":"https:\/\/api.w.org\/{rel}","templated":true}]}}