{"id":24618,"date":"2022-10-02T10:19:08","date_gmt":"2022-10-02T08:19:08","guid":{"rendered":"http:\/\/dev.claret.cat\/producte\/la-vida-ilustrada\/"},"modified":"2023-01-28T06:44:20","modified_gmt":"2023-01-28T05:44:20","slug":"la-vida-ilustrada-9788417921408","status":"publish","type":"product","link":"https:\/\/www.claret.cat\/es\/libro\/la-vida-ilustrada-9788417921408\/","title":{"rendered":"LA VIDA ILUSTRADA"},"content":{"rendered":"<p>La vida ilustrada, de Lisa Aisato, es una obra de arte para  disfrutar, para aprender a saborear los mejores momentos de la vida. Al principio est\u00e1s creciendo, y el mundo es un regalo por abrir. En la adolescencia descubres a los dem\u00e1s, y tambi\u00e9n te descubres a ti. La primera juventud se presenta como un libro en blanco, lleno de primeras veces. Puedes encontrar entonces a la persona que te acompa\u00f1ar\u00e1 siempre. O quiz\u00e1 no, quiz\u00e1 solo un tiempo. Formas una familia de hijos, amigos o animales. O de todos a la vez. Luego la c\u00e1lida madurez se abre ante ti. Y, si tienes suerte, la vejez.  Y puede que no reconozcas tu imagen en espejo, pero c\u00f3mo te alegra estar aqu\u00ed. A veces, como en este libro de Lisa Aisato, el tiempo se detiene y nos  recuerda que la vida tiene etapas que compartimos todos y que merecen celebrarse cada d\u00eda. Un libro m\u00e1gico, lleno de humor y belleza, para amar, recordar y compartir. De la ilustradora de La ni\u00f1a que salv\u00f3 los libros. Mejor libro de 2019 seg\u00fan los libreros noruegos.<\/p>\n","protected":false},"excerpt":{"rendered":"<p>AISATO, LISA<\/p>\n","protected":false},"featured_media":65660,"template":"","meta":{"_acf_changed":false,"om_disable_all_campaigns":false,"rs_blank_template":"","rs_page_bg_color":"","slide_template_v7":"","inline_featured_image":false,"_monsterinsights_skip_tracking":false,"_monsterinsights_sitenote_active":false,"_monsterinsights_sitenote_note":"","_monsterinsights_sitenote_category":0},"product_brand":[],"product_cat":[105],"product_tag":[],"class_list":{"0":"post-24618","1":"product","2":"type-product","3":"status-publish","4":"has-post-thumbnail","6":"product_cat-regal","8":"first","9":"instock","10":"taxable","11":"shipping-taxable","12":"purchasable","13":"product-type-simple"},"acf":{"autor":"AISATO, LISA","codart":"841792140","libros-coleccion":"Viento Abierto","ediciones":"1","encuadernacion":"Carton\u00e9","fecha_de_publicacion":"01\/10\/2020","novedad":"1","paginas":"192","subtitulo":"","orden":"0","portada":"0","idioma":"spa","editorial":[{"ID":6136,"post_author":"3","post_date":"2022-07-28 17:45:39","post_date_gmt":"2022-07-28 15:45:39","post_content":"","post_title":"B de Blok (Ediciones B)","post_excerpt":"","post_status":"publish","comment_status":"closed","ping_status":"closed","post_password":"","post_name":"b-de-blok-ediciones-b","to_ping":"","pinged":"","post_modified":"2022-07-28 17:45:39","post_modified_gmt":"2022-07-28 15:45:39","post_content_filtered":"","post_parent":0,"guid":"http:\/\/dev.claret.cat\/editorial\/b-de-blok-ediciones-b\/","menu_order":0,"post_type":"editorial","post_mime_type":"","comment_count":"0","filter":"raw"}],"autores-libros":[{"ID":162253,"post_author":"3","post_date":"2022-10-14 17:29:33","post_date_gmt":"2022-10-14 15:29:33","post_content":"","post_title":"LISA AISATO","post_excerpt":"","post_status":"publish","comment_status":"closed","ping_status":"closed","post_password":"","post_name":"lisa-aisato","to_ping":"","pinged":"","post_modified":"2022-10-14 17:29:33","post_modified_gmt":"2022-10-14 15:29:33","post_content_filtered":"","post_parent":0,"guid":"http:\/\/dev.claret.cat\/autor\/lisa-aisato\/","menu_order":0,"post_type":"autor","post_mime_type":"","comment_count":"0","filter":"raw"}]},"aioseo_notices":[],"_links":{"self":[{"href":"https:\/\/www.claret.cat\/es\/wp-json\/wp\/v2\/product\/24618","targetHints":{"allow":["GET"]}}],"collection":[{"href":"https:\/\/www.claret.cat\/es\/wp-json\/wp\/v2\/product"}],"about":[{"href":"https:\/\/www.claret.cat\/es\/wp-json\/wp\/v2\/types\/product"}],"wp:featuredmedia":[{"embeddable":true,"href":"https:\/\/www.claret.cat\/es\/wp-json\/wp\/v2\/media\/65660"}],"wp:attachment":[{"href":"https:\/\/www.claret.cat\/es\/wp-json\/wp\/v2\/media?parent=24618"}],"wp:term":[{"taxonomy":"product_brand","embeddable":true,"href":"https:\/\/www.claret.cat\/es\/wp-json\/wp\/v2\/product_brand?post=24618"},{"taxonomy":"product_cat","embeddable":true,"href":"https:\/\/www.claret.cat\/es\/wp-json\/wp\/v2\/product_cat?post=24618"},{"taxonomy":"product_tag","embeddable":true,"href":"https:\/\/www.claret.cat\/es\/wp-json\/wp\/v2\/product_tag?post=24618"}],"curies":[{"name":"wp","href":"https:\/\/api.w.org\/{rel}","templated":true}]}}