{"id":246211,"date":"2022-10-21T02:26:14","date_gmt":"2022-10-21T00:26:14","guid":{"rendered":"http:\/\/dev.claret.cat\/producte\/un-viatge-inesperat\/"},"modified":"2023-01-28T11:52:06","modified_gmt":"2023-01-28T10:52:06","slug":"un-viatge-inesperat-9788448938543","status":"publish","type":"product","link":"https:\/\/www.claret.cat\/es\/libro\/un-viatge-inesperat-9788448938543\/","title":{"rendered":"UN VIATGE INESPERAT\u00a1"},"content":{"rendered":"<p>L &apos; Arman \u00e9s un noi com qualsevol altre. T\u00e9 uns pares que l &apos; estimen, una colla d &apos; amics, una mascota que es diu Tim i \u00e9s un l\u00e8mur&#8230; Per\u00f2 de cop i volta canviar\u00e0 tot. Despr\u00e9s d&#8221;un accident doble, l &apos; Arman adquirir\u00e0 un superpoder molt especial&#8230; i acabar\u00e0 a l &apos; altra punta del planeta! Com s &apos; ho far\u00e0 per evitar tots els perills que l &apos; assetgen i poder tornar a casa sa i estalvi?<\/p>\n","protected":false},"excerpt":{"rendered":"<p>LLORT, LLU\u00cdS \/ MACIP, SALVADOR<\/p>\n","protected":false},"featured_media":246212,"template":"","meta":{"_acf_changed":false,"om_disable_all_campaigns":false,"rs_blank_template":"","rs_page_bg_color":"","slide_template_v7":"","inline_featured_image":false,"_monsterinsights_skip_tracking":false,"_monsterinsights_sitenote_active":false,"_monsterinsights_sitenote_note":"","_monsterinsights_sitenote_category":0},"product_brand":[],"product_cat":[86],"product_tag":[],"class_list":{"0":"post-246211","1":"product","2":"type-product","3":"status-publish","4":"has-post-thumbnail","6":"product_cat-infantil","8":"first","9":"instock","10":"taxable","11":"shipping-taxable","12":"purchasable","13":"product-type-simple"},"acf":{"autor":"LLORT, LLU\u00cdS \/ MACIP, SALVADOR","codart":"844893854","libros-coleccion":"","ediciones":"1","encuadernacion":"Carton\u00e9","fecha_de_publicacion":"01\/10\/2015","novedad":"0","paginas":"182","subtitulo":"","orden":"999","portada":"0","idioma":"cat","editorial":[{"ID":147526,"post_author":"3","post_date":"2022-10-14 11:51:15","post_date_gmt":"2022-10-14 09:51:15","post_content":"","post_title":"BARCANOVA, EDITORIAL","post_excerpt":"","post_status":"publish","comment_status":"closed","ping_status":"closed","post_password":"","post_name":"barcanova-editorial","to_ping":"","pinged":"","post_modified":"2022-10-14 11:51:15","post_modified_gmt":"2022-10-14 09:51:15","post_content_filtered":"","post_parent":0,"guid":"http:\/\/dev.claret.cat\/editorial\/barcanova-editorial\/","menu_order":0,"post_type":"editorial","post_mime_type":"","comment_count":"0","filter":"raw"}],"autores-libros":[{"ID":6008,"post_author":"3","post_date":"2022-07-28 17:36:12","post_date_gmt":"2022-07-28 15:36:12","post_content":"","post_title":"SALVADOR MACIP","post_excerpt":"","post_status":"publish","comment_status":"closed","ping_status":"closed","post_password":"","post_name":"salvador-macip","to_ping":"","pinged":"","post_modified":"2022-07-28 17:36:12","post_modified_gmt":"2022-07-28 15:36:12","post_content_filtered":"","post_parent":0,"guid":"http:\/\/dev.claret.cat\/autor\/salvador-macip\/","menu_order":0,"post_type":"autor","post_mime_type":"","comment_count":"0","filter":"raw"},{"ID":162359,"post_author":"3","post_date":"2022-10-14 17:30:23","post_date_gmt":"2022-10-14 15:30:23","post_content":"","post_title":"LLUIS LLORT","post_excerpt":"","post_status":"publish","comment_status":"closed","ping_status":"closed","post_password":"","post_name":"lluis-llort","to_ping":"","pinged":"","post_modified":"2022-10-14 17:30:23","post_modified_gmt":"2022-10-14 15:30:23","post_content_filtered":"","post_parent":0,"guid":"http:\/\/dev.claret.cat\/autor\/lluis-llort\/","menu_order":0,"post_type":"autor","post_mime_type":"","comment_count":"0","filter":"raw"}]},"aioseo_notices":[],"_links":{"self":[{"href":"https:\/\/www.claret.cat\/es\/wp-json\/wp\/v2\/product\/246211","targetHints":{"allow":["GET"]}}],"collection":[{"href":"https:\/\/www.claret.cat\/es\/wp-json\/wp\/v2\/product"}],"about":[{"href":"https:\/\/www.claret.cat\/es\/wp-json\/wp\/v2\/types\/product"}],"wp:featuredmedia":[{"embeddable":true,"href":"https:\/\/www.claret.cat\/es\/wp-json\/wp\/v2\/media\/246212"}],"wp:attachment":[{"href":"https:\/\/www.claret.cat\/es\/wp-json\/wp\/v2\/media?parent=246211"}],"wp:term":[{"taxonomy":"product_brand","embeddable":true,"href":"https:\/\/www.claret.cat\/es\/wp-json\/wp\/v2\/product_brand?post=246211"},{"taxonomy":"product_cat","embeddable":true,"href":"https:\/\/www.claret.cat\/es\/wp-json\/wp\/v2\/product_cat?post=246211"},{"taxonomy":"product_tag","embeddable":true,"href":"https:\/\/www.claret.cat\/es\/wp-json\/wp\/v2\/product_tag?post=246211"}],"curies":[{"name":"wp","href":"https:\/\/api.w.org\/{rel}","templated":true}]}}