{"id":246214,"date":"2022-10-21T02:26:18","date_gmt":"2022-10-21T00:26:18","guid":{"rendered":"http:\/\/dev.claret.cat\/producte\/larman-i-la-fabrica-podrida\/"},"modified":"2023-01-28T09:43:34","modified_gmt":"2023-01-28T08:43:34","slug":"larman-i-la-fabrica-podrida-9788448938550","status":"publish","type":"product","link":"https:\/\/www.claret.cat\/es\/libro\/larman-i-la-fabrica-podrida-9788448938550\/","title":{"rendered":"L&#8217;ARMAN I LA F\u00c0BRICA PODRIDA"},"content":{"rendered":"<p>L &apos; Arman ha descobert els tripijocs de la f\u00e0brica de Bundesfra\u00fc. Est\u00e0 decidit a aturar el desastre i salvar els animals i les plantes de Virolainek! Per aconseguir-ho sort que compta amb l &apos; ajut dels seus amics, d &apos; en Tim, la seva espavilada mascota&#8230; i del seu poder secret. Trobaran una soluci\u00f3 abans no els descobreixi l&#8221;envej\u00f3s, ambici\u00f3s i tramp\u00f3s ministre Zhirkov?<\/p>\n","protected":false},"excerpt":{"rendered":"<p>LLORT, LLU\u00cdS \/ MACIP, SALVADOR<\/p>\n","protected":false},"featured_media":246215,"template":"","meta":{"_acf_changed":false,"om_disable_all_campaigns":false,"rs_blank_template":"","rs_page_bg_color":"","slide_template_v7":"","inline_featured_image":false,"_monsterinsights_skip_tracking":false,"_monsterinsights_sitenote_active":false,"_monsterinsights_sitenote_note":"","_monsterinsights_sitenote_category":0},"product_brand":[],"product_cat":[86],"product_tag":[],"class_list":{"0":"post-246214","1":"product","2":"type-product","3":"status-publish","4":"has-post-thumbnail","6":"product_cat-infantil","8":"first","9":"instock","10":"taxable","11":"shipping-taxable","12":"purchasable","13":"product-type-simple"},"acf":{"autor":"LLORT, LLU\u00cdS \/ MACIP, SALVADOR","codart":"844893855","libros-coleccion":"","ediciones":"1","encuadernacion":"Carton\u00e9","fecha_de_publicacion":"01\/10\/2015","novedad":"0","paginas":"190","subtitulo":"","orden":"999","portada":"0","idioma":"cat","editorial":[{"ID":147526,"post_author":"3","post_date":"2022-10-14 11:51:15","post_date_gmt":"2022-10-14 09:51:15","post_content":"","post_title":"BARCANOVA, EDITORIAL","post_excerpt":"","post_status":"publish","comment_status":"closed","ping_status":"closed","post_password":"","post_name":"barcanova-editorial","to_ping":"","pinged":"","post_modified":"2022-10-14 11:51:15","post_modified_gmt":"2022-10-14 09:51:15","post_content_filtered":"","post_parent":0,"guid":"http:\/\/dev.claret.cat\/editorial\/barcanova-editorial\/","menu_order":0,"post_type":"editorial","post_mime_type":"","comment_count":"0","filter":"raw"}],"autores-libros":[{"ID":6008,"post_author":"3","post_date":"2022-07-28 17:36:12","post_date_gmt":"2022-07-28 15:36:12","post_content":"","post_title":"SALVADOR MACIP","post_excerpt":"","post_status":"publish","comment_status":"closed","ping_status":"closed","post_password":"","post_name":"salvador-macip","to_ping":"","pinged":"","post_modified":"2022-07-28 17:36:12","post_modified_gmt":"2022-07-28 15:36:12","post_content_filtered":"","post_parent":0,"guid":"http:\/\/dev.claret.cat\/autor\/salvador-macip\/","menu_order":0,"post_type":"autor","post_mime_type":"","comment_count":"0","filter":"raw"},{"ID":162359,"post_author":"3","post_date":"2022-10-14 17:30:23","post_date_gmt":"2022-10-14 15:30:23","post_content":"","post_title":"LLUIS LLORT","post_excerpt":"","post_status":"publish","comment_status":"closed","ping_status":"closed","post_password":"","post_name":"lluis-llort","to_ping":"","pinged":"","post_modified":"2022-10-14 17:30:23","post_modified_gmt":"2022-10-14 15:30:23","post_content_filtered":"","post_parent":0,"guid":"http:\/\/dev.claret.cat\/autor\/lluis-llort\/","menu_order":0,"post_type":"autor","post_mime_type":"","comment_count":"0","filter":"raw"}]},"aioseo_notices":[],"_links":{"self":[{"href":"https:\/\/www.claret.cat\/es\/wp-json\/wp\/v2\/product\/246214","targetHints":{"allow":["GET"]}}],"collection":[{"href":"https:\/\/www.claret.cat\/es\/wp-json\/wp\/v2\/product"}],"about":[{"href":"https:\/\/www.claret.cat\/es\/wp-json\/wp\/v2\/types\/product"}],"wp:featuredmedia":[{"embeddable":true,"href":"https:\/\/www.claret.cat\/es\/wp-json\/wp\/v2\/media\/246215"}],"wp:attachment":[{"href":"https:\/\/www.claret.cat\/es\/wp-json\/wp\/v2\/media?parent=246214"}],"wp:term":[{"taxonomy":"product_brand","embeddable":true,"href":"https:\/\/www.claret.cat\/es\/wp-json\/wp\/v2\/product_brand?post=246214"},{"taxonomy":"product_cat","embeddable":true,"href":"https:\/\/www.claret.cat\/es\/wp-json\/wp\/v2\/product_cat?post=246214"},{"taxonomy":"product_tag","embeddable":true,"href":"https:\/\/www.claret.cat\/es\/wp-json\/wp\/v2\/product_tag?post=246214"}],"curies":[{"name":"wp","href":"https:\/\/api.w.org\/{rel}","templated":true}]}}