{"id":246362,"date":"2022-10-21T02:29:45","date_gmt":"2022-10-21T00:29:45","guid":{"rendered":"http:\/\/dev.claret.cat\/producte\/cronicas-de-elementia-1-mision-justicia\/"},"modified":"2025-10-20T22:44:35","modified_gmt":"2025-10-20T20:44:35","slug":"cronicas-de-elementia-1-mision-justicia-9788445002735","status":"publish","type":"product","link":"https:\/\/www.claret.cat\/es\/libro\/cronicas-de-elementia-1-mision-justicia-9788445002735\/","title":{"rendered":"CR\u00d3NICAS DE ELEMENTIA 1. MISI\u00d3N JUSTICIA"},"content":{"rendered":"<p>Nuevos jugadores se unen a Minecraft cada d\u00eda, pero las fuerzas oscuras acechan en el servidor de Elementia. Stan, Kat y Charlie son tres novatos que acaban de entrar en escena y que no tardan demasiado en encontrarse en peligro. Al poco de su llegada, un edicto del Rey ordena que todos los jugadores de nivel bajo sean expulsados del servidor antes del pr\u00f3ximo D\u00eda de la Proclamaci\u00f3n. Cualquier jugador que intente ayudar a los noobies ser\u00e1 silenciado. Con las fuerzas naturales del juego pis\u00e1ndoles los talones y el ultim\u00e1tum del rey cada vez m\u00e1s cerca, Stan, Kat y Charlie deber\u00e1n trabajar unidos para desentra\u00f1ar los misterios de Elementia y liderar la batalla por la justicia.<\/p>\n","protected":false},"excerpt":{"rendered":"<p>FAY WOLFE, SEAN<\/p>\n","protected":false},"featured_media":246363,"template":"","meta":{"_acf_changed":false,"om_disable_all_campaigns":false,"rs_blank_template":"","rs_page_bg_color":"","slide_template_v7":"","inline_featured_image":false,"_monsterinsights_skip_tracking":false,"_monsterinsights_sitenote_active":false,"_monsterinsights_sitenote_note":"","_monsterinsights_sitenote_category":0},"product_brand":[],"product_cat":[90,540],"product_tag":[],"class_list":{"0":"post-246362","1":"product","2":"type-product","3":"status-publish","4":"has-post-thumbnail","6":"product_cat-altres","7":"product_cat-otros","9":"first","10":"instock","11":"taxable","12":"shipping-taxable","13":"purchasable","14":"product-type-simple"},"acf":{"autor":"FAY WOLFE, SEAN","codart":"844500273","libros-coleccion":"","ediciones":"1","encuadernacion":"R\u00fastica","fecha_de_publicacion":"01\/10\/2015","novedad":"0","paginas":"250","subtitulo":"UNA AVENTURA NO OFICIAL DE MINECRAFT","orden":"999","portada":"0","idioma":"spa","editorial":[{"ID":6378,"post_author":"3","post_date":"2022-07-28 17:50:54","post_date_gmt":"2022-07-28 15:50:54","post_content":"","post_title":"TIMUN MAS, S.A.","post_excerpt":"","post_status":"publish","comment_status":"closed","ping_status":"closed","post_password":"","post_name":"timun-mas-s-a","to_ping":"","pinged":"","post_modified":"2022-07-28 17:50:54","post_modified_gmt":"2022-07-28 15:50:54","post_content_filtered":"","post_parent":0,"guid":"http:\/\/dev.claret.cat\/editorial\/timun-mas-s-a\/","menu_order":0,"post_type":"editorial","post_mime_type":"","comment_count":"0","filter":"raw"}],"booktrailer":"","resenas":"","autores-libros":[{"ID":400222,"post_author":"3","post_date":"2023-02-27 04:17:35","post_date_gmt":"2023-02-27 03:17:35","post_content":"","post_title":"SEAN FAY WOLFE","post_excerpt":"","post_status":"publish","comment_status":"closed","ping_status":"closed","post_password":"","post_name":"sean-fay-wolfe","to_ping":"","pinged":"","post_modified":"2023-02-27 04:17:35","post_modified_gmt":"2023-02-27 03:17:35","post_content_filtered":"","post_parent":0,"guid":"https:\/\/www.claret.cat\/autor\/sean-fay-wolfe\/","menu_order":0,"post_type":"autor","post_mime_type":"","comment_count":"0","filter":"raw"}]},"aioseo_notices":[],"_links":{"self":[{"href":"https:\/\/www.claret.cat\/es\/wp-json\/wp\/v2\/product\/246362","targetHints":{"allow":["GET"]}}],"collection":[{"href":"https:\/\/www.claret.cat\/es\/wp-json\/wp\/v2\/product"}],"about":[{"href":"https:\/\/www.claret.cat\/es\/wp-json\/wp\/v2\/types\/product"}],"wp:featuredmedia":[{"embeddable":true,"href":"https:\/\/www.claret.cat\/es\/wp-json\/wp\/v2\/media\/246363"}],"wp:attachment":[{"href":"https:\/\/www.claret.cat\/es\/wp-json\/wp\/v2\/media?parent=246362"}],"wp:term":[{"taxonomy":"product_brand","embeddable":true,"href":"https:\/\/www.claret.cat\/es\/wp-json\/wp\/v2\/product_brand?post=246362"},{"taxonomy":"product_cat","embeddable":true,"href":"https:\/\/www.claret.cat\/es\/wp-json\/wp\/v2\/product_cat?post=246362"},{"taxonomy":"product_tag","embeddable":true,"href":"https:\/\/www.claret.cat\/es\/wp-json\/wp\/v2\/product_tag?post=246362"}],"curies":[{"name":"wp","href":"https:\/\/api.w.org\/{rel}","templated":true}]}}