{"id":246368,"date":"2022-10-21T02:29:54","date_gmt":"2022-10-21T00:29:54","guid":{"rendered":"http:\/\/dev.claret.cat\/producte\/controlare-tus-suenos-2\/"},"modified":"2023-01-28T21:05:16","modified_gmt":"2023-01-28T20:05:16","slug":"controlare-tus-suenos-9788499187693","status":"publish","type":"product","link":"https:\/\/www.claret.cat\/es\/libro\/controlare-tus-suenos-9788499187693\/","title":{"rendered":"CONTROLAR\u00c9 TUS SUE\u00d1OS"},"content":{"rendered":"<p>nunca y que no parecen tener nada en com\u00fan han tenido el mismo sue\u00f1o, una pesadilla recurrente presidida por una figura terror\u00edfica. <br \/> Todos ellos son hallados muertos posteriormente. La polic\u00eda enseguida descubre que las v\u00edctimas compart\u00edan dos hechos significativos: todos hab\u00edan pernoctado recientemente en un mismo hotel viejo y misterioso de las monta\u00f1as Adirondack y todos ellos hab\u00edan asistido a sesiones de terapia con el mismo hipnotista. <br \/> David Gurney deber\u00e1 apresurarse a resolver esta serie de interrogantes imposibles, que desconcertar\u00e1n tanto a su cabeza como a su coraz\u00f3n.<br \/> Una trama inteligente y vertiginosa, acompa\u00f1ada de giros magistrales, con la que descubrir\u00e1s que nunca, ni siquiera en tus propios sue\u00f1os, est\u00e1s realmente solo.<\/p>\n","protected":false},"excerpt":{"rendered":"<p>VERDON, JOHN<\/p>\n","protected":false},"featured_media":246369,"template":"","meta":{"_acf_changed":false,"om_disable_all_campaigns":false,"rs_blank_template":"","rs_page_bg_color":"","slide_template_v7":"","inline_featured_image":false,"_monsterinsights_skip_tracking":false,"_monsterinsights_sitenote_active":false,"_monsterinsights_sitenote_note":"","_monsterinsights_sitenote_category":0},"product_brand":[],"product_cat":[127],"product_tag":[],"class_list":{"0":"post-246368","1":"product","2":"type-product","3":"status-publish","4":"has-post-thumbnail","6":"product_cat-novella-contemporania","8":"first","9":"instock","10":"taxable","11":"shipping-taxable","12":"purchasable","13":"product-type-simple"},"acf":{"autor":"VERDON, JOHN","codart":"849918769","libros-coleccion":"","ediciones":"1","encuadernacion":"R\u00fastica","fecha_de_publicacion":"01\/10\/2015","novedad":"0","paginas":"430","subtitulo":"","orden":"999","portada":"0","idioma":"spa","autores-libros":[{"ID":159707,"post_author":"3","post_date":"2022-10-14 15:47:04","post_date_gmt":"2022-10-14 13:47:04","post_content":"","post_title":"JOHN VERDON","post_excerpt":"","post_status":"publish","comment_status":"closed","ping_status":"closed","post_password":"","post_name":"john-verdon","to_ping":"","pinged":"","post_modified":"2022-10-14 15:47:04","post_modified_gmt":"2022-10-14 13:47:04","post_content_filtered":"","post_parent":0,"guid":"http:\/\/dev.claret.cat\/autor\/john-verdon\/","menu_order":0,"post_type":"autor","post_mime_type":"","comment_count":"0","filter":"raw"}]},"aioseo_notices":[],"_links":{"self":[{"href":"https:\/\/www.claret.cat\/es\/wp-json\/wp\/v2\/product\/246368","targetHints":{"allow":["GET"]}}],"collection":[{"href":"https:\/\/www.claret.cat\/es\/wp-json\/wp\/v2\/product"}],"about":[{"href":"https:\/\/www.claret.cat\/es\/wp-json\/wp\/v2\/types\/product"}],"wp:featuredmedia":[{"embeddable":true,"href":"https:\/\/www.claret.cat\/es\/wp-json\/wp\/v2\/media\/246369"}],"wp:attachment":[{"href":"https:\/\/www.claret.cat\/es\/wp-json\/wp\/v2\/media?parent=246368"}],"wp:term":[{"taxonomy":"product_brand","embeddable":true,"href":"https:\/\/www.claret.cat\/es\/wp-json\/wp\/v2\/product_brand?post=246368"},{"taxonomy":"product_cat","embeddable":true,"href":"https:\/\/www.claret.cat\/es\/wp-json\/wp\/v2\/product_cat?post=246368"},{"taxonomy":"product_tag","embeddable":true,"href":"https:\/\/www.claret.cat\/es\/wp-json\/wp\/v2\/product_tag?post=246368"}],"curies":[{"name":"wp","href":"https:\/\/api.w.org\/{rel}","templated":true}]}}