{"id":24639,"date":"2022-10-02T10:19:29","date_gmt":"2022-10-02T08:19:29","guid":{"rendered":"http:\/\/dev.claret.cat\/producte\/hijo-la-vida-es-un-regalo\/"},"modified":"2023-01-28T01:47:48","modified_gmt":"2023-01-28T00:47:48","slug":"hijo-la-vida-es-un-regalo-9788417921996","status":"publish","type":"product","link":"https:\/\/www.claret.cat\/es\/libro\/hijo-la-vida-es-un-regalo-9788417921996\/","title":{"rendered":"HIJO, LA VIDA ES UN REGALO"},"content":{"rendered":"<p>El cuento que nos ense\u00f1ar\u00e1 a ser felices disfrutando del regalo de esta vida.  Un nuevo libro de los autores del fen\u00f3meno Mam\u00e1, hay un monstruo en mi cabeza, creado y dibujado por ni\u00f1os. Un nuevo libro de los autores de MAM\u00c1, HAY UN MONSTRUO EN MI CABEZA, donde los ni\u00f1os aprend\u00edan a gestionar los pensamientos  negativos y de PAP\u00c1, QUIERO TENER SUERTE, donde entend\u00edan que la suerte va acompa\u00f1ada de esfuerzo y constancia. Tom y su amigo extraterrestre emprenden un viaje inolvidable. Encuentran  planetas rar\u00edsimos y descubren como sus peculiares habitantes aceptan  distintas situaciones, disfrutan del momento y aprenden a entenderse y ayudarse entre ellos. Un entra\u00f1able cuento creado y dibujado por dos ni\u00f1os que, mediante sus  libros, transmiten valores tan importantes como la gratitud por lo que  tenemos, y a su vez, nos muestran la importancia de saber apreciar cada peque\u00f1o detalle y la actitud de ser felices. Todos los ni\u00f1os y adultos somos Tom en alg\u00fan momento. Solo  necesitamos a alguien que nos ense\u00f1e esas otras formas de ver el mundo. \u00bfNos acompa\u00f1as en este viaje?<\/p>\n","protected":false},"excerpt":{"rendered":"<p>GABRIEL &#038; ADRI\u00c1N,<\/p>\n","protected":false},"featured_media":64958,"template":"","meta":{"_acf_changed":false,"om_disable_all_campaigns":false,"rs_blank_template":"","rs_page_bg_color":"","slide_template_v7":"","inline_featured_image":false,"_monsterinsights_skip_tracking":false,"_monsterinsights_sitenote_active":false,"_monsterinsights_sitenote_note":"","_monsterinsights_sitenote_category":0},"product_brand":[],"product_cat":[16],"product_tag":[],"class_list":{"0":"post-24639","1":"product","2":"type-product","3":"status-publish","4":"has-post-thumbnail","6":"product_cat-sense-categoria","8":"first","9":"instock","10":"taxable","11":"shipping-taxable","12":"purchasable","13":"product-type-simple"},"acf":{"autor":"GABRIEL & ADRI\u00c1N,","codart":"841792199","libros-coleccion":"B DE BLOK","ediciones":"1","encuadernacion":"Carton\u00e9","fecha_de_publicacion":"01\/03\/2021","novedad":"1","paginas":"64","subtitulo":"","orden":"0","portada":"0","idioma":"spa","editorial":[{"ID":6136,"post_author":"3","post_date":"2022-07-28 17:45:39","post_date_gmt":"2022-07-28 15:45:39","post_content":"","post_title":"B de Blok (Ediciones B)","post_excerpt":"","post_status":"publish","comment_status":"closed","ping_status":"closed","post_password":"","post_name":"b-de-blok-ediciones-b","to_ping":"","pinged":"","post_modified":"2022-07-28 17:45:39","post_modified_gmt":"2022-07-28 15:45:39","post_content_filtered":"","post_parent":0,"guid":"http:\/\/dev.claret.cat\/editorial\/b-de-blok-ediciones-b\/","menu_order":0,"post_type":"editorial","post_mime_type":"","comment_count":"0","filter":"raw"}],"autores-libros":[{"ID":156504,"post_author":"3","post_date":"2022-10-14 15:21:20","post_date_gmt":"2022-10-14 13:21:20","post_content":"","post_title":"GABRIEL & ADRI\u00c1N","post_excerpt":"","post_status":"publish","comment_status":"closed","ping_status":"closed","post_password":"","post_name":"gabriel-adrian","to_ping":"","pinged":"","post_modified":"2022-10-14 15:21:20","post_modified_gmt":"2022-10-14 13:21:20","post_content_filtered":"","post_parent":0,"guid":"http:\/\/dev.claret.cat\/autor\/gabriel-adrian\/","menu_order":0,"post_type":"autor","post_mime_type":"","comment_count":"0","filter":"raw"}]},"aioseo_notices":[],"_links":{"self":[{"href":"https:\/\/www.claret.cat\/es\/wp-json\/wp\/v2\/product\/24639","targetHints":{"allow":["GET"]}}],"collection":[{"href":"https:\/\/www.claret.cat\/es\/wp-json\/wp\/v2\/product"}],"about":[{"href":"https:\/\/www.claret.cat\/es\/wp-json\/wp\/v2\/types\/product"}],"wp:featuredmedia":[{"embeddable":true,"href":"https:\/\/www.claret.cat\/es\/wp-json\/wp\/v2\/media\/64958"}],"wp:attachment":[{"href":"https:\/\/www.claret.cat\/es\/wp-json\/wp\/v2\/media?parent=24639"}],"wp:term":[{"taxonomy":"product_brand","embeddable":true,"href":"https:\/\/www.claret.cat\/es\/wp-json\/wp\/v2\/product_brand?post=24639"},{"taxonomy":"product_cat","embeddable":true,"href":"https:\/\/www.claret.cat\/es\/wp-json\/wp\/v2\/product_cat?post=24639"},{"taxonomy":"product_tag","embeddable":true,"href":"https:\/\/www.claret.cat\/es\/wp-json\/wp\/v2\/product_tag?post=24639"}],"curies":[{"name":"wp","href":"https:\/\/api.w.org\/{rel}","templated":true}]}}