{"id":246455,"date":"2022-10-21T02:31:59","date_gmt":"2022-10-21T00:31:59","guid":{"rendered":"http:\/\/dev.claret.cat\/producte\/por-que-el-mundo-no-existe\/"},"modified":"2024-11-09T13:00:08","modified_gmt":"2024-11-09T12:00:08","slug":"por-que-el-mundo-no-existe-9788494339271","status":"publish","type":"product","link":"https:\/\/www.claret.cat\/es\/libro\/por-que-el-mundo-no-existe-9788494339271\/","title":{"rendered":"POR QU\u00c9 EL MUNDO NO EXISTE"},"content":{"rendered":"<p>La capacidad de Gabriel para utilizar ejemplos de la cultura popular (Breaking Bad, C\u00f3mo conoc\u00ed a vuestra madre o Seinfeld) para explicar la historia de la filosof\u00eda y plantear su propia teor\u00eda del conocimiento, el nuevo realismo, no tiene igual. Es un pensador original y provocador con una gran capacidad comunicativa, una inteligencia envidiable y un discurso fresco y atractivo. En este libro se pretende desmontar la idea de existencia que todos albergamos, para proponer una visi\u00f3n m\u00e1s anal\u00edtica y realista del mundo que nos rodea, a trav\u00e9s de una idea germinal: el mundo no existe. No hay que buscar el sentido de la vida en algo m\u00e1s profundo o distinto que lo que vivimos, porque en el an\u00e1lisis de la propia existencia y del propio pensamiento humano est\u00e1 el sentido \u00faltimo de la vida.<\/p>\n","protected":false},"excerpt":{"rendered":"<p>GABRIEL, MARKUS<\/p>\n","protected":false},"featured_media":246456,"template":"","meta":{"_acf_changed":false,"om_disable_all_campaigns":false,"rs_blank_template":"","rs_page_bg_color":"","slide_template_v7":"","inline_featured_image":false,"_monsterinsights_skip_tracking":false,"_monsterinsights_sitenote_active":false,"_monsterinsights_sitenote_note":"","_monsterinsights_sitenote_category":0},"product_brand":[],"product_cat":[90,540],"product_tag":[],"class_list":{"0":"post-246455","1":"product","2":"type-product","3":"status-publish","4":"has-post-thumbnail","6":"product_cat-altres","7":"product_cat-otros","9":"first","10":"instock","11":"taxable","12":"shipping-taxable","13":"purchasable","14":"product-type-simple"},"acf":{"autor":"GABRIEL, MARKUS","codart":"849433927","libros-coleccion":"Ensayo","ediciones":"1","encuadernacion":"R\u00fastica","fecha_de_publicacion":"01\/10\/2015","novedad":"0","paginas":"228","subtitulo":"","orden":"999","portada":"0","idioma":"spa","editorial":[{"ID":6232,"post_author":"3","post_date":"2022-07-28 17:47:45","post_date_gmt":"2022-07-28 15:47:45","post_content":"","post_title":"EDITORIAL PASADO Y PRESENTE","post_excerpt":"","post_status":"publish","comment_status":"closed","ping_status":"closed","post_password":"","post_name":"editorial-pasado-y-presente","to_ping":"","pinged":"","post_modified":"2022-07-28 17:47:45","post_modified_gmt":"2022-07-28 15:47:45","post_content_filtered":"","post_parent":0,"guid":"http:\/\/dev.claret.cat\/editorial\/editorial-pasado-y-presente\/","menu_order":0,"post_type":"editorial","post_mime_type":"","comment_count":"0","filter":"raw"}],"autores-libros":[{"ID":164098,"post_author":"3","post_date":"2022-10-14 17:44:20","post_date_gmt":"2022-10-14 15:44:20","post_content":"","post_title":"MARKUS GABRIEL","post_excerpt":"","post_status":"publish","comment_status":"closed","ping_status":"closed","post_password":"","post_name":"markus-gabriel","to_ping":"","pinged":"","post_modified":"2022-10-14 17:44:20","post_modified_gmt":"2022-10-14 15:44:20","post_content_filtered":"","post_parent":0,"guid":"http:\/\/dev.claret.cat\/autor\/markus-gabriel\/","menu_order":0,"post_type":"autor","post_mime_type":"","comment_count":"0","filter":"raw"}]},"aioseo_notices":[],"_links":{"self":[{"href":"https:\/\/www.claret.cat\/es\/wp-json\/wp\/v2\/product\/246455","targetHints":{"allow":["GET"]}}],"collection":[{"href":"https:\/\/www.claret.cat\/es\/wp-json\/wp\/v2\/product"}],"about":[{"href":"https:\/\/www.claret.cat\/es\/wp-json\/wp\/v2\/types\/product"}],"wp:featuredmedia":[{"embeddable":true,"href":"https:\/\/www.claret.cat\/es\/wp-json\/wp\/v2\/media\/246456"}],"wp:attachment":[{"href":"https:\/\/www.claret.cat\/es\/wp-json\/wp\/v2\/media?parent=246455"}],"wp:term":[{"taxonomy":"product_brand","embeddable":true,"href":"https:\/\/www.claret.cat\/es\/wp-json\/wp\/v2\/product_brand?post=246455"},{"taxonomy":"product_cat","embeddable":true,"href":"https:\/\/www.claret.cat\/es\/wp-json\/wp\/v2\/product_cat?post=246455"},{"taxonomy":"product_tag","embeddable":true,"href":"https:\/\/www.claret.cat\/es\/wp-json\/wp\/v2\/product_tag?post=246455"}],"curies":[{"name":"wp","href":"https:\/\/api.w.org\/{rel}","templated":true}]}}