{"id":246461,"date":"2022-10-21T02:32:08","date_gmt":"2022-10-21T00:32:08","guid":{"rendered":"http:\/\/dev.claret.cat\/producte\/los-jugadores\/"},"modified":"2023-01-28T16:09:56","modified_gmt":"2023-01-28T15:09:56","slug":"los-jugadores-9788494335495","status":"publish","type":"product","link":"https:\/\/www.claret.cat\/es\/libro\/los-jugadores-9788494335495\/","title":{"rendered":"LOS JUGADORES"},"content":{"rendered":"<p>En la Conferencia de Paz de Par\u00eds, en 1919, coincide una serie de personajes provenientes de diversos pa\u00edses: algunos espa\u00f1oles -una periodista apodada \u00abCarta Blanca\u00bb, un extra\u00f1o reportero que trabaja por libre, un especulador y su amante- y otros de las potencias en conflicto, tales como un congresista norteamericano, un activista empe\u00f1ado en difundir su mensaje, diplom\u00e1ticos, exiliados rusos y figuras hist\u00f3ricas de la magnitud del presidente Wilson, Churchill, Keynes o Clemenceau.<br \/> A partir de un asesinato, el comisario Retier iniciar\u00e1 una investigaci\u00f3n que entrelazar\u00e1 los rumbos de todos ellos y evidenciar\u00e1 los conflictos que se originan cuando tantos pa\u00edses se re\u00fanen para defender intereses muy distintos.<br \/> Una fascinante novela con ecos de perturbadora actualidad sobre la identidad europea ambientada justo antes del Tratado de Versalles y de la irrupci\u00f3n de Estados Unidos como primera potencia mundial.<\/p>\n","protected":false},"excerpt":{"rendered":"<p>FORTEA, CARLOS<\/p>\n","protected":false},"featured_media":246462,"template":"","meta":{"_acf_changed":false,"om_disable_all_campaigns":false,"rs_blank_template":"","rs_page_bg_color":"","slide_template_v7":"","inline_featured_image":false,"_monsterinsights_skip_tracking":false,"_monsterinsights_sitenote_active":false,"_monsterinsights_sitenote_note":"","_monsterinsights_sitenote_category":0},"product_brand":[],"product_cat":[16],"product_tag":[],"class_list":{"0":"post-246461","1":"product","2":"type-product","3":"status-publish","4":"has-post-thumbnail","6":"product_cat-sense-categoria","8":"first","9":"instock","10":"taxable","11":"shipping-taxable","12":"purchasable","13":"product-type-simple"},"acf":{"autor":"FORTEA, CARLOS","codart":"849433549","libros-coleccion":"","ediciones":"1","encuadernacion":"R\u00fastica","fecha_de_publicacion":"01\/10\/2015","novedad":"0","paginas":"287","subtitulo":"","orden":"999","portada":"0","idioma":"spa","editorial":[{"ID":148577,"post_author":"3","post_date":"2022-10-14 11:59:20","post_date_gmt":"2022-10-14 09:59:20","post_content":"","post_title":"NOCTURNA EDICIONES","post_excerpt":"","post_status":"publish","comment_status":"closed","ping_status":"closed","post_password":"","post_name":"nocturna-ediciones","to_ping":"","pinged":"","post_modified":"2022-10-14 11:59:20","post_modified_gmt":"2022-10-14 09:59:20","post_content_filtered":"","post_parent":0,"guid":"http:\/\/dev.claret.cat\/editorial\/nocturna-ediciones\/","menu_order":0,"post_type":"editorial","post_mime_type":"","comment_count":"0","filter":"raw"}]},"aioseo_notices":[],"_links":{"self":[{"href":"https:\/\/www.claret.cat\/es\/wp-json\/wp\/v2\/product\/246461","targetHints":{"allow":["GET"]}}],"collection":[{"href":"https:\/\/www.claret.cat\/es\/wp-json\/wp\/v2\/product"}],"about":[{"href":"https:\/\/www.claret.cat\/es\/wp-json\/wp\/v2\/types\/product"}],"wp:featuredmedia":[{"embeddable":true,"href":"https:\/\/www.claret.cat\/es\/wp-json\/wp\/v2\/media\/246462"}],"wp:attachment":[{"href":"https:\/\/www.claret.cat\/es\/wp-json\/wp\/v2\/media?parent=246461"}],"wp:term":[{"taxonomy":"product_brand","embeddable":true,"href":"https:\/\/www.claret.cat\/es\/wp-json\/wp\/v2\/product_brand?post=246461"},{"taxonomy":"product_cat","embeddable":true,"href":"https:\/\/www.claret.cat\/es\/wp-json\/wp\/v2\/product_cat?post=246461"},{"taxonomy":"product_tag","embeddable":true,"href":"https:\/\/www.claret.cat\/es\/wp-json\/wp\/v2\/product_tag?post=246461"}],"curies":[{"name":"wp","href":"https:\/\/api.w.org\/{rel}","templated":true}]}}