{"id":246543,"date":"2022-10-21T02:34:02","date_gmt":"2022-10-21T00:34:02","guid":{"rendered":"http:\/\/dev.claret.cat\/producte\/el-pirata-pol-i-el-cofre-dossos\/"},"modified":"2025-06-30T17:10:49","modified_gmt":"2025-06-30T15:10:49","slug":"el-pirata-pol-i-el-cofre-dossos-9788447930029","status":"publish","type":"product","link":"https:\/\/www.claret.cat\/es\/libro\/el-pirata-pol-i-el-cofre-dossos-9788447930029\/","title":{"rendered":"EL PIRATA POL I EL COFRE D&#8217;OSSOS"},"content":{"rendered":"<p>L&#8221;\u00e0via Peg vol dur a enterrar els ossos del seu lloro. Per\u00f2 el Pirata Pol no li agrada navegar amb un esquelet, perqu\u00e8 creu que aix\u00f2 porta mala sort.<\/p>\n","protected":false},"excerpt":{"rendered":"<p>IMPEY, ROSE<\/p>\n","protected":false},"featured_media":1036600,"template":"","meta":{"_acf_changed":false,"om_disable_all_campaigns":false,"rs_blank_template":"","rs_page_bg_color":"","slide_template_v7":"","inline_featured_image":false,"_monsterinsights_skip_tracking":false,"_monsterinsights_sitenote_active":false,"_monsterinsights_sitenote_note":"","_monsterinsights_sitenote_category":0},"product_brand":[],"product_cat":[132,362],"product_tag":[],"class_list":{"0":"post-246543","1":"product","2":"type-product","3":"status-publish","4":"has-post-thumbnail","6":"product_cat-lectures-per-preadolescents-6-12-anys","7":"product_cat-libros-preadolescentes-6-12-anos","9":"first","10":"instock","11":"taxable","12":"shipping-taxable","13":"purchasable","14":"product-type-simple"},"acf":{"autor":"IMPEY, ROSE","codart":"844793002","libros-coleccion":"","ediciones":"1","encuadernacion":"R\u00fastica","fecha_de_publicacion":"01\/10\/2015","novedad":"0","paginas":"31","subtitulo":"","orden":"999","portada":"0","idioma":"cat","editorial":[{"ID":147535,"post_author":"3","post_date":"2022-10-14 11:51:19","post_date_gmt":"2022-10-14 09:51:19","post_content":"","post_title":"BAULA, EDICIONS","post_excerpt":"","post_status":"publish","comment_status":"closed","ping_status":"closed","post_password":"","post_name":"baula-edicions","to_ping":"","pinged":"","post_modified":"2022-10-14 11:51:19","post_modified_gmt":"2022-10-14 09:51:19","post_content_filtered":"","post_parent":0,"guid":"http:\/\/dev.claret.cat\/editorial\/baula-edicions\/","menu_order":0,"post_type":"editorial","post_mime_type":"","comment_count":"0","filter":"raw"}],"booktrailer":"","resenas":"","autores-libros":[{"ID":428272,"post_author":"3","post_date":"2023-05-16 09:23:35","post_date_gmt":"2023-05-16 07:23:35","post_content":"","post_title":"ROSE IMPEY","post_excerpt":"","post_status":"publish","comment_status":"closed","ping_status":"closed","post_password":"","post_name":"rose-impey-2","to_ping":"","pinged":"","post_modified":"2023-05-16 09:23:35","post_modified_gmt":"2023-05-16 07:23:35","post_content_filtered":"","post_parent":0,"guid":"https:\/\/www.claret.cat\/autor\/rose-impey-2\/","menu_order":0,"post_type":"autor","post_mime_type":"","comment_count":"0","filter":"raw"}]},"aioseo_notices":[],"_links":{"self":[{"href":"https:\/\/www.claret.cat\/es\/wp-json\/wp\/v2\/product\/246543","targetHints":{"allow":["GET"]}}],"collection":[{"href":"https:\/\/www.claret.cat\/es\/wp-json\/wp\/v2\/product"}],"about":[{"href":"https:\/\/www.claret.cat\/es\/wp-json\/wp\/v2\/types\/product"}],"wp:featuredmedia":[{"embeddable":true,"href":"https:\/\/www.claret.cat\/es\/wp-json\/wp\/v2\/media\/1036600"}],"wp:attachment":[{"href":"https:\/\/www.claret.cat\/es\/wp-json\/wp\/v2\/media?parent=246543"}],"wp:term":[{"taxonomy":"product_brand","embeddable":true,"href":"https:\/\/www.claret.cat\/es\/wp-json\/wp\/v2\/product_brand?post=246543"},{"taxonomy":"product_cat","embeddable":true,"href":"https:\/\/www.claret.cat\/es\/wp-json\/wp\/v2\/product_cat?post=246543"},{"taxonomy":"product_tag","embeddable":true,"href":"https:\/\/www.claret.cat\/es\/wp-json\/wp\/v2\/product_tag?post=246543"}],"curies":[{"name":"wp","href":"https:\/\/api.w.org\/{rel}","templated":true}]}}