{"id":246546,"date":"2022-10-21T02:34:06","date_gmt":"2022-10-21T00:34:06","guid":{"rendered":"http:\/\/dev.claret.cat\/producte\/el-pirata-pol-i-el-mapa-del-tresor\/"},"modified":"2025-06-30T17:16:24","modified_gmt":"2025-06-30T15:16:24","slug":"el-pirata-pol-i-el-mapa-del-tresor-9788447930036","status":"publish","type":"product","link":"https:\/\/www.claret.cat\/es\/libro\/el-pirata-pol-i-el-mapa-del-tresor-9788447930036\/","title":{"rendered":"EL PIRATA POL I EL MAPA DEL TRESOR"},"content":{"rendered":"<p>El Pirata Pol i la seva tripulaci\u00f3 tenen el mapa del tresor del Capit\u00e0 Cruel. Per\u00f2 l&#8221;Illa de l&#8221;Esquelet \u00e9s un lloc terrorr\u00edfic!. Fins i tot per al valent Pirata Pol.<\/p>\n","protected":false},"excerpt":{"rendered":"<p>IMPEY, ROSE<\/p>\n","protected":false},"featured_media":1036605,"template":"","meta":{"_acf_changed":false,"om_disable_all_campaigns":false,"rs_blank_template":"","rs_page_bg_color":"","slide_template_v7":"","inline_featured_image":false,"_monsterinsights_skip_tracking":false,"_monsterinsights_sitenote_active":false,"_monsterinsights_sitenote_note":"","_monsterinsights_sitenote_category":0},"product_brand":[],"product_cat":[90,540],"product_tag":[],"class_list":{"0":"post-246546","1":"product","2":"type-product","3":"status-publish","4":"has-post-thumbnail","6":"product_cat-altres","7":"product_cat-otros","9":"first","10":"instock","11":"taxable","12":"shipping-taxable","13":"purchasable","14":"product-type-simple"},"acf":{"autor":"IMPEY, ROSE","codart":"844793003","libros-coleccion":"","ediciones":"1","encuadernacion":"R\u00fastica","fecha_de_publicacion":"01\/10\/2015","novedad":"0","paginas":"31","subtitulo":"","orden":"999","portada":"0","idioma":"cat","editorial":[{"ID":147535,"post_author":"3","post_date":"2022-10-14 11:51:19","post_date_gmt":"2022-10-14 09:51:19","post_content":"","post_title":"BAULA, EDICIONS","post_excerpt":"","post_status":"publish","comment_status":"closed","ping_status":"closed","post_password":"","post_name":"baula-edicions","to_ping":"","pinged":"","post_modified":"2022-10-14 11:51:19","post_modified_gmt":"2022-10-14 09:51:19","post_content_filtered":"","post_parent":0,"guid":"http:\/\/dev.claret.cat\/editorial\/baula-edicions\/","menu_order":0,"post_type":"editorial","post_mime_type":"","comment_count":"0","filter":"raw"}],"booktrailer":"","resenas":"","autores-libros":[{"ID":428272,"post_author":"3","post_date":"2023-05-16 09:23:35","post_date_gmt":"2023-05-16 07:23:35","post_content":"","post_title":"ROSE IMPEY","post_excerpt":"","post_status":"publish","comment_status":"closed","ping_status":"closed","post_password":"","post_name":"rose-impey-2","to_ping":"","pinged":"","post_modified":"2023-05-16 09:23:35","post_modified_gmt":"2023-05-16 07:23:35","post_content_filtered":"","post_parent":0,"guid":"https:\/\/www.claret.cat\/autor\/rose-impey-2\/","menu_order":0,"post_type":"autor","post_mime_type":"","comment_count":"0","filter":"raw"}]},"aioseo_notices":[],"_links":{"self":[{"href":"https:\/\/www.claret.cat\/es\/wp-json\/wp\/v2\/product\/246546","targetHints":{"allow":["GET"]}}],"collection":[{"href":"https:\/\/www.claret.cat\/es\/wp-json\/wp\/v2\/product"}],"about":[{"href":"https:\/\/www.claret.cat\/es\/wp-json\/wp\/v2\/types\/product"}],"wp:featuredmedia":[{"embeddable":true,"href":"https:\/\/www.claret.cat\/es\/wp-json\/wp\/v2\/media\/1036605"}],"wp:attachment":[{"href":"https:\/\/www.claret.cat\/es\/wp-json\/wp\/v2\/media?parent=246546"}],"wp:term":[{"taxonomy":"product_brand","embeddable":true,"href":"https:\/\/www.claret.cat\/es\/wp-json\/wp\/v2\/product_brand?post=246546"},{"taxonomy":"product_cat","embeddable":true,"href":"https:\/\/www.claret.cat\/es\/wp-json\/wp\/v2\/product_cat?post=246546"},{"taxonomy":"product_tag","embeddable":true,"href":"https:\/\/www.claret.cat\/es\/wp-json\/wp\/v2\/product_tag?post=246546"}],"curies":[{"name":"wp","href":"https:\/\/api.w.org\/{rel}","templated":true}]}}