{"id":246594,"date":"2022-10-21T02:35:10","date_gmt":"2022-10-21T00:35:10","guid":{"rendered":"http:\/\/dev.claret.cat\/producte\/atrapa-paraules-6\/"},"modified":"2026-01-23T14:35:19","modified_gmt":"2026-01-23T13:35:19","slug":"atrapaparaules-6-9788484129011","status":"publish","type":"product","link":"https:\/\/www.claret.cat\/es\/libro\/atrapaparaules-6-9788484129011\/","title":{"rendered":"ATRAPA-PARAULES 6"},"content":{"rendered":"<p>Els quaderns Atrapa-paraules neixen amb l&#8221;objectiu de ser un recurs \u00fatil per facilitar l&#8221;expressi\u00f3 escrita utilitzant les habilitats de tots dos hemisferis cerebrals. A trav\u00e9s de diferents activitats i jocs es pret\u00e9n connectar amb la imaginaci\u00f3 i la intu\u00efci\u00f3 per acabar materialitzant el pensament creatiu en produccions liter\u00e0ries. Els somnis, il\u00b7lusions, invents, emocions i qualsevol idea que vulgui ser expresada podr\u00e0 prendre forma seguint les orientacions proposades, alhora que gaudin de l&#8221;elaboraci\u00f3 dels nostres propis textos.<\/p>\n","protected":false},"excerpt":{"rendered":"<p>FERN\u00c1NDEZ SELVA, NOEM\u00cd<\/p>\n","protected":false},"featured_media":1076932,"template":"","meta":{"_acf_changed":false,"om_disable_all_campaigns":false,"rs_blank_template":"","rs_page_bg_color":"","slide_template_v7":"","inline_featured_image":false,"_monsterinsights_skip_tracking":false,"_monsterinsights_sitenote_active":false,"_monsterinsights_sitenote_note":"","_monsterinsights_sitenote_category":0},"product_brand":[],"product_cat":[132,362],"product_tag":[],"class_list":{"0":"post-246594","1":"product","2":"type-product","3":"status-publish","4":"has-post-thumbnail","6":"product_cat-lectures-per-preadolescents-6-12-anys","7":"product_cat-libros-preadolescentes-6-12-anos","9":"first","10":"instock","11":"taxable","12":"shipping-taxable","13":"purchasable","14":"product-type-simple"},"acf":{"autor":"FERN\u00c1NDEZ SELVA, NOEM\u00cd","codart":"848412901","libros-coleccion":"","ediciones":"1","encuadernacion":"R\u00fastica","fecha_de_publicacion":"01\/10\/2015","novedad":"0","paginas":"31","subtitulo":"JOCS D''ESCRIPTURA CREATIVA","orden":"999","portada":"0","idioma":"cat","autores-libros":[{"ID":165942,"post_author":"3","post_date":"2022-10-14 17:59:10","post_date_gmt":"2022-10-14 15:59:10","post_content":"","post_title":"NOEM\u00cd FERN\u00c1NDEZ SELVA","post_excerpt":"","post_status":"publish","comment_status":"closed","ping_status":"closed","post_password":"","post_name":"noemi-fernandez-selva","to_ping":"","pinged":"","post_modified":"2022-10-14 17:59:10","post_modified_gmt":"2022-10-14 15:59:10","post_content_filtered":"","post_parent":0,"guid":"http:\/\/dev.claret.cat\/autor\/noemi-fernandez-selva\/","menu_order":0,"post_type":"autor","post_mime_type":"","comment_count":"0","filter":"raw"}],"booktrailer":"","resenas":"","editorial":[{"ID":262462,"post_author":"3","post_date":"2022-10-24 11:24:41","post_date_gmt":"2022-10-24 09:24:41","post_content":"","post_title":"SALVATELLA, MIGUEL A.","post_excerpt":"","post_status":"publish","comment_status":"closed","ping_status":"closed","post_password":"","post_name":"salvatella-miguel-a","to_ping":"","pinged":"","post_modified":"2022-10-24 11:24:41","post_modified_gmt":"2022-10-24 09:24:41","post_content_filtered":"","post_parent":0,"guid":"http:\/\/dev.claret.cat\/editorial\/salvatella-miguel-a\/","menu_order":0,"post_type":"editorial","post_mime_type":"","comment_count":"0","filter":"raw"}]},"aioseo_notices":[],"_links":{"self":[{"href":"https:\/\/www.claret.cat\/es\/wp-json\/wp\/v2\/product\/246594","targetHints":{"allow":["GET"]}}],"collection":[{"href":"https:\/\/www.claret.cat\/es\/wp-json\/wp\/v2\/product"}],"about":[{"href":"https:\/\/www.claret.cat\/es\/wp-json\/wp\/v2\/types\/product"}],"wp:featuredmedia":[{"embeddable":true,"href":"https:\/\/www.claret.cat\/es\/wp-json\/wp\/v2\/media\/1076932"}],"wp:attachment":[{"href":"https:\/\/www.claret.cat\/es\/wp-json\/wp\/v2\/media?parent=246594"}],"wp:term":[{"taxonomy":"product_brand","embeddable":true,"href":"https:\/\/www.claret.cat\/es\/wp-json\/wp\/v2\/product_brand?post=246594"},{"taxonomy":"product_cat","embeddable":true,"href":"https:\/\/www.claret.cat\/es\/wp-json\/wp\/v2\/product_cat?post=246594"},{"taxonomy":"product_tag","embeddable":true,"href":"https:\/\/www.claret.cat\/es\/wp-json\/wp\/v2\/product_tag?post=246594"}],"curies":[{"name":"wp","href":"https:\/\/api.w.org\/{rel}","templated":true}]}}