{"id":246640,"date":"2022-10-21T02:36:14","date_gmt":"2022-10-21T00:36:14","guid":{"rendered":"http:\/\/dev.claret.cat\/producte\/busca-y-encuentra-en-la-prehistoria\/"},"modified":"2023-01-28T21:20:15","modified_gmt":"2023-01-28T20:20:15","slug":"busca-y-encuentra-en-la-prehistoria-9788467582291","status":"publish","type":"product","link":"https:\/\/www.claret.cat\/es\/libro\/busca-y-encuentra-en-la-prehistoria-9788467582291\/","title":{"rendered":"BUSCA Y ENCUENTRA EN LA PREHISTORIA"},"content":{"rendered":"<p>En este imaginario descubrir\u00e1s dinosaurios y muchos otros animales prehist\u00f3ricos que vivieron hace millones de a\u00f1os.<\/p>\n","protected":false},"excerpt":{"rendered":"<p>COUVIN, YANN<\/p>\n","protected":false},"featured_media":246641,"template":"","meta":{"_acf_changed":false,"om_disable_all_campaigns":false,"rs_blank_template":"","rs_page_bg_color":"","slide_template_v7":"","inline_featured_image":false,"_monsterinsights_skip_tracking":false,"_monsterinsights_sitenote_active":false,"_monsterinsights_sitenote_note":"","_monsterinsights_sitenote_category":0},"product_brand":[],"product_cat":[16],"product_tag":[],"class_list":{"0":"post-246640","1":"product","2":"type-product","3":"status-publish","4":"has-post-thumbnail","6":"product_cat-sense-categoria","8":"first","9":"instock","10":"taxable","11":"shipping-taxable","12":"purchasable","13":"product-type-simple"},"acf":{"autor":"COUVIN, YANN","codart":"846758229","libros-coleccion":"","ediciones":"1","encuadernacion":"Carton\u00e9","fecha_de_publicacion":"01\/10\/2015","novedad":"0","paginas":"12","subtitulo":"","orden":"999","portada":"0","idioma":"spa","autores-libros":[{"ID":171556,"post_author":"3","post_date":"2022-10-14 22:44:21","post_date_gmt":"2022-10-14 20:44:21","post_content":"","post_title":"YANN COUVIN","post_excerpt":"","post_status":"publish","comment_status":"closed","ping_status":"closed","post_password":"","post_name":"yann-couvin","to_ping":"","pinged":"","post_modified":"2022-10-14 22:44:21","post_modified_gmt":"2022-10-14 20:44:21","post_content_filtered":"","post_parent":0,"guid":"http:\/\/dev.claret.cat\/autor\/yann-couvin\/","menu_order":0,"post_type":"autor","post_mime_type":"","comment_count":"0","filter":"raw"}]},"aioseo_notices":[],"_links":{"self":[{"href":"https:\/\/www.claret.cat\/es\/wp-json\/wp\/v2\/product\/246640","targetHints":{"allow":["GET"]}}],"collection":[{"href":"https:\/\/www.claret.cat\/es\/wp-json\/wp\/v2\/product"}],"about":[{"href":"https:\/\/www.claret.cat\/es\/wp-json\/wp\/v2\/types\/product"}],"wp:featuredmedia":[{"embeddable":true,"href":"https:\/\/www.claret.cat\/es\/wp-json\/wp\/v2\/media\/246641"}],"wp:attachment":[{"href":"https:\/\/www.claret.cat\/es\/wp-json\/wp\/v2\/media?parent=246640"}],"wp:term":[{"taxonomy":"product_brand","embeddable":true,"href":"https:\/\/www.claret.cat\/es\/wp-json\/wp\/v2\/product_brand?post=246640"},{"taxonomy":"product_cat","embeddable":true,"href":"https:\/\/www.claret.cat\/es\/wp-json\/wp\/v2\/product_cat?post=246640"},{"taxonomy":"product_tag","embeddable":true,"href":"https:\/\/www.claret.cat\/es\/wp-json\/wp\/v2\/product_tag?post=246640"}],"curies":[{"name":"wp","href":"https:\/\/api.w.org\/{rel}","templated":true}]}}