{"id":246713,"date":"2022-10-21T02:37:51","date_gmt":"2022-10-21T00:37:51","guid":{"rendered":"http:\/\/dev.claret.cat\/producte\/el-papiro-del-cesar\/"},"modified":"2023-01-28T01:55:52","modified_gmt":"2023-01-28T00:55:52","slug":"el-papiro-del-cesar-9788469604687","status":"publish","type":"product","link":"https:\/\/www.claret.cat\/es\/libro\/el-papiro-del-cesar-9788469604687\/","title":{"rendered":"EL PAPIRO DEL C\u00c9SAR"},"content":{"rendered":"<p>Llega el nuevo \u00e1lbum de la colecci\u00f3n cl\u00e1sica de Ast\u00e9rix con los personajes de siempre y muchos nuevos.<\/p>\n","protected":false},"excerpt":{"rendered":"<p>GOSCINNY, REN\u00c9 \/ FERRI, JEAN-YVES<\/p>\n","protected":false},"featured_media":246714,"template":"","meta":{"_acf_changed":false,"om_disable_all_campaigns":false,"rs_blank_template":"","rs_page_bg_color":"","slide_template_v7":"","inline_featured_image":false,"_monsterinsights_skip_tracking":false,"_monsterinsights_sitenote_active":false,"_monsterinsights_sitenote_note":"","_monsterinsights_sitenote_category":0},"product_brand":[],"product_cat":[131],"product_tag":[],"class_list":{"0":"post-246713","1":"product","2":"type-product","3":"status-publish","4":"has-post-thumbnail","6":"product_cat-contes-per-infants-0-6-anys","8":"first","9":"instock","10":"taxable","11":"shipping-taxable","12":"purchasable","13":"product-type-simple"},"acf":{"autor":"GOSCINNY, REN\u00c9 \/ FERRI, JEAN-YVES","codart":"846960468","libros-coleccion":"","ediciones":"1","encuadernacion":"Carton\u00e9","fecha_de_publicacion":"01\/10\/2015","novedad":"0","paginas":"50","subtitulo":"","orden":"9","portada":"0","idioma":"spa","autores-libros":[{"ID":158933,"post_author":"3","post_date":"2022-10-14 15:40:45","post_date_gmt":"2022-10-14 13:40:45","post_content":"","post_title":"JEAN-YVES FERRI","post_excerpt":"","post_status":"publish","comment_status":"closed","ping_status":"closed","post_password":"","post_name":"jean-yves-ferri","to_ping":"","pinged":"","post_modified":"2022-10-14 15:40:45","post_modified_gmt":"2022-10-14 13:40:45","post_content_filtered":"","post_parent":0,"guid":"http:\/\/dev.claret.cat\/autor\/jean-yves-ferri\/","menu_order":0,"post_type":"autor","post_mime_type":"","comment_count":"0","filter":"raw"},{"ID":167973,"post_author":"3","post_date":"2022-10-14 18:15:30","post_date_gmt":"2022-10-14 16:15:30","post_content":"","post_title":"REN\u00c9 GOSCINNY","post_excerpt":"","post_status":"publish","comment_status":"closed","ping_status":"closed","post_password":"","post_name":"rene-goscinny","to_ping":"","pinged":"","post_modified":"2022-10-14 18:15:30","post_modified_gmt":"2022-10-14 16:15:30","post_content_filtered":"","post_parent":0,"guid":"http:\/\/dev.claret.cat\/autor\/rene-goscinny\/","menu_order":0,"post_type":"autor","post_mime_type":"","comment_count":"0","filter":"raw"}]},"aioseo_notices":[],"_links":{"self":[{"href":"https:\/\/www.claret.cat\/es\/wp-json\/wp\/v2\/product\/246713","targetHints":{"allow":["GET"]}}],"collection":[{"href":"https:\/\/www.claret.cat\/es\/wp-json\/wp\/v2\/product"}],"about":[{"href":"https:\/\/www.claret.cat\/es\/wp-json\/wp\/v2\/types\/product"}],"wp:featuredmedia":[{"embeddable":true,"href":"https:\/\/www.claret.cat\/es\/wp-json\/wp\/v2\/media\/246714"}],"wp:attachment":[{"href":"https:\/\/www.claret.cat\/es\/wp-json\/wp\/v2\/media?parent=246713"}],"wp:term":[{"taxonomy":"product_brand","embeddable":true,"href":"https:\/\/www.claret.cat\/es\/wp-json\/wp\/v2\/product_brand?post=246713"},{"taxonomy":"product_cat","embeddable":true,"href":"https:\/\/www.claret.cat\/es\/wp-json\/wp\/v2\/product_cat?post=246713"},{"taxonomy":"product_tag","embeddable":true,"href":"https:\/\/www.claret.cat\/es\/wp-json\/wp\/v2\/product_tag?post=246713"}],"curies":[{"name":"wp","href":"https:\/\/api.w.org\/{rel}","templated":true}]}}