{"id":246750,"date":"2022-10-21T02:38:43","date_gmt":"2022-10-21T00:38:43","guid":{"rendered":"http:\/\/dev.claret.cat\/producte\/la-vida-interior\/"},"modified":"2024-05-24T08:17:37","modified_gmt":"2024-05-24T06:17:37","slug":"la-vida-interior-9788429324891","status":"publish","type":"product","link":"https:\/\/www.claret.cat\/es\/libro\/la-vida-interior-9788429324891\/","title":{"rendered":"LA VIDA INTERIOR"},"content":{"rendered":"<p>Desde la espiritualidad de san Ignacio, pero con la sensibilidad necesaria para dirigirse a un p\u00fablico amplio -creyente y no creyente-, el autor nos lleva desde la b\u00fasqueda de sentido, la estimaci\u00f3n y la aceptaci\u00f3n de las propias limitaciones, hacia la valoraci\u00f3n positiva del silencio (y de los silencios) para &#8216;poner orden al mercado interior de tantas voces&#8217;.<br \/>&#8216;Si hay en esta vida un avance en el amor definitivo, significa que tambi\u00e9n hay un avance de la felicidad definitiva&#8217;. El libro de Jes\u00fas Renau est\u00e1 lleno de expresiones como esta, que rezuman coraje y optimismo, lleno de pasi\u00f3n sincera expresada en un lenguaje directo.<br \/>Dice tambi\u00e9n: &#8216;Toda uni\u00f3n amorosa transforma. No solo porque participa del otro de una forma especial, sino porque, cuando la relaci\u00f3n da paso a la uni\u00f3n, hay un contacto profundo que crea en las dos partes una cierta mutaci\u00f3n que responde a la donaci\u00f3n del otro. Este intercambio [&#8230;] transforma nuestra vida cuando se trata de la uni\u00f3n con Dios y nos va recreando desde el amor, que constituye su identidad m\u00e1s profunda&#8217;.<br \/>Este es un libro que habla principalmente de amor. Lo define paso a paso, desde la sentencia de san Bernardo (verdaderamente habitamos m\u00e1s donde amamos que donde vivimos) hasta el definitivo &#8216;Dios es amor&#8217; [&#8230;] que nos impulsa a estar con los que sufren, trabajar por las personas excluidas de la bondad de la vida, y todo ello transmitiendo serenidad, equilibrio y buen humor&#8217; (Tomado del pr\u00f3logo de Xavier Masllorens).<\/p>\n","protected":false},"excerpt":{"rendered":"<p>RENAU I MAN\u00c9N, S.I., JES\u00daS<\/p>\n","protected":false},"featured_media":340359,"template":"","meta":{"_acf_changed":false,"om_disable_all_campaigns":false,"rs_blank_template":"","rs_page_bg_color":"","slide_template_v7":"","inline_featured_image":false,"_monsterinsights_skip_tracking":false,"_monsterinsights_sitenote_active":false,"_monsterinsights_sitenote_note":"","_monsterinsights_sitenote_category":0},"product_brand":[],"product_cat":[345,79],"product_tag":[],"class_list":{"0":"post-246750","1":"product","2":"type-product","3":"status-publish","4":"has-post-thumbnail","6":"product_cat-espiritualidad","7":"product_cat-espiritualitat","9":"first","10":"instock","11":"taxable","12":"shipping-taxable","13":"purchasable","14":"product-type-simple"},"acf":{"autor":"RENAU I MAN\u00c9N, S.I., JES\u00daS","codart":"842932489","libros-coleccion":"","ediciones":"1","encuadernacion":"Carpeta","fecha_de_publicacion":"01\/10\/2015","novedad":"0","paginas":"181","subtitulo":"","orden":"999","portada":"0","idioma":"spa","editorial":[{"ID":6351,"post_author":"3","post_date":"2022-07-28 17:50:19","post_date_gmt":"2022-07-28 15:50:19","post_content":"","post_title":"Sal Terrae","post_excerpt":"","post_status":"publish","comment_status":"closed","ping_status":"closed","post_password":"","post_name":"sal-terrae","to_ping":"","pinged":"","post_modified":"2022-07-28 17:50:19","post_modified_gmt":"2022-07-28 15:50:19","post_content_filtered":"","post_parent":0,"guid":"http:\/\/dev.claret.cat\/editorial\/sal-terrae\/","menu_order":0,"post_type":"editorial","post_mime_type":"","comment_count":"0","filter":"raw"}],"autores-libros":[{"ID":5589,"post_author":"3","post_date":"2022-07-28 17:27:14","post_date_gmt":"2022-07-28 15:27:14","post_content":"","post_title":"JES\u00daS RENAU I MAN\u00c9N, S.I.","post_excerpt":"","post_status":"publish","comment_status":"closed","ping_status":"closed","post_password":"","post_name":"jesus-renau-i-manen-s-i","to_ping":"","pinged":"","post_modified":"2022-07-28 17:27:14","post_modified_gmt":"2022-07-28 15:27:14","post_content_filtered":"","post_parent":0,"guid":"http:\/\/dev.claret.cat\/autor\/jesus-renau-i-manen-s-i\/","menu_order":0,"post_type":"autor","post_mime_type":"","comment_count":"0","filter":"raw"}]},"aioseo_notices":[],"_links":{"self":[{"href":"https:\/\/www.claret.cat\/es\/wp-json\/wp\/v2\/product\/246750","targetHints":{"allow":["GET"]}}],"collection":[{"href":"https:\/\/www.claret.cat\/es\/wp-json\/wp\/v2\/product"}],"about":[{"href":"https:\/\/www.claret.cat\/es\/wp-json\/wp\/v2\/types\/product"}],"wp:featuredmedia":[{"embeddable":true,"href":"https:\/\/www.claret.cat\/es\/wp-json\/wp\/v2\/media\/340359"}],"wp:attachment":[{"href":"https:\/\/www.claret.cat\/es\/wp-json\/wp\/v2\/media?parent=246750"}],"wp:term":[{"taxonomy":"product_brand","embeddable":true,"href":"https:\/\/www.claret.cat\/es\/wp-json\/wp\/v2\/product_brand?post=246750"},{"taxonomy":"product_cat","embeddable":true,"href":"https:\/\/www.claret.cat\/es\/wp-json\/wp\/v2\/product_cat?post=246750"},{"taxonomy":"product_tag","embeddable":true,"href":"https:\/\/www.claret.cat\/es\/wp-json\/wp\/v2\/product_tag?post=246750"}],"curies":[{"name":"wp","href":"https:\/\/api.w.org\/{rel}","templated":true}]}}