{"id":246760,"date":"2022-10-21T02:38:58","date_gmt":"2022-10-21T00:38:58","guid":{"rendered":"http:\/\/dev.claret.cat\/producte\/signos-del-jubileo-los\/"},"modified":"2024-05-24T08:18:07","modified_gmt":"2024-05-24T06:18:07","slug":"signos-del-jubileo-los-9788429324938","status":"publish","type":"product","link":"https:\/\/www.claret.cat\/es\/libro\/signos-del-jubileo-los-9788429324938\/","title":{"rendered":"SIGNOS DEL JUBILEO, LOS"},"content":{"rendered":"<p>El anuncio hecho por el papa Francisco de celebrar un Jubileo de la Misericordia ha pillado a todos por sorpresa. Ahora bien, es obvio que la misericordia es un punto de referencia permanente para el papa, y la convocatoria de este A\u00f1o Santo extraordinario es la feliz consecuencia de la atenci\u00f3n y del testimonio que Francisco ofrece constantemente a la Iglesia y al mundo.<\/p>\n<p>Este Jubileo es una ocasi\u00f3n extraordinaria para dar fuerza y vigor a lo que constituye la vida ordinaria de la Iglesia y de todo cristiano: ser signo de la cercan\u00eda y la ternura de Dios. Es un desaf\u00edo de no poca importancia en el contexto de la cultura de nuestros d\u00edas. Una cultura que hace predominar el concepto de posesi\u00f3n sobre el de don est\u00e1 destinada, inevitablemente, a encontrarse con la violencia.<\/p>\n<p>El Jubileo tiene el objetivo de recordar a cada uno la belleza de la fe, que pone en su centro el amor misericordioso del Padre hecho visible en el rostro de Cristo y sostenido por el Esp\u00edritu, que gu\u00eda los pasos de los creyentes en las vicisitudes de la historia.<\/p>\n<p>El Jubileo vuelve a proponer la fuerza de la misericordia de Dios como v\u00eda principal para dejarse reconciliar con el Padre y para redescubrir la urgencia de la solidaridad, del amor y del perd\u00f3n entre los hermanos.<\/p>\n","protected":false},"excerpt":{"rendered":"<p>FISICHELLA, RINO<\/p>\n","protected":false},"featured_media":340365,"template":"","meta":{"_acf_changed":false,"om_disable_all_campaigns":false,"rs_blank_template":"","rs_page_bg_color":"","slide_template_v7":"","inline_featured_image":false,"_monsterinsights_skip_tracking":false,"_monsterinsights_sitenote_active":false,"_monsterinsights_sitenote_note":"","_monsterinsights_sitenote_category":0},"product_brand":[],"product_cat":[90,540],"product_tag":[],"class_list":{"0":"post-246760","1":"product","2":"type-product","3":"status-publish","4":"has-post-thumbnail","6":"product_cat-altres","7":"product_cat-otros","9":"first","10":"instock","11":"taxable","12":"shipping-taxable","13":"purchasable","14":"product-type-simple"},"acf":{"autor":"FISICHELLA, RINO","codart":"842932493","libros-coleccion":"","ediciones":"1","encuadernacion":"Carpeta","fecha_de_publicacion":"01\/10\/2015","novedad":"0","paginas":"174","subtitulo":"","orden":"999","portada":"0","idioma":"spa","editorial":[{"ID":6351,"post_author":"3","post_date":"2022-07-28 17:50:19","post_date_gmt":"2022-07-28 15:50:19","post_content":"","post_title":"Sal Terrae","post_excerpt":"","post_status":"publish","comment_status":"closed","ping_status":"closed","post_password":"","post_name":"sal-terrae","to_ping":"","pinged":"","post_modified":"2022-07-28 17:50:19","post_modified_gmt":"2022-07-28 15:50:19","post_content_filtered":"","post_parent":0,"guid":"http:\/\/dev.claret.cat\/editorial\/sal-terrae\/","menu_order":0,"post_type":"editorial","post_mime_type":"","comment_count":"0","filter":"raw"}],"autores-libros":[{"ID":168144,"post_author":"3","post_date":"2022-10-14 18:16:53","post_date_gmt":"2022-10-14 16:16:53","post_content":"","post_title":"RINO FISICHELLA","post_excerpt":"","post_status":"publish","comment_status":"closed","ping_status":"closed","post_password":"","post_name":"rino-fisichella","to_ping":"","pinged":"","post_modified":"2022-10-14 18:16:53","post_modified_gmt":"2022-10-14 16:16:53","post_content_filtered":"","post_parent":0,"guid":"http:\/\/dev.claret.cat\/autor\/rino-fisichella\/","menu_order":0,"post_type":"autor","post_mime_type":"","comment_count":"0","filter":"raw"}]},"aioseo_notices":[],"_links":{"self":[{"href":"https:\/\/www.claret.cat\/es\/wp-json\/wp\/v2\/product\/246760","targetHints":{"allow":["GET"]}}],"collection":[{"href":"https:\/\/www.claret.cat\/es\/wp-json\/wp\/v2\/product"}],"about":[{"href":"https:\/\/www.claret.cat\/es\/wp-json\/wp\/v2\/types\/product"}],"wp:featuredmedia":[{"embeddable":true,"href":"https:\/\/www.claret.cat\/es\/wp-json\/wp\/v2\/media\/340365"}],"wp:attachment":[{"href":"https:\/\/www.claret.cat\/es\/wp-json\/wp\/v2\/media?parent=246760"}],"wp:term":[{"taxonomy":"product_brand","embeddable":true,"href":"https:\/\/www.claret.cat\/es\/wp-json\/wp\/v2\/product_brand?post=246760"},{"taxonomy":"product_cat","embeddable":true,"href":"https:\/\/www.claret.cat\/es\/wp-json\/wp\/v2\/product_cat?post=246760"},{"taxonomy":"product_tag","embeddable":true,"href":"https:\/\/www.claret.cat\/es\/wp-json\/wp\/v2\/product_tag?post=246760"}],"curies":[{"name":"wp","href":"https:\/\/api.w.org\/{rel}","templated":true}]}}