{"id":246763,"date":"2022-10-21T02:39:02","date_gmt":"2022-10-21T00:39:02","guid":{"rendered":"http:\/\/dev.claret.cat\/producte\/trento\/"},"modified":"2024-05-24T08:15:52","modified_gmt":"2024-05-24T06:15:52","slug":"trento-9788429324945","status":"publish","type":"product","link":"https:\/\/www.claret.cat\/es\/libro\/trento-9788429324945\/","title":{"rendered":"TRENTO"},"content":{"rendered":"<p>Como ya hizo en \u00bfQu\u00e9 pas\u00f3 en el Vaticano II?, tambi\u00e9n en este libro el autor despoja de mitolog\u00eda la verdad hist\u00f3rica, a la vez que proporciona un relato claro, conciso y fascinante de un episodio clave en la historia de la Iglesia, exponiendo los fracasos y los logros, en gran medida incomprendidos, de este momento cr\u00edtico de la historia de Europa.<br \/>El Concilio de Trento (1545-1563), el intento de la Iglesia Cat\u00f3lica por poner en orden su casa como respuesta a la Reforma protestante, ha sido, durante mucho tiempo, alabado y criticado por cosas que no hizo. Ahora, en esta completa historia en un solo volumen \u2013la primera de los tiempos modernos\u2013, John W. O\u2019Malley hace revivir las delicadas cuestiones que empujaron una y otra vez al borde del desastre a varios emperadores del Sacro Imperio, a varios reyes y reinas de Francia y a cinco papas \u2013y a toda Europa con ellos\u2013.<br \/>Durante los dieciocho a\u00f1os que dur\u00f3 el concilio, la guerra y la amenaza de guerra entre los principales actores, as\u00ed como el ataque de los turcos otomanos contra la cristiandad, lo convirtieron en una empresa peligrosa. Los papas, que reinaban como monarcas italianos al tiempo que ejerc\u00edan su ministerio pastoral, hicieron todo lo que estaba en su poder \u2013y su poder era considerable\u2013 para mantener la reforma papal fuera del alcance del concilio. O\u2019Malley muestra c\u00f3mo el concilio llev\u00f3 adelante su pol\u00e9mica agenda paralela de reforma de la Iglesia, afirmando al mismo tiempo la doctrina cat\u00f3lica.<br \/>\u00abMi intenci\u00f3n es sencilla: ofrecer una introducci\u00f3n al concilio de Trento que est\u00e9 al alcance de todos los p\u00fablicos y que preste cierta ayuda a los historiadores y te\u00f3logos profesionales. En \u00e9l espero desactivar algunos de los muchos mitos y malentendidos que existen acerca del concilio. Describo el contexto en que se celebr\u00f3, los problemas que abord\u00f3 y las soluciones que propuso. Ofrezco un marco que permite comprenderlo como un acontecimiento \u00fanico, aunque extraordinariamente complejo\u00bb (Tomado de la Introducci\u00f3n).<\/p>\n","protected":false},"excerpt":{"rendered":"<p>O\u00b4MALLEY, S.J., JOHN W.<\/p>\n","protected":false},"featured_media":340367,"template":"","meta":{"_acf_changed":false,"om_disable_all_campaigns":false,"rs_blank_template":"","rs_page_bg_color":"","slide_template_v7":"","inline_featured_image":false,"_monsterinsights_skip_tracking":false,"_monsterinsights_sitenote_active":false,"_monsterinsights_sitenote_note":"","_monsterinsights_sitenote_category":0},"product_brand":[],"product_cat":[90,540],"product_tag":[],"class_list":{"0":"post-246763","1":"product","2":"type-product","3":"status-publish","4":"has-post-thumbnail","6":"product_cat-altres","7":"product_cat-otros","9":"first","10":"instock","11":"taxable","12":"shipping-taxable","13":"purchasable","14":"product-type-simple"},"acf":{"autor":"O\u00b4MALLEY, S.J., JOHN W.","codart":"842932494","libros-coleccion":"","ediciones":"1","encuadernacion":"Carpeta","fecha_de_publicacion":"01\/10\/2015","novedad":"0","paginas":"327","subtitulo":"\u00bfQUE PASO EN EL CONCILIO?","orden":"999","portada":"0","idioma":"spa","editorial":[{"ID":6351,"post_author":"3","post_date":"2022-07-28 17:50:19","post_date_gmt":"2022-07-28 15:50:19","post_content":"","post_title":"Sal Terrae","post_excerpt":"","post_status":"publish","comment_status":"closed","ping_status":"closed","post_password":"","post_name":"sal-terrae","to_ping":"","pinged":"","post_modified":"2022-07-28 17:50:19","post_modified_gmt":"2022-07-28 15:50:19","post_content_filtered":"","post_parent":0,"guid":"http:\/\/dev.claret.cat\/editorial\/sal-terrae\/","menu_order":0,"post_type":"editorial","post_mime_type":"","comment_count":"0","filter":"raw"}],"autores-libros":[{"ID":159709,"post_author":"3","post_date":"2022-10-14 15:47:05","post_date_gmt":"2022-10-14 13:47:05","post_content":"","post_title":"JOHN W. O\u00b4MALLEY, S.J.","post_excerpt":"","post_status":"publish","comment_status":"closed","ping_status":"closed","post_password":"","post_name":"john-w-omalley-s-j","to_ping":"","pinged":"","post_modified":"2022-10-14 15:47:05","post_modified_gmt":"2022-10-14 13:47:05","post_content_filtered":"","post_parent":0,"guid":"http:\/\/dev.claret.cat\/autor\/john-w-omalley-s-j\/","menu_order":0,"post_type":"autor","post_mime_type":"","comment_count":"0","filter":"raw"}]},"aioseo_notices":[],"_links":{"self":[{"href":"https:\/\/www.claret.cat\/es\/wp-json\/wp\/v2\/product\/246763","targetHints":{"allow":["GET"]}}],"collection":[{"href":"https:\/\/www.claret.cat\/es\/wp-json\/wp\/v2\/product"}],"about":[{"href":"https:\/\/www.claret.cat\/es\/wp-json\/wp\/v2\/types\/product"}],"wp:featuredmedia":[{"embeddable":true,"href":"https:\/\/www.claret.cat\/es\/wp-json\/wp\/v2\/media\/340367"}],"wp:attachment":[{"href":"https:\/\/www.claret.cat\/es\/wp-json\/wp\/v2\/media?parent=246763"}],"wp:term":[{"taxonomy":"product_brand","embeddable":true,"href":"https:\/\/www.claret.cat\/es\/wp-json\/wp\/v2\/product_brand?post=246763"},{"taxonomy":"product_cat","embeddable":true,"href":"https:\/\/www.claret.cat\/es\/wp-json\/wp\/v2\/product_cat?post=246763"},{"taxonomy":"product_tag","embeddable":true,"href":"https:\/\/www.claret.cat\/es\/wp-json\/wp\/v2\/product_tag?post=246763"}],"curies":[{"name":"wp","href":"https:\/\/api.w.org\/{rel}","templated":true}]}}