{"id":246769,"date":"2022-10-21T02:39:10","date_gmt":"2022-10-21T00:39:10","guid":{"rendered":"http:\/\/dev.claret.cat\/producte\/por-una-iglesia-en-salida-con-el-papa-francisco\/"},"modified":"2024-05-24T08:16:06","modified_gmt":"2024-05-24T06:16:06","slug":"por-una-iglesia-en-salida-con-el-papa-francisco-9788429324969","status":"publish","type":"product","link":"https:\/\/www.claret.cat\/es\/libro\/por-una-iglesia-en-salida-con-el-papa-francisco-9788429324969\/","title":{"rendered":"POR UNA IGLESIA EN SALIDA CON EL PAPA FRANCISCO"},"content":{"rendered":"<p>La presente obra pretende contribuir a la recepci\u00f3n y realizaci\u00f3n de ese documento pontificio en la Iglesia cat\u00f3lica. El libro concluye con una lista de doce pasos de una espiritualidad misionera: doce recomendaciones pr\u00e1cticas para ser los misioneros de la alegr\u00eda evangelizadora que el mundo de hoy necesita.<\/p>\n","protected":false},"excerpt":{"rendered":"<p>AUGUSTIN, GEORGE<\/p>\n","protected":false},"featured_media":340371,"template":"","meta":{"_acf_changed":false,"om_disable_all_campaigns":false,"rs_blank_template":"","rs_page_bg_color":"","slide_template_v7":"","inline_featured_image":false,"_monsterinsights_skip_tracking":false,"_monsterinsights_sitenote_active":false,"_monsterinsights_sitenote_note":"","_monsterinsights_sitenote_category":0},"product_brand":[],"product_cat":[90,540],"product_tag":[],"class_list":{"0":"post-246769","1":"product","2":"type-product","3":"status-publish","4":"has-post-thumbnail","6":"product_cat-altres","7":"product_cat-otros","9":"first","10":"instock","11":"taxable","12":"shipping-taxable","13":"purchasable","14":"product-type-simple"},"acf":{"autor":"AUGUSTIN, GEORGE","codart":"842932496","libros-coleccion":"","ediciones":"1","encuadernacion":"Carpeta","fecha_de_publicacion":"01\/10\/2015","novedad":"0","paginas":"183","subtitulo":"","orden":"999","portada":"0","idioma":"spa","editorial":[{"ID":6351,"post_author":"3","post_date":"2022-07-28 17:50:19","post_date_gmt":"2022-07-28 15:50:19","post_content":"","post_title":"Sal Terrae","post_excerpt":"","post_status":"publish","comment_status":"closed","ping_status":"closed","post_password":"","post_name":"sal-terrae","to_ping":"","pinged":"","post_modified":"2022-07-28 17:50:19","post_modified_gmt":"2022-07-28 15:50:19","post_content_filtered":"","post_parent":0,"guid":"http:\/\/dev.claret.cat\/editorial\/sal-terrae\/","menu_order":0,"post_type":"editorial","post_mime_type":"","comment_count":"0","filter":"raw"}],"autores-libros":[{"ID":156724,"post_author":"3","post_date":"2022-10-14 15:23:07","post_date_gmt":"2022-10-14 13:23:07","post_content":"","post_title":"GEORGE AUGUSTIN","post_excerpt":"","post_status":"publish","comment_status":"closed","ping_status":"closed","post_password":"","post_name":"george-augustin","to_ping":"","pinged":"","post_modified":"2022-10-14 15:23:07","post_modified_gmt":"2022-10-14 13:23:07","post_content_filtered":"","post_parent":0,"guid":"http:\/\/dev.claret.cat\/autor\/george-augustin\/","menu_order":0,"post_type":"autor","post_mime_type":"","comment_count":"0","filter":"raw"}]},"aioseo_notices":[],"_links":{"self":[{"href":"https:\/\/www.claret.cat\/es\/wp-json\/wp\/v2\/product\/246769","targetHints":{"allow":["GET"]}}],"collection":[{"href":"https:\/\/www.claret.cat\/es\/wp-json\/wp\/v2\/product"}],"about":[{"href":"https:\/\/www.claret.cat\/es\/wp-json\/wp\/v2\/types\/product"}],"wp:featuredmedia":[{"embeddable":true,"href":"https:\/\/www.claret.cat\/es\/wp-json\/wp\/v2\/media\/340371"}],"wp:attachment":[{"href":"https:\/\/www.claret.cat\/es\/wp-json\/wp\/v2\/media?parent=246769"}],"wp:term":[{"taxonomy":"product_brand","embeddable":true,"href":"https:\/\/www.claret.cat\/es\/wp-json\/wp\/v2\/product_brand?post=246769"},{"taxonomy":"product_cat","embeddable":true,"href":"https:\/\/www.claret.cat\/es\/wp-json\/wp\/v2\/product_cat?post=246769"},{"taxonomy":"product_tag","embeddable":true,"href":"https:\/\/www.claret.cat\/es\/wp-json\/wp\/v2\/product_tag?post=246769"}],"curies":[{"name":"wp","href":"https:\/\/api.w.org\/{rel}","templated":true}]}}