{"id":246778,"date":"2022-10-21T02:39:22","date_gmt":"2022-10-21T00:39:22","guid":{"rendered":"http:\/\/dev.claret.cat\/producte\/lunivers-a-la-ma\/"},"modified":"2025-01-31T19:04:30","modified_gmt":"2025-01-31T18:04:30","slug":"lunivers-a-la-ma-9788424653415","status":"publish","type":"product","link":"https:\/\/www.claret.cat\/es\/libro\/lunivers-a-la-ma-9788424653415\/","title":{"rendered":"L&#8217;UNIVERS A LA M\u00c0"},"content":{"rendered":"<p>Quan l&#8221;Eva puja a les golfes on treballa l&#8221;avi Leonardo, no el troba per enlloc. L&#8221;avi \u00e9s un inventor molt intel\u00b7ligent i sempre explica coses de ci\u00e8ncia a la seva n\u00e9ta. Potser aquest cop ha fet un experiment perill\u00f3s. Potser aquesta mena de nau espacial amb la porta oberta hi t\u00e9 a veure. L&#8221;Eva decideix entrar a la c\u00e0psula sense saber que comen\u00e7ar\u00e0 l&#8221;aventura m\u00e9s important de la seva vida: rescatar l&#8221;avi mentre apr\u00e8n coses incre\u00efbles del lloc on vivim: l&#8221;Univers.&lt;br&gt;&lt;br&gt;Acompanya l&#8221;Eva en un viatge per la ci\u00e8ncia i la hist\u00f2ria fins a l&#8221;origen mateix del cosmos.&lt;br&gt;&lt;br&gt;<\/p>\n","protected":false},"excerpt":{"rendered":"<p>FERN\u00c1NDEZ-VIDAL, SONIA<\/p>\n","protected":false},"featured_media":246779,"template":"","meta":{"_acf_changed":false,"om_disable_all_campaigns":false,"rs_blank_template":"","rs_page_bg_color":"","slide_template_v7":"","inline_featured_image":false,"_monsterinsights_skip_tracking":false,"_monsterinsights_sitenote_active":false,"_monsterinsights_sitenote_note":"","_monsterinsights_sitenote_category":0},"product_brand":[],"product_cat":[131,361],"product_tag":[],"class_list":{"0":"post-246778","1":"product","2":"type-product","3":"status-publish","4":"has-post-thumbnail","6":"product_cat-contes-per-infants-0-6-anys","7":"product_cat-cuentos-para-ninos-0-6-anos","9":"first","10":"instock","11":"taxable","12":"shipping-taxable","13":"purchasable","14":"product-type-simple"},"acf":{"autor":"FERN\u00c1NDEZ-VIDAL, SONIA","codart":"842465341","libros-coleccion":"","ediciones":"1","encuadernacion":"Carton\u00e9","fecha_de_publicacion":"01\/10\/2015","novedad":"0","paginas":"95","subtitulo":"","orden":"999","portada":"0","idioma":"cat","editorial":[{"ID":148189,"post_author":"3","post_date":"2022-10-14 11:56:19","post_date_gmt":"2022-10-14 09:56:19","post_content":"","post_title":"GALERA, EDITORIAL","post_excerpt":"","post_status":"publish","comment_status":"closed","ping_status":"closed","post_password":"","post_name":"galera-editorial","to_ping":"","pinged":"","post_modified":"2022-10-14 11:56:19","post_modified_gmt":"2022-10-14 09:56:19","post_content_filtered":"","post_parent":0,"guid":"http:\/\/dev.claret.cat\/editorial\/galera-editorial\/","menu_order":0,"post_type":"editorial","post_mime_type":"","comment_count":"0","filter":"raw"}],"autores-libros":[{"ID":169664,"post_author":"3","post_date":"2022-10-14 22:29:02","post_date_gmt":"2022-10-14 20:29:02","post_content":"","post_title":"SONIA FERN\u00c1NDEZ-VIDAL","post_excerpt":"","post_status":"publish","comment_status":"closed","ping_status":"closed","post_password":"","post_name":"sonia-fernandez-vidal","to_ping":"","pinged":"","post_modified":"2022-10-14 22:29:02","post_modified_gmt":"2022-10-14 20:29:02","post_content_filtered":"","post_parent":0,"guid":"http:\/\/dev.claret.cat\/autor\/sonia-fernandez-vidal\/","menu_order":0,"post_type":"autor","post_mime_type":"","comment_count":"0","filter":"raw"}]},"aioseo_notices":[],"_links":{"self":[{"href":"https:\/\/www.claret.cat\/es\/wp-json\/wp\/v2\/product\/246778","targetHints":{"allow":["GET"]}}],"collection":[{"href":"https:\/\/www.claret.cat\/es\/wp-json\/wp\/v2\/product"}],"about":[{"href":"https:\/\/www.claret.cat\/es\/wp-json\/wp\/v2\/types\/product"}],"wp:featuredmedia":[{"embeddable":true,"href":"https:\/\/www.claret.cat\/es\/wp-json\/wp\/v2\/media\/246779"}],"wp:attachment":[{"href":"https:\/\/www.claret.cat\/es\/wp-json\/wp\/v2\/media?parent=246778"}],"wp:term":[{"taxonomy":"product_brand","embeddable":true,"href":"https:\/\/www.claret.cat\/es\/wp-json\/wp\/v2\/product_brand?post=246778"},{"taxonomy":"product_cat","embeddable":true,"href":"https:\/\/www.claret.cat\/es\/wp-json\/wp\/v2\/product_cat?post=246778"},{"taxonomy":"product_tag","embeddable":true,"href":"https:\/\/www.claret.cat\/es\/wp-json\/wp\/v2\/product_tag?post=246778"}],"curies":[{"name":"wp","href":"https:\/\/api.w.org\/{rel}","templated":true}]}}