{"id":24678,"date":"2022-10-02T10:20:12","date_gmt":"2022-10-02T08:20:12","guid":{"rendered":"http:\/\/dev.claret.cat\/producte\/superlio-sobre-ruedas-el-mundo-de-clodett-4\/"},"modified":"2023-01-28T15:02:07","modified_gmt":"2023-01-28T14:02:07","slug":"superlio-sobre-ruedas-el-mundo-de-clodett-4-9788417922788","status":"publish","type":"product","link":"https:\/\/www.claret.cat\/es\/libro\/superlio-sobre-ruedas-el-mundo-de-clodett-4-9788417922788\/","title":{"rendered":"SUPERL\u00cdO SOBRE RUEDAS (EL MUNDO DE CLODETT 4)"},"content":{"rendered":"<p>\u00a1HOLA, CLODETTAMIS! HA LLEGADO EL MOMENTO de ayudar a mi familia en su nueva PASTELER\u00cdA PERRUNA. Pero hay un PEQUE\u00d1O PROBLEMA: sus pasteles son PARA PERROS y tengo que repartirlas a domicilio&#8230; \u00a1montada en PATINES! \u00bfLograr\u00e9 mantener el equilibrio para que los CUPCAKES lleguen a su destino sin ning\u00fan lamet\u00f3n? Lo hab\u00e9is adivinado: \u00a1SUPERL\u00cdO A LA VISTA! \u00a1BIENVENIDOS A MI UNIVERSO!<\/p>\n","protected":false},"excerpt":{"rendered":"<p>CLODETT,<\/p>\n","protected":false},"featured_media":66598,"template":"","meta":{"_acf_changed":false,"om_disable_all_campaigns":false,"rs_blank_template":"","rs_page_bg_color":"","slide_template_v7":"","inline_featured_image":false,"_monsterinsights_skip_tracking":false,"_monsterinsights_sitenote_active":false,"_monsterinsights_sitenote_note":"","_monsterinsights_sitenote_category":0},"product_brand":[],"product_cat":[132],"product_tag":[],"class_list":{"0":"post-24678","1":"product","2":"type-product","3":"status-publish","4":"has-post-thumbnail","6":"product_cat-lectures-per-preadolescents-6-12-anys","8":"first","9":"instock","10":"taxable","11":"shipping-taxable","12":"purchasable","13":"product-type-simple"},"acf":{"autor":"CLODETT,","codart":"841792278","libros-coleccion":"El mundo de Clodett","ediciones":"1","encuadernacion":"Carton\u00e9","fecha_de_publicacion":"01\/02\/2020","novedad":"1","paginas":"192387","subtitulo":"","orden":"0","portada":"0","idioma":"spa","editorial":[{"ID":6310,"post_author":"3","post_date":"2022-07-28 17:49:26","post_date_gmt":"2022-07-28 15:49:26","post_content":"","post_title":"MONTENA","post_excerpt":"","post_status":"publish","comment_status":"closed","ping_status":"closed","post_password":"","post_name":"montena","to_ping":"","pinged":"","post_modified":"2022-07-28 17:49:26","post_modified_gmt":"2022-07-28 15:49:26","post_content_filtered":"","post_parent":0,"guid":"http:\/\/dev.claret.cat\/editorial\/montena\/","menu_order":0,"post_type":"editorial","post_mime_type":"","comment_count":"0","filter":"raw"}],"autores-libros":[{"ID":153139,"post_author":"3","post_date":"2022-10-14 14:54:23","post_date_gmt":"2022-10-14 12:54:23","post_content":"","post_title":"CLODETT","post_excerpt":"","post_status":"publish","comment_status":"closed","ping_status":"closed","post_password":"","post_name":"clodett","to_ping":"","pinged":"","post_modified":"2022-10-14 14:54:23","post_modified_gmt":"2022-10-14 12:54:23","post_content_filtered":"","post_parent":0,"guid":"http:\/\/dev.claret.cat\/autor\/clodett\/","menu_order":0,"post_type":"autor","post_mime_type":"","comment_count":"0","filter":"raw"}]},"aioseo_notices":[],"_links":{"self":[{"href":"https:\/\/www.claret.cat\/es\/wp-json\/wp\/v2\/product\/24678","targetHints":{"allow":["GET"]}}],"collection":[{"href":"https:\/\/www.claret.cat\/es\/wp-json\/wp\/v2\/product"}],"about":[{"href":"https:\/\/www.claret.cat\/es\/wp-json\/wp\/v2\/types\/product"}],"wp:featuredmedia":[{"embeddable":true,"href":"https:\/\/www.claret.cat\/es\/wp-json\/wp\/v2\/media\/66598"}],"wp:attachment":[{"href":"https:\/\/www.claret.cat\/es\/wp-json\/wp\/v2\/media?parent=24678"}],"wp:term":[{"taxonomy":"product_brand","embeddable":true,"href":"https:\/\/www.claret.cat\/es\/wp-json\/wp\/v2\/product_brand?post=24678"},{"taxonomy":"product_cat","embeddable":true,"href":"https:\/\/www.claret.cat\/es\/wp-json\/wp\/v2\/product_cat?post=24678"},{"taxonomy":"product_tag","embeddable":true,"href":"https:\/\/www.claret.cat\/es\/wp-json\/wp\/v2\/product_tag?post=24678"}],"curies":[{"name":"wp","href":"https:\/\/api.w.org\/{rel}","templated":true}]}}