{"id":246829,"date":"2022-10-21T02:40:37","date_gmt":"2022-10-21T00:40:37","guid":{"rendered":"http:\/\/dev.claret.cat\/producte\/cavalls-magics\/"},"modified":"2025-01-31T20:34:43","modified_gmt":"2025-01-31T19:34:43","slug":"cavalls-magics-9788424656300","status":"publish","type":"product","link":"https:\/\/www.claret.cat\/es\/libro\/cavalls-magics-9788424656300\/","title":{"rendered":"CAVALLS M\u00c0GICS"},"content":{"rendered":"<p>Un malet\u00ed de la Lili Chantilly molt especial&#8230; Aquest cop la jove dissenyadora s&#8221;allunya del m\u00f3n de la moda per ensenyar com dibuixar cavalls m\u00e0gics!&lt;BR&gt;Descobreix el m\u00f3n i les hist\u00f2ries de cavalls llegendaris com Peg\u00e0s o els unicorns, apr\u00e8n dels trucs de dibuix i completa les p\u00e0gines de siluetes utilitzant els estampats i els adhesius. &lt;BR&gt;&lt;BR&gt;Aquest malet\u00ed cont\u00e9 40 siluetes, 195 adhesius, 9 patrons, 24 estampats i milers de consells.<\/p>\n","protected":false},"excerpt":{"rendered":"<p>CHANTILLY , LILI<\/p>\n","protected":false},"featured_media":246830,"template":"","meta":{"_acf_changed":false,"om_disable_all_campaigns":false,"rs_blank_template":"","rs_page_bg_color":"","slide_template_v7":"","inline_featured_image":false,"_monsterinsights_skip_tracking":false,"_monsterinsights_sitenote_active":false,"_monsterinsights_sitenote_note":"","_monsterinsights_sitenote_category":0},"product_brand":[],"product_cat":[131,361],"product_tag":[],"class_list":{"0":"post-246829","1":"product","2":"type-product","3":"status-publish","4":"has-post-thumbnail","6":"product_cat-contes-per-infants-0-6-anys","7":"product_cat-cuentos-para-ninos-0-6-anos","9":"first","10":"instock","11":"taxable","12":"shipping-taxable","13":"purchasable","14":"product-type-simple"},"acf":{"autor":"CHANTILLY , LILI","codart":"842465630","libros-coleccion":"","ediciones":"1","encuadernacion":"R\u00fastica","fecha_de_publicacion":"01\/10\/2015","novedad":"0","paginas":"50","subtitulo":"LILI CHANTILLY","orden":"999","portada":"0","idioma":"cat","editorial":[{"ID":148361,"post_author":"3","post_date":"2022-10-14 11:57:38","post_date_gmt":"2022-10-14 09:57:38","post_content":"","post_title":"LA GALERA, S.A. EDITORIAL","post_excerpt":"","post_status":"publish","comment_status":"closed","ping_status":"closed","post_password":"","post_name":"la-galera-s-a-editorial","to_ping":"","pinged":"","post_modified":"2022-10-14 11:57:38","post_modified_gmt":"2022-10-14 09:57:38","post_content_filtered":"","post_parent":0,"guid":"http:\/\/dev.claret.cat\/editorial\/la-galera-s-a-editorial\/","menu_order":0,"post_type":"editorial","post_mime_type":"","comment_count":"0","filter":"raw"}],"autores-libros":[{"ID":305415,"post_author":"3","post_date":"2022-12-16 05:40:07","post_date_gmt":"2022-12-16 04:40:07","post_content":"","post_title":"LILI CHANTILLY","post_excerpt":"","post_status":"publish","comment_status":"closed","ping_status":"closed","post_password":"","post_name":"lili-chantilly","to_ping":"","pinged":"","post_modified":"2022-12-16 05:40:07","post_modified_gmt":"2022-12-16 04:40:07","post_content_filtered":"","post_parent":0,"guid":"http:\/\/dev.claret.cat\/autor\/lili-chantilly\/","menu_order":0,"post_type":"autor","post_mime_type":"","comment_count":"0","filter":"raw"}]},"aioseo_notices":[],"_links":{"self":[{"href":"https:\/\/www.claret.cat\/es\/wp-json\/wp\/v2\/product\/246829","targetHints":{"allow":["GET"]}}],"collection":[{"href":"https:\/\/www.claret.cat\/es\/wp-json\/wp\/v2\/product"}],"about":[{"href":"https:\/\/www.claret.cat\/es\/wp-json\/wp\/v2\/types\/product"}],"wp:featuredmedia":[{"embeddable":true,"href":"https:\/\/www.claret.cat\/es\/wp-json\/wp\/v2\/media\/246830"}],"wp:attachment":[{"href":"https:\/\/www.claret.cat\/es\/wp-json\/wp\/v2\/media?parent=246829"}],"wp:term":[{"taxonomy":"product_brand","embeddable":true,"href":"https:\/\/www.claret.cat\/es\/wp-json\/wp\/v2\/product_brand?post=246829"},{"taxonomy":"product_cat","embeddable":true,"href":"https:\/\/www.claret.cat\/es\/wp-json\/wp\/v2\/product_cat?post=246829"},{"taxonomy":"product_tag","embeddable":true,"href":"https:\/\/www.claret.cat\/es\/wp-json\/wp\/v2\/product_tag?post=246829"}],"curies":[{"name":"wp","href":"https:\/\/api.w.org\/{rel}","templated":true}]}}